{"id":148900,"date":"2018-02-12T16:02:01","date_gmt":"2018-02-12T22:02:01","guid":{"rendered":"https:\/\/centralhealth.sbdev.io\/?page_id=148900"},"modified":"2020-03-19T12:35:06","modified_gmt":"2020-03-19T17:35:06","slug":"class-of-2018","status":"publish","type":"page","link":"https:\/\/www.centralhealth.net\/es\/get-involved\/community-health-champions\/class-of-2018\/","title":{"rendered":"Clase de 2018"},"content":{"rendered":"<p>Haseeb Abdullah - Es un honor para m\u00ed haber sido elegido Campe\u00f3n Comunitario de la Salud. Espero aprender y contribuir a lo que nosotros, como individuos, podemos hacer para que nuestra comunidad sea m\u00e1s sana.<\/p>\n<p>Christiana Adesanmi - Soy estudiante de enfermer\u00eda del Centro de Ciencias de la Salud de la Universidad A&amp;M de Texas. Me apasiona la salud, la m\u00fasica y el aprendizaje continuo. Me entusiasma estar rodeada de un grupo diverso de personas comprometidas con la mejora de la salud en nuestras comunidades. \u00a1Vamos a mejorar vidas!<\/p>\n<p>Holly Ainsworth - Soy estudiante de enfermer\u00eda en la Universidad de Texas en Austin, y planeo estudiar con \u00e9nfasis en salud mental. Me apasiona dar a los miembros de la comunidad igualdad de oportunidades en cuanto al acceso a la atenci\u00f3n sanitaria. Estoy emocionada de usar esta experiencia hacia mi futura carrera de salud, y ayudar a liderar la pr\u00f3xima generaci\u00f3n de cuidado de la salud.  [<\/p>\n<p>Nitakuwa Barrett - Soy la Directora del Programa de Convocatoria de Ideas del Center for Place-Based Initiatives. Mis experiencias trabajando como enfermera y con la comunidad me han expuesto a muchas de las disparidades de salud que existen en el centro de Texas, y han profundizado mi compromiso con la salud p\u00fablica. Me entusiasma aprender, compartir conocimientos y colaborar con los Campeones Comunitarios de la Salud.<\/p>\n<p>Carol Blanchard - Como terapeuta de yoga, l\u00edder comunitaria y adulta mayor saludable, me apasiona que todas las personas tengan acceso a entornos saludables, servicios m\u00e9dicos, alimentos frescos y aire limpio. Me gusta el paddleboarding, el senderismo, el yoga, el qigong y el voluntariado en muchas actividades de Austin.<\/p>\n<p>Eda Baykal-Caglar - Trabajo para CommUnityCare Health Centers como Directora de Educaci\u00f3n e Investigaci\u00f3n. Nac\u00ed y crec\u00ed en Turqu\u00eda, y me traslad\u00e9 a Estados Unidos para cursar estudios de posgrado. Esta es una oportunidad emocionante y estoy deseando aprender m\u00e1s sobre las necesidades sanitarias y c\u00f3mo puedo ayudar m\u00e1s al bienestar de los habitantes de Austin.<\/p>\n<p>Barbara Brooks-Shirley - He estado en la Junta Directiva de CommUnityCare durante 8 a\u00f1os. Creo en la visi\u00f3n y la misi\u00f3n. Soy una Ministra que ha sido salvada para servir.<\/p>\n<p>Cassandra Caravello - Soy la directora del programa IT'S TIME TEXAS Living Healthier, una l\u00ednea telef\u00f3nica gratuita y confidencial de asesoramiento sobre salud. Me apasionan la salud p\u00fablica y la justicia social. Mi formaci\u00f3n se centra en la mejora de la calidad cl\u00ednica, la capacitaci\u00f3n de los j\u00f3venes y la salud de los inmigrantes.<\/p>\n<p>Bobbie Jo Cardenas - Durante los \u00faltimos cuatro a\u00f1os, he trabajado como trabajadora social m\u00e9dica tanto en pacientes hospitalizados como ambulatorios. Mi pasi\u00f3n es servir a las familias y las personas que tienen capacidades diferentes, ayud\u00e1ndoles a conectarse a las l\u00edneas de vida de apoyo a trav\u00e9s de la educaci\u00f3n, la promoci\u00f3n y el empoderamiento. Mi experiencia personal como madre con dos hijos con necesidades sanitarias especiales aumenta mi pasi\u00f3n por aprender m\u00e1s. Creo que todos tenemos la capacidad de aportar bondad al mundo, a veces s\u00f3lo necesitamos ayuda para aprender a compartirla. Me entusiasma saber m\u00e1s sobre c\u00f3mo colaborar con la comunidad y c\u00f3mo podemos beneficiarnos todos de nuestros sistemas sanitarios locales.<\/p>\n<p>Angelia Carey - Soy chef y educadora nutricional y estoy deseando compartir lo que aprenda en el programa con mis clientes actuales y con la comunidad en general. Creo que los alimentos y la cocina son los pilares m\u00e1s importantes de un estilo de vida saludable.<\/p>\n<p>Kate Carnevale - Me apasionan los temas relacionados con la prevenci\u00f3n y la concienciaci\u00f3n sobre los accidentes cerebrovasculares. Como miembro del programa Central Health Champions estoy emocionada de estar m\u00e1s comprometida y consciente de los problemas de salud en nuestra comunidad. Usted puede apostar que voy a estar ansioso por ayudar a impactar el cambio en el \u00e1mbito de la salud del Condado de Travis.<\/p>\n<p>Lizzy Carol - Me apasiona ayudar a las poblaciones desfavorecidas a conectarse con los recursos sanitarios, especialmente en lo que respecta a las disparidades en la atenci\u00f3n sanitaria de las personas LGBTQ+. Quiero impulsar el cambio a nivel pol\u00edtico. Estoy deseando conocer a gente con intereses similares y aprender a aunar fuerzas para conseguir el mayor cambio posible en nuestra ciudad.<\/p>\n<p>Reshmi Chowdury - Soy investigadora social y de salud p\u00fablica, y tambi\u00e9n me interesa la participaci\u00f3n comunitaria. Me apasionan la justicia social y los problemas de disparidad sanitaria. Tambi\u00e9n me apasionan la m\u00fasica, el arte y los libros. Me entusiasma el programa, porque me ayudar\u00e1 a conocer en detalle los problemas de salud p\u00fablica del centro de Texas y me ayudar\u00e1 a conocer a las partes interesadas.<\/p>\n<p>Janiece Crenwelge - Crec\u00ed en el centro de Texas y vivo en Austin desde hace diez a\u00f1os. Durante ese tiempo, he trabajado para y alrededor de la Legislatura de Texas, primero como miembro del personal legislativo y ahora como consultora de asuntos gubernamentales. Estoy emocionada de unirme a Community Health Champions para aprender sobre el panorama de atenci\u00f3n m\u00e9dica del Condado de Travis y c\u00f3mo puedo apoyar el trabajo de Central Health y sus socios. Me gusta hornear, coleccionar recetas y viajar cuando tengo tiempo.<\/p>\n<p>Jose Diaz - Trabajo para Project Access Austin\/Travis County Medical Society y proveemos servicios m\u00e9dicos a residentes de bajos ingresos sin seguro m\u00e9dico del Condado de Travis. Me gusta viajar y explorar nuevos lugares, pa\u00edses y personas. Me gusta ver y jugar todo tipo de deportes. Sobre todo me apasiona ayudar a la gente en todo lo que pueda. Estoy entusiasmado con este programa debido a la oportunidad de conocer a personas con ideas afines y la oportunidad de construir nuevas relaciones y ayudarnos unos a otros.<\/p>\n<p>Leslie Diaz - He conseguido un trabajo que me encanta: trabajar con familias muy vinculadas a la inmigraci\u00f3n. Los inmigrantes son personas que mueven y hacen cosas, y merecen sentarse a la mesa m\u00e1s de lo que se les da. Estoy deseando conocer a gente igual de apasionada por este tema y a quienes quieran saber m\u00e1s.<\/p>\n<p>Hailey Easley - Soy la Directora Ejecutiva en funciones del Centro de Recursos Asi\u00e1tico Americano (AARC). Me apasiona comprender y resolver las disparidades en salud y bienestar basadas en identidades sociales como la raza, la etnia y la clase socioecon\u00f3mica. Estoy muy contenta de formar parte del programa Central Health Champion por la oportunidad de conectar con otras personas decididas a mejorar el bienestar de nuestra comunidad.<\/p>\n<p>Eric Elliot - \u00a1Como Gerente de Proyectos de Community Care Collaborative, tengo la oportunidad de trabajar en una amplia gama de proyectos que apoyan a la poblaci\u00f3n de seguridad! El programa de Campeones de Salud de la Comunidad proporciona una oportunidad para conectar con otros que est\u00e1n comprometidos a servir al Condado de Travis. Fuera del trabajo, generalmente se me puede encontrar haci\u00e9ndole caras tontas y ruidos a mi hija de un a\u00f1o.<\/p>\n<p>Bianca Enriquez - Gerente de Iniciativas de Salud, supervisar todos los programas de salud en las Comunidades de la Fundaci\u00f3n. Mi pasi\u00f3n es ayudar a los dem\u00e1s. Emocionada por aprender algo nuevo y aportar ideas a la comunidad.<\/p>\n<p>Ricardo Garay - Nac\u00ed en Tegucigalpa, Honduras. Me apasiona involucrar a las comunidades para aprender m\u00e1s sobre el mundo en el que vivo. Siento curiosidad y humildad constantes en el proceso de aprendizaje, especialmente cuando se trata de la humanidad. Trabajo como gerente de programa dentro de la Divisi\u00f3n de Salud de la Poblaci\u00f3n en la Escuela de Medicina Dell para comprometerme con las comunidades con las que vivo en el centro de Texas.  [<\/p>\n<p>Sa\u00fal Gonz\u00e1lez - Nac\u00ed y crec\u00ed en El Paso antes de trasladarme a Austin en 1982. Estuve inmerso en la lucha contra el SIDA\/VIH en el contexto de las comunidades de personas LGBT de color y actualmente formo parte del consejo de administraci\u00f3n de Planned Parenthood of Greater Texas. Me encanta el yoga, la jardiner\u00eda y la pol\u00edtica.<\/p>\n<p>Denise Gutierrez - Soy Denise. Soy una yogui apasionada. Ense\u00f1o yoga para adultos y ni\u00f1os. Mis pasiones son mi familia, el yoga y la salud. Como profesora de yoga, estoy entusiasmada con este programa para conocer a otros que tambi\u00e9n son apasionados de la salud y aprender m\u00e1s sobre qu\u00e9 y c\u00f3mo puedo incorporar una pieza de bienestar y resiliencia en las pr\u00e1cticas de yoga de mis estudiantes.<\/p>\n<p>Lauren Hadley - Actualmente trabajo como Directora de Servicios Constituyentes para la Rep. Donna Howard. Pas\u00e9 mi \u00faltimo a\u00f1o en UT trabajando en un proyecto de investigaci\u00f3n relacionado con la salud de la mujer en Texas y desde entonces me ha apasionado el acceso a la atenci\u00f3n m\u00e9dica. \u00a1Estoy emocionada de aprender un poco m\u00e1s sobre los servicios disponibles en el centro de Texas!  [<\/p>\n<p>Lea Isgur - Estoy jubilada de trabajar en las oficinas presupuestarias del estado de Texas. Mi trabajo se centraba en los programas federales y estatales de trabajo y de salud y servicios humanos, incluido Medicaid. Ahora soy voluntaria anualmente para ayudar a las personas a inscribirse en un seguro de salud en el Mercado establecido en virtud de la Ley de Asistencia Asequible. Espero que este programa me ofrezca una perspectiva m\u00e1s amplia de la atenci\u00f3n sanitaria y los problemas de la zona de Austin, donde vivo desde hace m\u00e1s de 30 a\u00f1os.<\/p>\n<p>Kendall Jackson - Kendall trabaja en el equipo de Participaci\u00f3n Comunitaria de Capital Metro. Le apasiona hacer que el acceso al entorno urbano sea m\u00e1s accesible y equitativo. Ella est\u00e1 emocionada de proporcionar una voz orientada al tr\u00e1nsito al programa de Campeones de Salud de la Comunidad, y est\u00e1 a\u00fan m\u00e1s emocionada de aprender acerca de otras perspectivas de los expertos en su cohorte. Kendall es una \u00e1vida ciclista, conocedora del caf\u00e9 y se desplaza en bicicleta o autob\u00fas la mayor\u00eda de los d\u00edas de la semana. Es originaria de Portland, Oreg\u00f3n, pero el clima de Austin le sienta mucho mejor.<\/p>\n<p>Remington Johnson - Trabajo como facilitador y educador comunitario en el Kindred Hospice. Anteriormente, cre\u00e9 y dirig\u00ed el programa de capellanes y cuidados paliativos del Hospital del Coraz\u00f3n. Me apasiona desarrollar mejores y m\u00e1s amplias oportunidades para que los pacientes y sus familias est\u00e9n m\u00e1s informados y sean mejores agentes en su cuidado.  [<\/p>\n<p>Bella Kirchner - Como Directora de Gesti\u00f3n de Salud de la Poblaci\u00f3n en una gran cl\u00ednica multiespecialidad, trabajo con proveedores, personal de apoyo cl\u00ednico, analistas de datos y miembros del equipo de TI de salud para mejorar la calidad de la atenci\u00f3n y garantizar que nuestros pacientes reciban los ex\u00e1menes y servicios m\u00e9dicos que necesitan. Habiendo trabajado anteriormente para CommUnityCare y El Buen Samaritano, me apasiona asegurar que todos los que necesitan servicios m\u00e9dicos y de salud mental tengan acceso a ellos. Me entusiasma tener esta oportunidad de trabajar con otros campeones de la salud comunitaria para aprender, generar ideas y ayudar a mejorar la atenci\u00f3n m\u00e9dica en el centro de Texas.<\/p>\n<p>Rodrigo Leal - Rodrigo Leal es Analista de Investigaci\u00f3n en la Oficina de Sostenibilidad de la Ciudad de Austin. Rodrigo es un apasionado de la soluci\u00f3n de los problemas del cambio clim\u00e1tico y su objetivo es construir una carrera ayudando a las ciudades y las grandes organizaciones a abordar la salud p\u00fablica, el desarrollo r\u00e1pido y la equidad social. Est\u00e1 ansioso por desarrollar una comprensi\u00f3n m\u00e1s profunda de los retos sanitarios a los que se enfrenta la comunidad de Austin y le entusiasma formar parte de esta cohorte diversa de miembros dedicados de la comunidad.<\/p>\n<p>Liz Link - Soy una comunicadora de salud y profesora de yoga en formaci\u00f3n interesada en desarrollar materiales o programas que aumenten los conocimientos sobre salud entre las poblaciones de edad avanzada y las minor\u00edas. Estoy encantada de haber sido seleccionada para este programa porque creo que se podr\u00edan evitar muchos problemas de salud simplemente ayudando a los dem\u00e1s a estar m\u00e1s informados.<\/p>\n<p>Carmen Luevanos - El acceso a una atenci\u00f3n sanitaria y dental asequible afecta a nuestra calidad de vida tanto como a nuestro sueldo. Esa creencia me llev\u00f3 a votar a favor de la creaci\u00f3n de un distrito sanitario en Austin, hace a\u00f1os. Estoy muy contento de ver el progreso de Central Health desde la aprobaci\u00f3n de los votantes. Estoy deseando saber m\u00e1s sobre Central Health, sus servicios y sus clientes.<\/p>\n<p>Tonna Marcyes - Estoy emocionada de ser miembro del Programa de Campeones de Salud Comunitaria 2018 basado en mi experiencia en administraci\u00f3n y sistemas de atenci\u00f3n m\u00e9dica. Soy nativa de Austin y jubilada de una exitosa carrera en el estado de Texas. Tengo un amplio conocimiento y habilidad en los sistemas de salud de la red de seguridad que me ha permitido la oportunidad de ayudar en la prestaci\u00f3n de atenci\u00f3n m\u00e9dica a diversas poblaciones en Texas.<\/p>\n<p>Michelle Mejia - Me llamo Michelle Mejia y llevo en Austin unos 10 a\u00f1os. Ser un trasplante de la frontera realmente ha dado forma a lo que soy en esta ciudad y c\u00f3mo me comprometo con la comunidad. Actualmente soy la directora de comunicaciones en Mama Sana Vibrant Woman, haciendo una variedad de cosas de \"comunicaci\u00f3n\". Tengo dos hijos. Soy documentalista y a trav\u00e9s del trabajo o la participaci\u00f3n en la comunidad realmente quiero trabajar para hacer de este un lugar mejor.<\/p>\n<p>Elizabeth Miller - Me apasiona ayudar a ni\u00f1os y familias a alcanzar sus objetivos personales de salud. En mi puesto actual, no s\u00f3lo me acerco cada d\u00eda m\u00e1s a este objetivo, sino que tambi\u00e9n eval\u00fao los programas utilizados para ayudar a las comunidades a alcanzar estos objetivos y proporciono pruebas de mejoras estad\u00edsticamente significativas en comunidades desatendidas. Lo que m\u00e1s me entusiasma es la invitaci\u00f3n a formar parte de una cohorte que comparte mis intereses y objetivos comunes y a aprender unos de otros a trav\u00e9s de este programa.<\/p>\n<p>Wolfgang Niedert - Trabajo en el \u00e1mbito del capital riesgo, sobre todo en la perturbaci\u00f3n de los sectores inmobiliario y bancario. Mis pasiones giran principalmente en torno a mi hija de 2 a\u00f1os y a legarle un Texas m\u00e1s sano y educado. Me entusiasma este programa porque nuestra Dell Medical School y la hospitalidad docente de Seton tienen una oportunidad \u00fanica en el siglo de transformar la atenci\u00f3n sanitaria en un modelo proactivo, basado en los resultados y centrado en el paciente. Necesitan la participaci\u00f3n de la comunidad para lograrlo.<\/p>\n<p>Sarita Null - Paso mis d\u00edas como asesora financiera preparando a los empleados del sector p\u00fablico para la jubilaci\u00f3n. Mi coraz\u00f3n sigue estando en las iniciativas de salud y bienestar de la comunidad, con experiencia espec\u00edfica en asesoramiento sobre salud mental, cuidados paliativos, gesti\u00f3n del estr\u00e9s postraum\u00e1tico y defensa de los m\u00e1s desfavorecidos.<\/p>\n<p>Natalie Peluso - Soy supervisora de programas de salud en Foundation Communities. Tambi\u00e9n soy una florista independiente especializada en bodas y peque\u00f1os eventos. Cuando no estoy ocupada trabajando o jugando con flores, estoy pasando el rato con mi incre\u00edble marido, Ryan, y nuestro adorable perro, Nina.<\/p>\n<p>Genesis Pena - Mi nombre es Genesis Pena y soy estudiante de MSW a tiempo completo, empleada a tiempo completo en Front Steps- Programa de Cuidados Recuperativos como Administradora de Casos y cuidadora a tiempo parcial, por lo que me mantengo bastante ocupada. Mis pasiones actualmente, incluyen trabajar con los que experimentan la falta de vivienda mejorar su salud conect\u00e1ndolos con los recursos de la comunidad. Me encanta lo que hago y me entusiasma unirme a este programa para seguir aprendiendo y fomentando habilidades que me ayuden a convertirme en un agente de cambio en mi comunidad.<\/p>\n<p>Noelle Peschka - He sido proveedora de atenci\u00f3n m\u00e9dica durante doce a\u00f1os en el Hospital Brackenridge y ahora en el Centro M\u00e9dico Dell Seton. Mi pasi\u00f3n es servir a la poblaci\u00f3n vulnerable y desatendida m\u00e9dicamente. Me entusiasma este programa porque quiero ver c\u00f3mo puedo ayudar a garantizar que todos los residentes del condado de Travis reciban la atenci\u00f3n m\u00e9dica que merecen.<\/p>\n<p>Sirish Prabhu - Soy el fundador de The Policy Matrix, una consultora que asesora a gobiernos, organizaciones sin \u00e1nimo de lucro y empresas. La prestaci\u00f3n y financiaci\u00f3n de la asistencia sanitaria es uno de los problemas m\u00e1s acuciantes a los que nos enfrentamos hoy en d\u00eda y es imperativo que utilicemos nuestro talento para resolver estos retos. Imagino una nueva realidad: una en la que todas las personas reciban la mejor asistencia sanitaria con independencia de su capacidad de pago. Espero aprovechar lo que aprenda del Programa de Campeones de la Salud de la Comunidad y tener un impacto significativo en los resultados sanitarios de Austin.<\/p>\n<p>Beth Reese - He estado involucrada en la prestaci\u00f3n de asistencia sanitaria y los seguros de toda mi carrera y, como tal, disfrutar de ayudar a la gente a navegar por el sistema de salud para maximizar sus beneficios y minimizar su costo. Me apasiona servir y estoy entusiasmada con este programa porque s\u00e9 que me va a ense\u00f1ar a servir mejor en mi comunidad.<\/p>\n<p>Carlos Rodr\u00edguez - He estado involucrado en la prestaci\u00f3n de asistencia sanitaria y los seguros de toda mi carrera y, como tal, disfrutar de ayudar a la gente a navegar por el sistema de salud para maximizar sus beneficios y minimizar su costo. Me apasiona servir y estoy entusiasmado con este programa porque s\u00e9 que me va a ense\u00f1ar a servir mejor en mi comunidad.<\/p>\n<p>Vanessa Rojas - Actualmente soy Analista de Aplicaciones de Salud en People's Community Clinic. Me apasiona colaborar con otros para asegurar que todos los tejanos del centro tengan acceso a una atenci\u00f3n m\u00e9dica asequible y de alta calidad. Estoy muy emocionada de trabajar con este grupo de Campeones de Salud de la Comunidad y encontrar maneras de mejorar nuestro sistema de salud.<\/p>\n<p>Megan Shannon - Trabajo en desarrollo de viviendas y planificaci\u00f3n comunitaria en Momark Development, en el centro de Austin. Me entusiasma aprender c\u00f3mo mejorar la integraci\u00f3n de las pr\u00e1cticas de salud comunitaria en nuestras nuevas comunidades de viviendas. Tambi\u00e9n soy una apasionada consejera voluntaria de inscripci\u00f3n en el programa Insure Central Texas.<\/p>\n<p>Brenda Strama - Llevo m\u00e1s de 30 a\u00f1os ejerciendo como abogada especializada en atenci\u00f3n sanitaria y soy una apasionada de la atenci\u00f3n sanitaria temprana e integral de los ni\u00f1os. Tambi\u00e9n me interesan mucho las iniciativas de gesti\u00f3n de la salud de la poblaci\u00f3n y espero que DellMed y Central Health colaboren en iniciativas de salud de la poblaci\u00f3n.<\/p>\n<p>Marian Trattner - Marian Trattner es Especialista en Intervenci\u00f3n de Transe\u00fantes de la Universidad de Texas en Austin. Sus pasiones incluyen viajar, pasar tiempo con su familia y amigos, la filantrop\u00eda y correr. Est\u00e1 entusiasmada con el programa para conocer a otros defensores de la salud de la comunidad y contribuir m\u00e1s a las conversaciones de la comunidad en relaci\u00f3n con la salud y el bienestar.<\/p>\n<p>Stephanie T. Trevino - Nac\u00ed y crec\u00ed en Austin. Me gradu\u00e9 de la Universidad Cristiana de Texas con una Licenciatura en Ciencias en Salud y Fitness. Soy un t\u00e9cnico certificado de seguridad de pasajeros infantiles y trabajador de la salud de la comunidad. Actualmente formo parte de la junta de Safe Kids Austin y trabajo para Austin Public Health en la Unidad de Igualdad de Salud y Participaci\u00f3n Comunitaria. Mi objetivo al unirme al programa de campeones de salud comunitaria es aprender c\u00f3mo servir mejor a la comunidad, especialmente a nuestras poblaciones m\u00e1s vulnerables en el Condado de Travis.<\/p>\n<p>Darline Turner - Soy una defensora de la salud de la mujer y actualmente trabajo como doula de espectro completo. Me apasiona reducir\/eliminar la mortalidad materna y eliminar la brecha desproporcionada que existe en los resultados de los nacimientos para las mujeres afroamericanas. Como defensora de la salud de la comunidad, espero conocer a otras personas con las que pueda colaborar para mejorar los resultados de los partos y nuestro sistema de atenci\u00f3n a la maternidad.<\/p>\n<p>Pawkhu Way - Soy el navegador sanitario de la comunidad, el puente entre el proveedor y la comunidad. Abogo por el acceso ling\u00fc\u00edstico en nombre de la comunidad birmana. Creo firmemente que me pondr\u00e9 en contacto con muchos organismos nuevos que ayudar\u00e1n al individuo y a la comunidad a ser una comunidad sana.<\/p>\n<p>Eric Weaver - Estoy encantado de formar parte del programa Community Health Champions para poder aprender m\u00e1s sobre la misi\u00f3n de Central Health de atender a nuestros ciudadanos m\u00e1s vulnerables. \u00a1Central Health est\u00e1 trabajando para crear una comunidad modelo de salud que puede ser exhibido para toda la naci\u00f3n! Me apasiona la transformaci\u00f3n que est\u00e1 teniendo lugar en Austin y estoy deseando entablar nuevas relaciones con otras personas del programa que comparten mi entusiasmo por la atenci\u00f3n centrada en el paciente.<\/p>\n<p>Emily Zalkovsky - Actualmente soy consultora senior en una empresa de atenci\u00f3n sanitaria centrada principalmente en Medicaid. Anteriormente trabaj\u00e9 en el programa Medicaid de Texas durante casi 11 a\u00f1os, gestionando pol\u00edticas y programas de salud para mujeres embarazadas de bajos ingresos, ni\u00f1os, adultos mayores y personas con discapacidades. Me apasiona la atenci\u00f3n sanitaria asequible y accesible, y me entusiasma aprender m\u00e1s sobre el sistema sanitario local.<\/p>\n<p>&nbsp;<\/p>","protected":false},"excerpt":{"rendered":"<p>Haseeb Abdullah\u00a0 &#8211; I am honored to be selected as a Community Health Champion. I hope to learn and contribute on what we as individuals can do to make our [&hellip;]<\/p>\n","protected":false},"author":17,"featured_media":0,"parent":6260,"menu_order":14,"comment_status":"closed","ping_status":"closed","template":"","meta":{"_acf_changed":false,"_genesis_hide_title":false,"_genesis_hide_breadcrumbs":false,"_genesis_hide_singular_image":false,"_genesis_hide_footer_widgets":false,"_genesis_custom_body_class":"","_genesis_custom_post_class":"","_genesis_layout":"","footnotes":""},"class_list":["post-148900","page","type-page","status-publish","entry","has-post-thumbnail"],"acf":[],"_links":{"self":[{"href":"https:\/\/www.centralhealth.net\/es\/wp-json\/wp\/v2\/pages\/148900","targetHints":{"allow":["GET"]}}],"collection":[{"href":"https:\/\/www.centralhealth.net\/es\/wp-json\/wp\/v2\/pages"}],"about":[{"href":"https:\/\/www.centralhealth.net\/es\/wp-json\/wp\/v2\/types\/page"}],"author":[{"embeddable":true,"href":"https:\/\/www.centralhealth.net\/es\/wp-json\/wp\/v2\/users\/17"}],"replies":[{"embeddable":true,"href":"https:\/\/www.centralhealth.net\/es\/wp-json\/wp\/v2\/comments?post=148900"}],"version-history":[{"count":0,"href":"https:\/\/www.centralhealth.net\/es\/wp-json\/wp\/v2\/pages\/148900\/revisions"}],"up":[{"embeddable":true,"href":"https:\/\/www.centralhealth.net\/es\/wp-json\/wp\/v2\/pages\/6260"}],"wp:attachment":[{"href":"https:\/\/www.centralhealth.net\/es\/wp-json\/wp\/v2\/media?parent=148900"}],"curies":[{"name":"wp","href":"https:\/\/api.w.org\/{rel}","templated":true}]}}