{"id":149240,"date":"2018-03-07T13:58:36","date_gmt":"2018-03-07T19:58:36","guid":{"rendered":"https:\/\/centralhealth.sbdev.io\/etc\/community-engagement\/"},"modified":"2025-05-21T15:59:42","modified_gmt":"2025-05-21T20:59:42","slug":"community-engagement","status":"publish","type":"page","link":"https:\/\/www.centralhealth.net\/es\/about-central-health\/central-health-strategic-plan\/community-engagement\/","title":{"rendered":"Participaci\u00f3n comunitaria"},"content":{"rendered":"<h3>Encuesta cualitativa<\/h3>\n<p>A principios de 2017, Central Health se asoci\u00f3 con el Condado de Travis y el Distrito Escolar Independiente Del Valle para llevar a cabo una encuesta, la evaluaci\u00f3n de las necesidades de atenci\u00f3n de salud de la comunidad. Entre el 4 de abril y el 1 de junio de 2017, unos 870 estudiantes y padres de todo el distrito, que abarca desde Creedmoor hasta Hornsby Bend, aportaron sus comentarios.<\/p>\n<p><a class=\"button\" href=\"https:\/\/centralhealth-local.sbdev.io\/wp-content\/uploads\/2018\/03\/2017-Eastern-Travis-County-Community-Needs-Survey.pdf\" target=\"_blank\" rel=\"noopener noreferrer\">Ver los resultados de la encuesta<\/a><\/p>\n<h3>Visita guiada y reuni\u00f3n comunitaria<\/h3>\n<p>En junio de 2017, el Consejo de Administraci\u00f3n de Central Health particip\u00f3 en una gira en la que visit\u00f3 las siguientes zonas del este del condado de Travis:<\/p>\n<ul>\n<li>Cl\u00ednica sin cita previa de CommUnityCare en William Cannon<\/li>\n<li>Integral Care Dove Springs Care Facility<\/li>\n<li>Escuela de Enfermer\u00eda de la UT Centro de Bienestar Infantil<\/li>\n<li>Escuela Primaria Creedmoor<\/li>\n<\/ul>\n<p>La gira concluy\u00f3 con una reuni\u00f3n comunitaria en la cafeter\u00eda del Centro de Oportunidades del Distrito Escolar Independiente Del Valle. All\u00ed, Central Health mantuvo una conversaci\u00f3n facilitada sobre las necesidades de los residentes del este del condado de Travis.<\/p>\n<h3>Grupos de discusi\u00f3n<\/h3>\n<p>En octubre de 2017, Central Health llev\u00f3 a cabo tres grupos focales en relaci\u00f3n con el acceso a la atenci\u00f3n m\u00e9dica en el este del condado de Travis y posibles ubicaciones para futuras soluciones de atenci\u00f3n m\u00e9dica, espec\u00edficamente en las \u00e1reas dentro del Distrito Escolar Independiente Del Valle: Hornsby Bend, Austin's Colony, Del Valle, Elroy, Garfield y Creedmoor. Entre los asistentes se encontraban residentes, posibles pacientes, representantes del Distrito Escolar Independiente Del Valle y defensores de la comunidad.<\/p>\n<p><a class=\"button\" href=\"https:\/\/centralhealth-local.sbdev.io\/wp-content\/uploads\/2018\/03\/Del-Valle-Focus-Groups-Report-High-level-summary-FINAL.pdf\" target=\"_blank\" rel=\"noopener noreferrer\">Ver el informe<\/a><\/p>\n<h3>Conversaciones comunitarias<\/h3>\n<p>En 2018, Central Health lanz\u00f3 una serie de di\u00e1logos comunitarios -bajo la marca \"Conversaciones comunitarias\"- para informar y obtener comentarios de los miembros de la comunidad.<\/p>\n<p><span class=\"s1\">El lunes 14 de mayo de 2018, Central Health organiz\u00f3 una Conversaci\u00f3n Comunitaria centrada en la expansi\u00f3n de los servicios de atenci\u00f3n m\u00e9dica en el este del Condado de Travis. Cuarenta y tres personas asistieron.\u00a0<\/span><span class=\"s1\">El programa incluy\u00f3 una revisi\u00f3n de nuestro reciente informe demogr\u00e1fico por JP Eichmiller, y una visi\u00f3n general de todos los proyectos del Este del Condado de Travis por Larry Wallace. Tras las presentaciones, organizamos una mesa redonda, que incluy\u00f3 preguntas del p\u00fablico, en la que participaron Larry Wallace y los siguientes socios:<\/span><\/p>\n<ol class=\"ol1\">\n<li class=\"li1\"><span class=\"s1\">Sherri Fleming - Ejecutiva del Condado, Servicios Humanos y de Salud del Condado de Travis<\/span><\/li>\n<li class=\"li1\"><span class=\"s1\">Jaeson Fournier - Director General, CommUnityCare Health Centers<\/span><\/li>\n<li class=\"li1\"><span class=\"s1\">Hugh Simmons - Director de Gesti\u00f3n de Pr\u00e1cticas, Integral Care<\/span><\/li>\n<li class=\"li1\"><span class=\"s1\">Stephanie Hayden - Directora, Salud P\u00fablica de Austin<\/span><\/li>\n<li class=\"li1\"><span class=\"s1\">Dra. Stephanie Morgan - Profesora de Enfermer\u00eda Cl\u00ednica, Escuela de Enfermer\u00eda de la UT<\/span><\/li>\n<li class=\"li1\"><span class=\"s1\">Michelle Meaux - Directora de Coordinaci\u00f3n Regional, Capital Metro<\/span><\/li>\n<\/ol>\n<p>&nbsp;<\/p>\n<p><a class=\"button\" href=\"https:\/\/centralhealth-local.sbdev.io\/wp-content\/uploads\/2018\/05\/ETC_CommunityConversation_May14_TB_ID.pdf\" target=\"_blank\" rel=\"noopener noreferrer\">Descargar la presentaci\u00f3n<\/a><\/p>\n<h3>Comit\u00e9s consultivos<\/h3>\n<p>Para garantizar que la comunidad tenga un lugar en la mesa cuando se trata de planificar la expansi\u00f3n de los servicios de salud en sus vecindarios, Central Health form\u00f3 comit\u00e9s asesores a principios de 2018. Los miembros representan a socios comunitarios, defensores, asociaciones vecinales, distritos escolares, organizaciones religiosas y funcionarios electos. Vea los miembros de cada comit\u00e9 asesor a continuaci\u00f3n.<\/p>\n<p><a class=\"button\" href=\"https:\/\/centralhealth-local.sbdev.io\/wp-content\/uploads\/2018\/05\/2018.4.25Central_Health_Advisory_Committee_Charter_2018_ID.pdf\" target=\"_blank\" rel=\"noopener noreferrer\">Revisar la Carta del Comit\u00e9 Consultivo<\/a><\/p>\n<h3>Comit\u00e9 Asesor para la Ampliaci\u00f3n de los Servicios Sanitarios del Sureste del Condado de Travis<\/h3>\n<ul>\n<li>Jefe Ken Bailey, Servicios de Emergencia del Condado de Travis Distrito 11<\/li>\n<li>Sr. Matt Balthazar, CommUnityCare Health Centers<\/li>\n<li>Sra. Kynthia Brooks, Defensora de la Comunidad<\/li>\n<li>Sra. Darilynn Cardona-Beiler, Integral Care<\/li>\n<li>Sra. Melissa Cepeda, Central Health<\/li>\n<li>Sra. Paula Di Nello, Biblioteca Comunitaria de Elroy<\/li>\n<li>Sr. Charles Diggs, Junta Directiva del Distrito Escolar Independiente de Del Valle<\/li>\n<li>Sr. Allen Doss, Defensor de la Comunidad<\/li>\n<li>Sr. Jim Elman, Defensor de la Comunidad<\/li>\n<li>Sra. Janet Elman, Defensora de la Comunidad<\/li>\n<li>Sra. Sherri Fleming, Servicios Humanos y de Salud del Condado de Travis<\/li>\n<li>Sr. Thomas Fritzinger, Asociaci\u00f3n de Propietarios de Austin's Colony<\/li>\n<li>Sra. Molly Garcia, Distrito Escolar Independiente Del Valle<\/li>\n<li>Comisaria Margaret Gomez, Condado de Travis, Distrito 4<\/li>\n<li>Sra. Isela Guerra, Central Health<\/li>\n<li>Sra. Dawn Handley, Integral Care<\/li>\n<li>Sra. Ann Hueberger, Junta Directiva del Distrito Escolar Independiente de Del Valle<\/li>\n<li>Sra. Sherry Mansell, Defensora de la Comunidad<\/li>\n<li>Sra. Michelle Meaux, CapMetro<\/li>\n<li>Alguacil George Morales, Condado de Travis, Precinto 4<\/li>\n<li>Dra. Stephanie Morgan, Escuela de Enfermer\u00eda de la UT<\/li>\n<li>Sra. Rose Ortiz, Distrito Escolar Independiente Del Valle<\/li>\n<li>Sra. Jean Phipps, Biblioteca Garfield<\/li>\n<li>Sra. Eva Rodr\u00edguez, Distrito Escolar Independiente Del Valle<\/li>\n<li>Sra. Monica Saavedra, CommUnityCare Health Centers<\/li>\n<li>Sr. Hugh Simmons, Integral Care<\/li>\n<li>Sr. Jerry Staton, Defensor de la Comunidad<\/li>\n<li>Sra. Alice Vallejo, Defensora de la Comunidad<\/li>\n<li>Sr. Larry Wallace, Central Health<\/li>\n<\/ul>\n<p>&nbsp;<\/p>\n<h3>Comit\u00e9 consultivo de Austin's Colony y Hornsby Bend<\/h3>\n<ul>\n<li>Jefe David Bailey, Servicios de Emergencia del Condado de Travis Distrito 11 (Bomberos)<\/li>\n<li>Sr. Matt Balthazar, CommUnityCare Health Centers<\/li>\n<li>Sra. Rebecca Birch, Distrito Escolar Independiente Del Valle<\/li>\n<li>Sra. Caitlin Brown, Tribunal de Comisionados del Condado de Travis<\/li>\n<li>Sra. Kristen Bruton, CommUnityCare Health Centers<\/li>\n<li>Sr. Rod Castilleja, Residente<\/li>\n<li>Sra. Esmeralda Castillo, Distrito Escolar Independiente Del Valle<\/li>\n<li>Sra. Lorena Cruz Residente<\/li>\n<li>Sra. Sherri Fleming Servicios Humanos y de Salud y Servicios para Veteranos del Condado de Travis<\/li>\n<li>Sr. Richard Franklin, Residente<\/li>\n<li>Sr. Larry Gant, Coalici\u00f3n Comunitaria por la Salud<\/li>\n<li>Sra. Connie Gonzales, Residente<\/li>\n<li>Sra. Alejandra Gonz\u00e1lez, UT Austin - Michael and Susan Dell Center for Healthy Living<\/li>\n<li>Sra. Elvia Guardian, Distrito Escolar Independiente Del Valle<\/li>\n<li>Sra. Yanet Guzman, Residente<\/li>\n<li>Sra. StephanieHayden, Salud P\u00fablica de Austin<\/li>\n<li>Sra. Amanda Hern\u00e1ndez, KIPP Austin Public Schools<\/li>\n<li>Sra. Angela Herron, Residente<\/li>\n<li>Sr. Shannon Jones, Central Health<\/li>\n<li>Sra. Michelle Meaux, Capital Metro<\/li>\n<li>Sra. Danniela M\u00e9ndez, Escuela Primaria DVISD-Hornsby-Dunlap<\/li>\n<li>Dr. Charles Moody, Coalici\u00f3n Comunitaria por la Salud<\/li>\n<li>Sra. Melia O'Dell, Asociaci\u00f3n de Propietarios de Austin's Colony<\/li>\n<li>Sra. Mario Palacios, DVISD-Dailey Middle School<\/li>\n<li>Sra. Joanna Saucedo, Residente<\/li>\n<li>Sr. Del Stinson, Coalici\u00f3n Comunitaria por la Salud<\/li>\n<li>Sr. Joe Stinson, Coalici\u00f3n Comunitaria por la Salud<\/li>\n<li>Sra. Mia Talley, Coalici\u00f3n Comunitaria por la Salud<\/li>\n<li>Sra. Patricia Taylor, DVISD-Dailey Middle School<\/li>\n<li>Sra. Iset Tenorio, Residente<\/li>\n<li>Comisario Jeff Travillion, Condado de Travis, Distrito 1<\/li>\n<li>Sra. Stephanie Trevino, Salud P\u00fablica de Austin<\/li>\n<li>Sra. Cynthia Vankuren, Residente<\/li>\n<li>Sr. Angel Zambrano, Salud P\u00fablica de Austin<\/li>\n<\/ul>\n<p>&nbsp;<\/p>\n<h3>Comit\u00e9 Asesor del Centro de Salud y Bienestar del Noreste<\/h3>\n<ul>\n<li>Sra. Courtney Bailey, Facultad de Medicina Dell, Universidad de Texas en Austin<\/li>\n<li>Sr. Matt Balthazar, CommUnityCare Health Centers<\/li>\n<li>Sr. Martin Barrera, Ciudad de Austin, Departamento de Desarrollo Econ\u00f3mico<\/li>\n<li>Sr. Yassiel Caballero, KIPP Austin<\/li>\n<li>Sra. Darilynn Cardona-Beiler, Integral Care<\/li>\n<li>Sra. Melissa Cepeda, Central Health<\/li>\n<li>Sra. Courtney Colvin, Distrito Escolar Independiente de Austin, Primaria Overton<\/li>\n<li>Sra. Margarita Decierdo, Colony Park\/Lakeside Community Development Corporation<\/li>\n<li>Sra. Tabitha Donald, Salud P\u00fablica de la Ciudad de Austin<\/li>\n<li>Sra. Sherri Fleming, Servicios Humanos y de Salud del Condado de Travis<\/li>\n<li>Sra. Beverly D. Gonz\u00e1lez, Distrito Escolar Independiente de Manor, Escuela Primaria Decker<\/li>\n<li>Sr. Sammy Hall, Loma Vista Mobile Park<\/li>\n<li>Sra. Dawn Handley, Integral Care<\/li>\n<li>Sra. Stephanie Hayden, Salud P\u00fablica de la Ciudad de Austin<\/li>\n<li>Sra. Cinnamon Henley, East Communities YMCA<\/li>\n<li>Concejal Ora Houston, Ciudad de Austin Distrito 1<\/li>\n<li>Sra. Erin Knox, Asociaci\u00f3n de Vecinos Agave<\/li>\n<li>Sra. Rebecca Lott, Distrito Escolar Independiente de Manor<\/li>\n<li>Sra. Christa McCarthy, Austin Parks &amp; Recreation Centers<\/li>\n<li>Sra. Michelle Meaux, Capital Metro<\/li>\n<li>Dr. Charles Moody, Coalici\u00f3n Comunitaria por la Salud<\/li>\n<li>Sra. Tonya Nixon, Alguacil del Condado de Travis Precinto Uno<\/li>\n<li>Sr. DeVon Odem, Austin Parks &amp; Recreation Center - Turner Roberts Recreation Center<\/li>\n<li>Sra. Liliana Ordo\u00f1ez, Central Health<\/li>\n<li>Sra. Ariana Ram\u00edrez, Distrito Escolar Independiente de Manor, Escuela Primaria Meadows<\/li>\n<li>Sr. Chris Rios, CommUnityCare Health Centers<\/li>\n<li>Sra. Monica Saavedra, CommUnityCare Health Centers<\/li>\n<li>Sr. Hugh Simmons, Integral Care<\/li>\n<li>Sra. Barbara Scott, Asociaci\u00f3n de Vecinos de Colony Park<\/li>\n<li>Sra. Tracy Spinner, Distrito Escolar Independiente de Austin<\/li>\n<li>Sra. Mia Talley, Coalici\u00f3n Comunitaria por la Salud<\/li>\n<li>Sra. Lynda Townsend, Distrito Escolar Independiente de Manor<\/li>\n<li>Sra. Scheleen Walker, Departamento de Transporte y Recursos Naturales del Condado de Travis<\/li>\n<li>Sr. Larry Wallace, Central Health<\/li>\n<li>Sr. Ike Williams, Asociaci\u00f3n de Vecinos de LBJ<\/li>\n<li>Sra. Sophia Williams, Ciudad de Austin<\/li>\n<li>Sra. Pat Wilson, Defensora de la Comunidad<\/li>\n<\/ul>\n<p>&nbsp;<\/p>","protected":false},"excerpt":{"rendered":"<p>Qualitative Survey In early 2017, Central Health partnered with Travis County and Del Valle Independent School District to conduct a survey, assessing the health care needs of the community. About [&hellip;]<\/p>\n","protected":false},"author":8,"featured_media":0,"parent":166119,"menu_order":14,"comment_status":"closed","ping_status":"closed","template":"","meta":{"_acf_changed":false,"_genesis_hide_title":false,"_genesis_hide_breadcrumbs":false,"_genesis_hide_singular_image":false,"_genesis_hide_footer_widgets":false,"_genesis_custom_body_class":"","_genesis_custom_post_class":"","_genesis_layout":"","footnotes":""},"class_list":["post-149240","page","type-page","status-publish","entry"],"acf":[],"_links":{"self":[{"href":"https:\/\/www.centralhealth.net\/es\/wp-json\/wp\/v2\/pages\/149240","targetHints":{"allow":["GET"]}}],"collection":[{"href":"https:\/\/www.centralhealth.net\/es\/wp-json\/wp\/v2\/pages"}],"about":[{"href":"https:\/\/www.centralhealth.net\/es\/wp-json\/wp\/v2\/types\/page"}],"author":[{"embeddable":true,"href":"https:\/\/www.centralhealth.net\/es\/wp-json\/wp\/v2\/users\/8"}],"replies":[{"embeddable":true,"href":"https:\/\/www.centralhealth.net\/es\/wp-json\/wp\/v2\/comments?post=149240"}],"version-history":[{"count":2,"href":"https:\/\/www.centralhealth.net\/es\/wp-json\/wp\/v2\/pages\/149240\/revisions"}],"predecessor-version":[{"id":197616,"href":"https:\/\/www.centralhealth.net\/es\/wp-json\/wp\/v2\/pages\/149240\/revisions\/197616"}],"up":[{"embeddable":true,"href":"https:\/\/www.centralhealth.net\/es\/wp-json\/wp\/v2\/pages\/166119"}],"wp:attachment":[{"href":"https:\/\/www.centralhealth.net\/es\/wp-json\/wp\/v2\/media?parent=149240"}],"curies":[{"name":"wp","href":"https:\/\/api.w.org\/{rel}","templated":true}]}}