{"id":149275,"date":"2018-03-12T09:25:23","date_gmt":"2018-03-12T14:25:23","guid":{"rendered":"https:\/\/centralhealth.sbdev.io\/?page_id=149275"},"modified":"2024-02-02T14:35:58","modified_gmt":"2024-02-02T20:35:58","slug":"message-board","status":"publish","type":"page","link":"https:\/\/www.centralhealth.net\/es\/about-central-health\/board-of-managers\/message-board\/","title":{"rendered":"Tabl\u00f3n de anuncios del Consejo de Administraci\u00f3n"},"content":{"rendered":"<div id=\"af-wrapper\"><div id=\"forum-header\"><div id=\"forum-navigation-mobile\"><a><span class=\"fas fa-bars\"><\/span>Men\u00fa<\/a><\/div><span class=\"screen-reader-text\">Navegaci\u00f3n por el foro<\/span><div id=\"forum-navigation\"><a class=\"home-link\" href=\"https:\/\/www.centralhealth.net\/es\/about-central-health\/board-of-managers\/message-board\" target=\"_self\">Foro<\/a><a class=\"activity-link\" href=\"https:\/\/www.centralhealth.net\/es\/about-central-health\/board-of-managers\/message-board\/activity\/\" target=\"_self\">Actividad<\/a><a class=\"login-link\" href=\"https:\/\/www.centralhealth.net\/wp-login.php?redirect_to=https%3A%2F%2Fwww.centralhealth.net%2Fes%2Fwp-json%2Fwp%2Fv2%2Fpages%2F149275\" target=\"_self\">Inicio de sesi\u00f3n<\/a><a class=\"register-link\" href=\"https:\/\/www.centralhealth.net\/wp-login.php?action=register\" target=\"_self\">Reg\u00edstrese en<\/a><\/div><div id=\"forum-search\"><span class=\"search-icon fas fa-search\"><\/span><form method=\"get\" action=\"https:\/\/www.centralhealth.net\/es\/about-central-health\/board-of-managers\/message-board\/search\/\" data-trp-original-action=\"https:\/\/www.centralhealth.net\/es\/about-central-health\/board-of-managers\/message-board\/search\/\"><input name=\"keywords\" type=\"search\" placeholder=\"Buscar ...\" value=\"\"><input type=\"hidden\" name=\"trp-form-language\" value=\"es\"\/><\/form><\/div><div class=\"clear\"><\/div><\/div><div id=\"forum-breadcrumbs\" itemscope itemtype=\"http:\/\/schema.org\/BreadcrumbList\"><span class=\"screen-reader-text\">Migas de pan del foro - You are here:<\/span><span class=\"breadcrumb-icon fas fa-home\"><\/span><span itemprop=\"itemListElement\" itemscope itemtype=\"https:\/\/schema.org\/ListItem\"><a itemprop=\"item\" href=\"https:\/\/www.centralhealth.net\/es\/about-central-health\/board-of-managers\/message-board\" title=\"Foro\"><span itemprop=\"name\">Foro<\/span><\/a><meta itemprop=\"position\" content=\"1\"><\/span><span class=\"breadcrumb-icon fas fa-chevron-right separator\"><\/span><\/div><h1 class=\"main-title main-title-\">Foro<\/h1><div class=\"title-element\" id=\"forum-category-114\">Consejo de Administraci\u00f3n<span class=\"last-post-headline\">\u00daltima entrada<\/span><\/div><div class=\"content-container\"><div class=\"content-element forum\" id=\"forum-11\"><div class=\"forum-status unread\"><i class=\"fas fa-comments\"><\/i><\/div><div class=\"forum-name\"><a class=\"forum-title\" href=\"https:\/\/www.centralhealth.net\/es\/about-central-health\/board-of-managers\/message-board\/forum\/board-discussion\/\">Debate en el Consejo<\/a><small class=\"forum-description\">Debate no relacionado con un punto espec\u00edfico del orden del d\u00eda de la reuni\u00f3n<\/small><small class=\"forum-stats\">15 temas \u00b7 20 publicaciones<\/small><small class=\"forum-lastpost-small\">\u00daltima entrada:&nbsp;<a href=\"https:\/\/www.centralhealth.net\/es\/about-central-health\/board-of-managers\/message-board\/topic\/nominations-for-officers-of-the-board-on-behalf-of-eliza-may-ad-hoc-nominations-committee-chair\/#postid-104\">Nominaciones para los cargos directivos de la Junta Directiva...<\/a>&nbsp;-&nbsp;<a href=\"https:\/\/www.centralhealth.net\/es\/about-central-health\/board-of-managers\/message-board\/topic\/nominations-for-officers-of-the-board-on-behalf-of-eliza-may-ad-hoc-nominations-committee-chair\/#postid-104\">4 meses ago<\/a>&nbsp;-&nbsp;<a class=\"profile-link highlight-admin\" href=\"#\">Dan Rosino, Especialista en servicios web<\/a><\/small><\/div><div class=\"forum-poster\"><div class=\"forum-poster-avatar\"><img alt='' src='https:\/\/secure.gravatar.com\/avatar\/2fe543910094a00534cd6ac3f342c22ddea6426fef5bda937ee72e589d712832?s=40&#038;d=mm&#038;r=g' srcset='https:\/\/secure.gravatar.com\/avatar\/2fe543910094a00534cd6ac3f342c22ddea6426fef5bda937ee72e589d712832?s=80&#038;d=mm&#038;r=g 2x' class='avatar avatar-40 photo' height='40' width='40' \/><\/div><div class=\"forum-poster-summary\"><a href=\"https:\/\/www.centralhealth.net\/es\/about-central-health\/board-of-managers\/message-board\/topic\/nominations-for-officers-of-the-board-on-behalf-of-eliza-may-ad-hoc-nominations-committee-chair\/#postid-104\">Nominaciones para cargos directivos...<\/a><br><small><a href=\"https:\/\/www.centralhealth.net\/es\/about-central-health\/board-of-managers\/message-board\/topic\/nominations-for-officers-of-the-board-on-behalf-of-eliza-may-ad-hoc-nominations-committee-chair\/#postid-104\">4 meses ago<\/a><span>&nbsp;-&nbsp;<\/span><a class=\"profile-link highlight-admin\" href=\"#\">Dan Rosino, Especialista en servicios web<\/a><\/small><\/div><\/div><\/div><div class=\"content-element forum\" id=\"forum-13\"><div class=\"forum-status unread\"><i class=\"fas fa-comments\"><\/i><\/div><div class=\"forum-name\"><a class=\"forum-title\" href=\"https:\/\/www.centralhealth.net\/es\/about-central-health\/board-of-managers\/message-board\/forum\/fy-2024-budget\/\">Presupuesto 2024<\/a><small class=\"forum-stats\">3 Temas - 3 Mensajes<\/small><small class=\"forum-lastpost-small\">\u00daltima entrada:&nbsp;<a href=\"https:\/\/www.centralhealth.net\/es\/about-central-health\/board-of-managers\/message-board\/topic\/budget-attachments-a-b-aug-30-revision\/#postid-94\">Anexos A y B del presupuesto - 30 de agosto ...<\/a>&nbsp;-&nbsp;<a href=\"https:\/\/www.centralhealth.net\/es\/about-central-health\/board-of-managers\/message-board\/topic\/budget-attachments-a-b-aug-30-revision\/#postid-94\">3 a\u00f1os ago<\/a>&nbsp;-&nbsp;<a class=\"profile-link highlight-admin\" href=\"#\">Mike McKinnon, Director de Contenidos<\/a><\/small><\/div><div class=\"forum-poster\"><div class=\"forum-poster-avatar\"><img alt='' src='https:\/\/secure.gravatar.com\/avatar\/a750b3d9128d2ed4ab01e65bd5c8f3f751dac365f218894c0f9bf81da4476e08?s=40&#038;d=mm&#038;r=g' srcset='https:\/\/secure.gravatar.com\/avatar\/a750b3d9128d2ed4ab01e65bd5c8f3f751dac365f218894c0f9bf81da4476e08?s=80&#038;d=mm&#038;r=g 2x' class='avatar avatar-40 photo' height='40' width='40' \/><\/div><div class=\"forum-poster-summary\"><a href=\"https:\/\/www.centralhealth.net\/es\/about-central-health\/board-of-managers\/message-board\/topic\/budget-attachments-a-b-aug-30-revision\/#postid-94\">Presupuesto Anexos A y B ...<\/a><br><small><a href=\"https:\/\/www.centralhealth.net\/es\/about-central-health\/board-of-managers\/message-board\/topic\/budget-attachments-a-b-aug-30-revision\/#postid-94\">3 a\u00f1os ago<\/a><span>&nbsp;-&nbsp;<\/span><a class=\"profile-link highlight-admin\" href=\"#\">Mike McKinnon, Director de Contenidos<\/a><\/small><\/div><\/div><\/div><div class=\"content-element forum\" id=\"forum-4\"><div class=\"forum-status unread\"><i class=\"fas fa-comments\"><\/i><\/div><div class=\"forum-name\"><a class=\"forum-title\" href=\"https:\/\/www.centralhealth.net\/es\/about-central-health\/board-of-managers\/message-board\/forum\/fy18-board-meeting-packets\/\">Reuniones del Consejo de Administraci\u00f3n<\/a><small class=\"forum-description\">\u00d3rdenes del d\u00eda y documentaci\u00f3n de las reuniones del Consejo de Administraci\u00f3n<\/small><small class=\"forum-stats\">23 Temas - 23 Mensajes<\/small><small class=\"forum-lastpost-small\">\u00daltima entrada:&nbsp;<a href=\"https:\/\/www.centralhealth.net\/es\/about-central-health\/board-of-managers\/message-board\/topic\/follow-up-to-october-27-2021-bom-meeting\/#postid-88\">Seguimiento del 27 de octubre de 2021 ...<\/a>&nbsp;-&nbsp;<a href=\"https:\/\/www.centralhealth.net\/es\/about-central-health\/board-of-managers\/message-board\/topic\/follow-up-to-october-27-2021-bom-meeting\/#postid-88\">hace 4 a\u00f1os<\/a>&nbsp;-&nbsp;<a class=\"profile-link highlight-moderator\" href=\"#\">Briana Yanes, Directora de Gobernanza de la Junta Directiva<\/a><\/small><\/div><div class=\"forum-poster\"><div class=\"forum-poster-avatar\"><img alt='' src='https:\/\/secure.gravatar.com\/avatar\/eee6a4c89b8de011adbefc361f2b477c91e8a687d6846112dd08c6ed78ad7da8?s=40&#038;d=mm&#038;r=g' srcset='https:\/\/secure.gravatar.com\/avatar\/eee6a4c89b8de011adbefc361f2b477c91e8a687d6846112dd08c6ed78ad7da8?s=80&#038;d=mm&#038;r=g 2x' class='avatar avatar-40 photo' height='40' width='40' \/><\/div><div class=\"forum-poster-summary\"><a href=\"https:\/\/www.centralhealth.net\/es\/about-central-health\/board-of-managers\/message-board\/topic\/follow-up-to-october-27-2021-bom-meeting\/#postid-88\">Seguimiento del 27 de octubre ...<\/a><br><small><a href=\"https:\/\/www.centralhealth.net\/es\/about-central-health\/board-of-managers\/message-board\/topic\/follow-up-to-october-27-2021-bom-meeting\/#postid-88\">hace 4 a\u00f1os<\/a><span>&nbsp;-&nbsp;<\/span><a class=\"profile-link highlight-moderator\" href=\"#\">Briana Yanes, Directora de Gobernanza de la Junta Directiva<\/a><\/small><\/div><\/div><\/div><div class=\"content-element forum\" id=\"forum-5\"><div class=\"forum-status unread\"><i class=\"fas fa-comments\"><\/i><\/div><div class=\"forum-name\"><a class=\"forum-title\" href=\"https:\/\/www.centralhealth.net\/es\/about-central-health\/board-of-managers\/message-board\/forum\/fy18-budget-finance-committee-packets-2\/\">Reuniones del Comit\u00e9 de Presupuesto y Finanzas<\/a><small class=\"forum-description\">\u00d3rdenes del d\u00eda y documentaci\u00f3n de las reuniones del Comit\u00e9 de Presupuesto y Finanzas para el ejercicio 2018<\/small><small class=\"forum-stats\">10 Temas - 10 Mensajes<\/small><small class=\"forum-lastpost-small\">\u00daltima entrada:&nbsp;<a href=\"https:\/\/www.centralhealth.net\/es\/about-central-health\/board-of-managers\/message-board\/topic\/december-12-2018\/#postid-50\">12 de diciembre de 2018<\/a>&nbsp;-&nbsp;<a href=\"https:\/\/www.centralhealth.net\/es\/about-central-health\/board-of-managers\/message-board\/topic\/december-12-2018\/#postid-50\">hace 7 a\u00f1os<\/a>&nbsp;- Usuario eliminado<\/small><\/div><div class=\"forum-poster\"><div class=\"forum-poster-avatar\"><img alt='' src='https:\/\/secure.gravatar.com\/avatar\/?s=40&#038;d=mm&#038;r=g' srcset='https:\/\/secure.gravatar.com\/avatar\/?s=80&#038;d=mm&#038;r=g 2x' class='avatar avatar-40 photo avatar-default' height='40' width='40' \/><\/div><div class=\"forum-poster-summary\"><a href=\"https:\/\/www.centralhealth.net\/es\/about-central-health\/board-of-managers\/message-board\/topic\/december-12-2018\/#postid-50\">12 de diciembre de 2018<\/a><br><small><a href=\"https:\/\/www.centralhealth.net\/es\/about-central-health\/board-of-managers\/message-board\/topic\/december-12-2018\/#postid-50\">hace 7 a\u00f1os<\/a><span>&nbsp;-&nbsp;<\/span>Usuario eliminado<\/small><\/div><\/div><\/div><div class=\"content-element forum\" id=\"forum-6\"><div class=\"forum-status unread\"><i class=\"fas fa-comments\"><\/i><\/div><div class=\"forum-name\"><a class=\"forum-title\" href=\"https:\/\/www.centralhealth.net\/es\/about-central-health\/board-of-managers\/message-board\/forum\/strategic-planning-committee\/\">Comit\u00e9 de Planificaci\u00f3n Estrat\u00e9gica<\/a><small class=\"forum-stats\">7 Temas - 9 Mensajes<\/small><small class=\"forum-lastpost-small\">\u00daltima entrada:&nbsp;<a href=\"https:\/\/www.centralhealth.net\/es\/about-central-health\/board-of-managers\/message-board\/topic\/strategic-systems-of-care-planning\/#postid-90\">Planificaci\u00f3n estrat\u00e9gica de los sistemas de asistencia<\/a>&nbsp;-&nbsp;<a href=\"https:\/\/www.centralhealth.net\/es\/about-central-health\/board-of-managers\/message-board\/topic\/strategic-systems-of-care-planning\/#postid-90\">hace 4 a\u00f1os<\/a>&nbsp;-&nbsp;<a class=\"profile-link highlight-admin\" href=\"#\">Mike McKinnon, Director de Contenidos<\/a><\/small><\/div><div class=\"forum-poster\"><div class=\"forum-poster-avatar\"><img alt='' src='https:\/\/secure.gravatar.com\/avatar\/a750b3d9128d2ed4ab01e65bd5c8f3f751dac365f218894c0f9bf81da4476e08?s=40&#038;d=mm&#038;r=g' srcset='https:\/\/secure.gravatar.com\/avatar\/a750b3d9128d2ed4ab01e65bd5c8f3f751dac365f218894c0f9bf81da4476e08?s=80&#038;d=mm&#038;r=g 2x' class='avatar avatar-40 photo' height='40' width='40' \/><\/div><div class=\"forum-poster-summary\"><a href=\"https:\/\/www.centralhealth.net\/es\/about-central-health\/board-of-managers\/message-board\/topic\/strategic-systems-of-care-planning\/#postid-90\">Sistemas estrat\u00e9gicos de atenci\u00f3n ...<\/a><br><small><a href=\"https:\/\/www.centralhealth.net\/es\/about-central-health\/board-of-managers\/message-board\/topic\/strategic-systems-of-care-planning\/#postid-90\">hace 4 a\u00f1os<\/a><span>&nbsp;-&nbsp;<\/span><a class=\"profile-link highlight-admin\" href=\"#\">Mike McKinnon, Director de Contenidos<\/a><\/small><\/div><\/div><\/div><div class=\"content-element forum\" id=\"forum-7\"><div class=\"forum-status unread\"><i class=\"fas fa-comments\"><\/i><\/div><div class=\"forum-name\"><a class=\"forum-title\" href=\"https:\/\/www.centralhealth.net\/es\/about-central-health\/board-of-managers\/message-board\/forum\/quorum-events\/\">Qu\u00f3rum Eventos<\/a><small class=\"forum-stats\">20 Temas - 20 Mensajes<\/small><small class=\"forum-lastpost-small\">\u00daltima entrada:&nbsp;<a href=\"https:\/\/www.centralhealth.net\/es\/about-central-health\/board-of-managers\/message-board\/topic\/planned-parenthood-dinner\/#postid-69\">Cena de Planned Parenthood<\/a>&nbsp;-&nbsp;<a href=\"https:\/\/www.centralhealth.net\/es\/about-central-health\/board-of-managers\/message-board\/topic\/planned-parenthood-dinner\/#postid-69\">hace 7 a\u00f1os<\/a>&nbsp;- Usuario eliminado<\/small><\/div><div class=\"forum-poster\"><div class=\"forum-poster-avatar\"><img alt='' src='https:\/\/secure.gravatar.com\/avatar\/?s=40&#038;d=mm&#038;r=g' srcset='https:\/\/secure.gravatar.com\/avatar\/?s=80&#038;d=mm&#038;r=g 2x' class='avatar avatar-40 photo avatar-default' height='40' width='40' \/><\/div><div class=\"forum-poster-summary\"><a href=\"https:\/\/www.centralhealth.net\/es\/about-central-health\/board-of-managers\/message-board\/topic\/planned-parenthood-dinner\/#postid-69\">Cena de Planned Parenthood<\/a><br><small><a href=\"https:\/\/www.centralhealth.net\/es\/about-central-health\/board-of-managers\/message-board\/topic\/planned-parenthood-dinner\/#postid-69\">hace 7 a\u00f1os<\/a><span>&nbsp;-&nbsp;<\/span>Usuario eliminado<\/small><\/div><\/div><\/div><div class=\"content-element forum\" id=\"forum-8\"><div class=\"forum-status unread\"><i class=\"fas fa-comments\"><\/i><\/div><div class=\"forum-name\"><a class=\"forum-title\" href=\"https:\/\/www.centralhealth.net\/es\/about-central-health\/board-of-managers\/message-board\/forum\/fy2019-budget\/\">Presupuesto 2009<\/a><small class=\"forum-stats\">3 Temas - 3 Mensajes<\/small><small class=\"forum-lastpost-small\">\u00daltima entrada:&nbsp;<a href=\"https:\/\/www.centralhealth.net\/es\/about-central-health\/board-of-managers\/message-board\/topic\/sendero-faq-english-spanish\/#postid-40\">Sendero FAQ (ingl\u00e9s y espa\u00f1ol)<\/a>&nbsp;-&nbsp;<a href=\"https:\/\/www.centralhealth.net\/es\/about-central-health\/board-of-managers\/message-board\/topic\/sendero-faq-english-spanish\/#postid-40\">hace 8 a\u00f1os<\/a>&nbsp;-&nbsp;<a class=\"profile-link highlight-admin\" href=\"#\">Mike McKinnon, Director de Contenidos<\/a><\/small><\/div><div class=\"forum-poster\"><div class=\"forum-poster-avatar\"><img alt='' src='https:\/\/secure.gravatar.com\/avatar\/a750b3d9128d2ed4ab01e65bd5c8f3f751dac365f218894c0f9bf81da4476e08?s=40&#038;d=mm&#038;r=g' srcset='https:\/\/secure.gravatar.com\/avatar\/a750b3d9128d2ed4ab01e65bd5c8f3f751dac365f218894c0f9bf81da4476e08?s=80&#038;d=mm&#038;r=g 2x' class='avatar avatar-40 photo' height='40' width='40' \/><\/div><div class=\"forum-poster-summary\"><a href=\"https:\/\/www.centralhealth.net\/es\/about-central-health\/board-of-managers\/message-board\/topic\/sendero-faq-english-spanish\/#postid-40\">Sendero FAQ (English &amp; Sp ...<\/a><br><small><a href=\"https:\/\/www.centralhealth.net\/es\/about-central-health\/board-of-managers\/message-board\/topic\/sendero-faq-english-spanish\/#postid-40\">hace 8 a\u00f1os<\/a><span>&nbsp;-&nbsp;<\/span><a class=\"profile-link highlight-admin\" href=\"#\">Mike McKinnon, Director de Contenidos<\/a><\/small><\/div><\/div><\/div><div class=\"content-element forum\" id=\"forum-9\"><div class=\"forum-status unread\"><i class=\"fas fa-comments\"><\/i><\/div><div class=\"forum-name\"><a class=\"forum-title\" href=\"https:\/\/www.centralhealth.net\/es\/about-central-health\/board-of-managers\/message-board\/forum\/reports\/\">Informes<\/a><small class=\"forum-stats\">9 Temas - 9 Mensajes<\/small><small class=\"forum-lastpost-small\">\u00daltima entrada:&nbsp;<a href=\"https:\/\/www.centralhealth.net\/es\/about-central-health\/board-of-managers\/message-board\/topic\/action-required-nominations-for-the-integral-care-board-of-directors\/#postid-73\">ACCI\u00d3N REQUERIDA: Las candidaturas para ...<\/a>&nbsp;-&nbsp;<a href=\"https:\/\/www.centralhealth.net\/es\/about-central-health\/board-of-managers\/message-board\/topic\/action-required-nominations-for-the-integral-care-board-of-directors\/#postid-73\">hace 7 a\u00f1os<\/a>&nbsp;-&nbsp;<a class=\"profile-link highlight-moderator\" href=\"#\">Briana Yanes, Directora de Gobernanza de la Junta Directiva<\/a><\/small><\/div><div class=\"forum-poster\"><div class=\"forum-poster-avatar\"><img alt='' src='https:\/\/secure.gravatar.com\/avatar\/eee6a4c89b8de011adbefc361f2b477c91e8a687d6846112dd08c6ed78ad7da8?s=40&#038;d=mm&#038;r=g' srcset='https:\/\/secure.gravatar.com\/avatar\/eee6a4c89b8de011adbefc361f2b477c91e8a687d6846112dd08c6ed78ad7da8?s=80&#038;d=mm&#038;r=g 2x' class='avatar avatar-40 photo' height='40' width='40' \/><\/div><div class=\"forum-poster-summary\"><a href=\"https:\/\/www.centralhealth.net\/es\/about-central-health\/board-of-managers\/message-board\/topic\/action-required-nominations-for-the-integral-care-board-of-directors\/#postid-73\">ACCI\u00d3N REQUERIDA: Nominati ...<\/a><br><small><a href=\"https:\/\/www.centralhealth.net\/es\/about-central-health\/board-of-managers\/message-board\/topic\/action-required-nominations-for-the-integral-care-board-of-directors\/#postid-73\">hace 7 a\u00f1os<\/a><span>&nbsp;-&nbsp;<\/span><a class=\"profile-link highlight-moderator\" href=\"#\">Briana Yanes, Directora de Gobernanza de la Junta Directiva<\/a><\/small><\/div><\/div><\/div><div class=\"content-element forum\" id=\"forum-10\"><div class=\"forum-status unread\"><i class=\"fas fa-comments\"><\/i><\/div><div class=\"forum-name\"><a class=\"forum-title\" href=\"https:\/\/www.centralhealth.net\/es\/about-central-health\/board-of-managers\/message-board\/forum\/performance-review\/\">Revisi\u00f3n del rendimiento<\/a><small class=\"forum-stats\">1 Tema - 1 Mensaje<\/small><small class=\"forum-lastpost-small\">\u00daltima entrada:&nbsp;<a href=\"https:\/\/www.centralhealth.net\/es\/about-central-health\/board-of-managers\/message-board\/topic\/germane-solutions-source-documents\/#postid-8\">Documentos fuente de Germane Solutions<\/a>&nbsp;-&nbsp;<a href=\"https:\/\/www.centralhealth.net\/es\/about-central-health\/board-of-managers\/message-board\/topic\/germane-solutions-source-documents\/#postid-8\">hace 8 a\u00f1os<\/a>&nbsp;- Usuario eliminado<\/small><\/div><div class=\"forum-poster\"><div class=\"forum-poster-avatar\"><img alt='' src='https:\/\/secure.gravatar.com\/avatar\/?s=40&#038;d=mm&#038;r=g' srcset='https:\/\/secure.gravatar.com\/avatar\/?s=80&#038;d=mm&#038;r=g 2x' class='avatar avatar-40 photo avatar-default' height='40' width='40' \/><\/div><div class=\"forum-poster-summary\"><a href=\"https:\/\/www.centralhealth.net\/es\/about-central-health\/board-of-managers\/message-board\/topic\/germane-solutions-source-documents\/#postid-8\">Germane Solutions fuente ...<\/a><br><small><a href=\"https:\/\/www.centralhealth.net\/es\/about-central-health\/board-of-managers\/message-board\/topic\/germane-solutions-source-documents\/#postid-8\">hace 8 a\u00f1os<\/a><span>&nbsp;-&nbsp;<\/span>Usuario eliminado<\/small><\/div><\/div><\/div><\/div><div id=\"read-unread\"><span class=\"indicator unread\"><\/span><span class=\"indicator-label\">Nuevos puestos<\/span><span class=\"indicator read\"><\/span><span class=\"indicator-label\">Nada nuevo<\/span><span class=\"indicator-label\"><span class=\"fas fa-check\"><\/span><a href=\"https:\/\/www.centralhealth.net\/es\/about-central-health\/board-of-managers\/message-board\/markallread\/?_wpnonce=fb02e01527\">Marcar todo Leer<\/a><\/span><span class=\"indicator-label\"><span class=\"fas fa-history\"><\/span><a href=\"https:\/\/www.centralhealth.net\/es\/about-central-health\/board-of-managers\/message-board\/unread\/\">Mostrar temas no le\u00eddos<\/a><\/span><div class=\"clear\"><\/div><\/div><div id=\"statistics\"><div class=\"title-element title-element-dark\"><span class=\"title-element-icon fas fa-chart-pie\"><\/span>Estad\u00edsticas<\/div><div id=\"statistics-body\"><div id=\"statistics-elements\"><div class=\"statistics-element\"><div class=\"element-number\"><span class=\"statistics-element-icon far fa-comments\"><\/span>92<\/div><div class=\"element-name\">Temas<\/div><\/div><div class=\"statistics-element\"><div class=\"element-number\"><span class=\"statistics-element-icon far fa-comment\"><\/span>99<\/div><div class=\"element-name\">Puestos<\/div><\/div><div class=\"statistics-element\"><div class=\"element-number\"><span class=\"statistics-element-icon far fa-eye\"><\/span>6,028,101<\/div><div class=\"element-name\">Vistas<\/div><\/div><div class=\"statistics-element\"><div class=\"element-number\"><span class=\"statistics-element-icon far fa-user\"><\/span>27<\/div><div class=\"element-name\">Usuarios<\/div><\/div><div class=\"statistics-element\"><div class=\"element-number\"><span class=\"statistics-element-icon far fa-lightbulb\"><\/span>0<\/div><div class=\"element-name\">En l\u00ednea<\/div><\/div><\/div><div id=\"statistics-online-users\"><span class=\"online-users-icon fas fa-user\"><\/span>Miembro m\u00e1s reciente:&nbsp;<i><a class=\"profile-link highlight-default\" href=\"#\">Gerardo Lima<\/a><\/i>&nbsp;-&nbsp;<span class=\"online-users-icon fas fa-users\"><\/span><i>Actualmente no hay nadie en l\u00ednea.<\/i><\/div><\/div><div class=\"clear\"><\/div><\/div><div id=\"bottom-navigation\"><\/div><div class=\"clear\"><\/div><\/div>","protected":false},"excerpt":{"rendered":"","protected":false},"author":8,"featured_media":0,"parent":183597,"menu_order":0,"comment_status":"closed","ping_status":"closed","template":"templates\/layout-template.php","meta":{"_acf_changed":false,"_genesis_hide_title":false,"_genesis_hide_breadcrumbs":false,"_genesis_hide_singular_image":false,"_genesis_hide_footer_widgets":false,"_genesis_custom_body_class":"","_genesis_custom_post_class":"","_genesis_layout":"","footnotes":""},"class_list":["post-149275","page","type-page","status-publish","entry"],"acf":[],"_links":{"self":[{"href":"https:\/\/www.centralhealth.net\/es\/wp-json\/wp\/v2\/pages\/149275","targetHints":{"allow":["GET"]}}],"collection":[{"href":"https:\/\/www.centralhealth.net\/es\/wp-json\/wp\/v2\/pages"}],"about":[{"href":"https:\/\/www.centralhealth.net\/es\/wp-json\/wp\/v2\/types\/page"}],"author":[{"embeddable":true,"href":"https:\/\/www.centralhealth.net\/es\/wp-json\/wp\/v2\/users\/8"}],"replies":[{"embeddable":true,"href":"https:\/\/www.centralhealth.net\/es\/wp-json\/wp\/v2\/comments?post=149275"}],"version-history":[{"count":0,"href":"https:\/\/www.centralhealth.net\/es\/wp-json\/wp\/v2\/pages\/149275\/revisions"}],"up":[{"embeddable":true,"href":"https:\/\/www.centralhealth.net\/es\/wp-json\/wp\/v2\/pages\/183597"}],"wp:attachment":[{"href":"https:\/\/www.centralhealth.net\/es\/wp-json\/wp\/v2\/media?parent=149275"}],"curies":[{"name":"wp","href":"https:\/\/api.w.org\/{rel}","templated":true}]}}