{"id":185423,"date":"2024-05-10T12:09:41","date_gmt":"2024-05-10T17:09:41","guid":{"rendered":"https:\/\/www.centralhealth.net\/?page_id=185423"},"modified":"2025-01-29T11:04:51","modified_gmt":"2025-01-29T17:04:51","slug":"fiscal-year-2023-annual-report","status":"publish","type":"page","link":"https:\/\/www.centralhealth.net\/es\/fiscal-year-2023-annual-report\/","title":{"rendered":"Informe anual del ejercicio 2023"},"content":{"rendered":"<div class=\"sbacf-container__layout-header-container full margin-bottom-30\">\n<h2 class=\"layout-title section--title\">Destacados 2023<\/h2>\n<\/div>\n<link rel=\"stylesheet\" href=\"https:\/\/cdn.jsdelivr.net\/npm\/bootstrap@4.6.2\/dist\/css\/bootstrap.min.css\" integrity=\"sha384-xOolHFLEh07PJGoPkLv1IbcEPTNtaed2xpHsD9ESMhqIYd0nLMwNLD69Npy4HI+N\" crossorigin=\"anonymous\">\n<style>\n  .img-circle {\n    border-radius: 100%;\n  }\n  .margin-bottom-30 {\n    margin-bottom: 30px;\n  }\n  .double-circle {\n    padding: 10px;\n    border: solid 10px #7b91a5;\n    background-color: #fff;\n    margin: 10px;\n  }\n  .color-row {\n    border: solid 5px #fff;\n    background-color: #213741;\n  }\n  .stripe-row {\n    background-color: #a8b5bd;\n    padding: 60px 0px;\n  }\n  .gravity {\n    margin: -50px 0px;     \n  }\n  .color-row .highlight-title {\n    color: #7b91a5 !important;\n    font-size: 30px !important;\n    line-height: 36px;\n  }\n  .color-row .highlight-text {\n    color: #fff;  \n  }\n  .color-row .left-line {\n    border-left: solid 10px #7b91a5;\n    margin: 60px 10px;\n    padding: 2px 10px;\n  }\n  .color-row .left-line.big-fit {\n    border-left: solid 10px #7b91a5;\n    margin: 120px 10px;\n    padding: 2px 10px;\n  }\n  .color-row .left-line.small-fit {\n    border-left: solid 10px #7b91a5;\n    margin: 60px 10px;\n    padding: 2px 10px;\n  }\n  .img-fuller-l {\n    border-radius: 0px 60px 60px 0px;\n    border-left: none !important;\n    height: 100%;\n  }\n  .img-fuller-r {\n    border-radius: 60px 0px 0px 60px;\n    border-right: none !important;\n    height: 100%;\n  }\n  .reverse-double-circle {\n    border: solid 10px #7b91a5;\n  }\n  .man-back {\n    background-image: url(https:\/\/www.centralhealth.net\/wp-content\/uploads\/2024\/05\/man.jpg);\n    background-repeat: no-repeat;\n    background-size: cover;\n    border-radius: 60px 0px 0px 60px;\n    padding: 20px 0px 20px 20px;\n    max-width: 100%;\n    max-height: 100%;\n    height: 100%;\n  }\n  .bench-back {\n    background-image: url(https:\/\/www.centralhealth.net\/wp-content\/uploads\/2024\/05\/signing.jpg);\n    background-size: cover;\n    border-radius: 0px 60px 60px 0px;\n    padding: 20px 20px 20px 0px;\n    max-width: 100%;\n    max-height: 100%;\n    height: 100%;\n  }\n@media (max-width: 767px) {\n  .double-circle {\n    margin-left: 0px;\n    margin-right: 0px;\n  }\n  .img-fuller-l {\n    border-radius: 0px 60px 60px 0px;\n    border-left: none !important;\n    height: 400px;\n  }\n  .img-fuller-r {\n    border-radius: 60px 0px 0px 60px;\n    border-right: none !important;\n    height: 400px;\n  }\n  .color-row .left-line.big-fit {\n    border-left: solid 10px #7b91a5;\n    margin: 60px 10px;\n    padding: 2px 10px;\n  }\n  .color-row .left-line.small-fit {\n    border-left: solid 10px #7b91a5;\n    margin: 60px 10px;\n    padding: 2px 10px;\n  }\n}\n@media (min-width: 768px) and (max-width: 1199px) {\n  .gravity {\n    margin: 40px 0px;     \n  }\n}\n<\/style>\n<div class=\"stripe-row\">\n<div class=\"color-row row\">\n<div class=\"col-md-4\">\n<div class=\"gravity\">\n        <img decoding=\"async\" class=\"img-circle img-fluid double-circle\" src=\"https:\/\/www.centralhealth.net\/wp-content\/uploads\/2024\/05\/community.jpg\" alt=\"Central Health Employee with a microphone\"\/>\n      <\/div>\n<\/p><\/div>\n<div class=\"col-md-8 d-flex\">\n<div class=\"left-line justify-content-center\">\n<h4 class=\"highlight-title\">COMPROMISO DE LA COMUNIDAD<\/h4>\n<p class=\"highlight-text\">La conversaci\u00f3n comunitaria de Central Health en julio de 2023 en el campus Eastview del Austin Community College (sede de los programas de profesiones sanitarias del ACC) registr\u00f3 un r\u00e9cord de asistencia, ya que los expertos en la materia del distrito hospitalario presentaron la estrategia de aplicaci\u00f3n del Plan de Igualdad Sanitaria.<\/p>\n<\/p><\/div>\n<\/p><\/div>\n<\/p><\/div>\n<\/div>\n<div class=\"stripe-row\">\n<div class=\"row color-row\">\n<div class=\"col-md-8 d-flex\">\n<div class=\"left-line\">\n<h4 class=\"highlight-title\">OUTREACH<\/h4>\n<p class=\"highlight-text\">Jessica Ram\u00edrez recibe su tarjeta de elegibilidad MAP Basic en el acto en el Centro de Recursos de Salud Central Health Nordeste en Colony Park.<\/p>\n<\/p><\/div>\n<\/p><\/div>\n<div class=\"col-md-4\">\n<div class=\"gravity\">\n        <img decoding=\"async\" class=\"img-circle img-fluid double-circle\" src=\"https:\/\/www.centralhealth.net\/wp-content\/uploads\/2024\/05\/card.jpg\" alt=\"young woman with a MAP card\"\/>\n      <\/div>\n<\/p><\/div>\n<\/p><\/div>\n<\/div>\n<div class=\"stripe-row\">\n<div class=\"row color-row\">\n<div class=\"col-md-4\">\n<div class=\"gravity\">\n        <img decoding=\"async\" class=\"img-circle img-fluid double-circle\" src=\"https:\/\/www.centralhealth.net\/wp-content\/uploads\/2024\/05\/mayor.png\" alt=\"Austin's mayor and others at a ribbon cutting\"\/>\n      <\/div>\n<\/p><\/div>\n<div class=\"col-md-8 d-flex\">\n<div class=\"left-line\">\n<h4 class=\"highlight-title\">MEJORAS DE CAPITAL<\/h4>\n<p class=\"highlight-text\">El alcalde de Austin, Kirk Watson, los dirigentes de CommUnityCare y los residentes del complejo de viviendas asequibles Pathways at Chalmers cortan la cinta de la nueva cl\u00ednica Chalmers de CUC.<\/p>\n<\/p><\/div>\n<\/p><\/div>\n<\/p><\/div>\n<\/div>\n<div class=\"stripe-row\">\n<div class=\"row color-row\">\n<div class=\"col-md-8 d-flex\">\n<div class=\"left-line\">\n<h4 class=\"highlight-title\">COBERTURA SANITARIA<\/h4>\n<p class=\"highlight-text\">La concienciaci\u00f3n p\u00fablica durante todo el a\u00f1o y los esfuerzos de divulgaci\u00f3n forman parte del libro de jugadas integral de Central Health para conseguir que los residentes elegibles del Condado de Travis est\u00e9n cubiertos. Como miembros de MAP, pueden establecer hogares m\u00e9dicos y trabajar con equipos de proveedores dedicados a la atenci\u00f3n integral de la persona, lo que evita que el dinero de los contribuyentes se utilice de forma ineficaz en hospitales y salas de urgencias.<\/p>\n<\/p><\/div>\n<\/p><\/div>\n<div class=\"col-md-4\">\n<div class=\"gravity\">\n       <img decoding=\"async\" class=\"img-circle img-fluid double-circle\" src=\"https:\/\/www.centralhealth.net\/wp-content\/uploads\/2024\/05\/deliver.jpg\" alt=\"person handing out paperwork\"\/>\n      <\/div>\n<\/p><\/div>\n<\/p><\/div>\n<\/div>\n<div class=\"stripe-row\">\n<div class=\"row color-row\">\n<div class=\"col-md-6\">\n<div class=\"bench-back\">\n<div class=\"img-fuller-l reverse-double-circle\"><\/div>\n<\/p><\/div>\n<\/p><\/div>\n<div class=\"col-md-6 d-flex\">\n<div class=\"left-line big-fit\">\n<h4 class=\"highlight-title\">INVERTIR EN EL CONDADO DE TRAVIS<\/h4>\n<p class=\"highlight-text\">El personal de Central Health y CommUnityCare y voluntarios locales firmaron una viga estructural que ahora forma parte del Hornsby Bend Health and Wellness Center, que se inaugur\u00f3 en octubre de 2023. Antes de esa apertura, Central Health y CommUnityCare trabajaron para asegurarse de que los pacientes estuvieran preparados y pudieran aprovechar esta nueva opci\u00f3n disponible en lo que ha sido uno de los mayores \"desiertos sanitarios\" del condado de Travis.<\/p>\n<\/p><\/div>\n<\/p><\/div>\n<\/p><\/div>\n<\/div>\n<div class=\"stripe-row\">\n<div class=\"row color-row\">\n<div class=\"col-md-6 d-flex\">\n<div class=\"left-line small-fit\">\n<h4 class=\"highlight-title\">MEJORAR LA ATENCI\u00d3N AL PACIENTE<\/h4>\n<p class=\"highlight-text\">El programa de respiro m\u00e9dico de Central Health ofrece atenci\u00f3n residencial a corto plazo que proporciona a los pacientes sin hogar un lugar seguro para descansar, recuperarse y sanar, en lugar de ser dados de alta de nuevo a la calle. Los pacientes pueden acceder a atenci\u00f3n cl\u00ednica b\u00e1sica, educaci\u00f3n sanitaria y servicios de apoyo que pueden ayudarles a mantener su salud en el futuro. La estancia media es de unos 40 d\u00edas, pero los pacientes pueden quedarse el tiempo que necesiten. Bajo la direcci\u00f3n de la Dra. Audrey Kuang, el programa de relevo m\u00e9dico de Central Health comenz\u00f3 en marzo de 2022 con 5 camas, y a finales del a\u00f1o fiscal 2023 contaba con 25 camas y hab\u00eda recibido m\u00e1s de 280 derivaciones de hospitales, centros de enfermer\u00eda especializada y cl\u00ednicas CommUnityCare.<\/p>\n<p class=\"highlight-text\">Bajo la direcci\u00f3n de la Dra. Audrey Kuang, el programa de relevo m\u00e9dico de Central Health comenz\u00f3 en marzo de 2022 con 5 camas, y a finales del a\u00f1o fiscal 2023 contaba con 25 camas y hab\u00eda recibido m\u00e1s de 280 derivaciones de hospitales, centros de enfermer\u00eda especializada y cl\u00ednicas CommUnityCare.<\/p>\n<\/p><\/div>\n<\/p><\/div>\n<div class=\"col-md-6\">\n<div class=\"man-back\">\n<div class=\"img-fuller-r reverse-double-circle\"><\/div>\n<\/p><\/div>\n<\/p><\/div>\n<\/p><\/div>\n<\/div>\n<div class=\"row\">\n<div class=\"col-12\">\n    <a class=\"read-btn\" href=\"https:\/\/www.centralhealth.net\/wp-content\/uploads\/2024\/05\/FY-2023-Annual-Report.pdf\" target=\"_blank\" rel=\"noopener\">Descargar el informe (en ingl\u00e9s)<\/a>\n  <\/div>\n<\/div>","protected":false},"excerpt":{"rendered":"<p>2023 Highlights COMMUNITY ENGAGEMENT Central Health\u2019s community conversation in July 2023 at Austin Community College\u2019s Eastview campus (home to ACC health professions programs) saw record attendance as the hospital district\u2019s [&hellip;]<\/p>\n","protected":false},"author":59,"featured_media":0,"parent":0,"menu_order":0,"comment_status":"closed","ping_status":"closed","template":"templates\/layout-template.php","meta":{"_acf_changed":false,"_genesis_hide_title":false,"_genesis_hide_breadcrumbs":false,"_genesis_hide_singular_image":false,"_genesis_hide_footer_widgets":false,"_genesis_custom_body_class":"","_genesis_custom_post_class":"","_genesis_layout":"","footnotes":""},"class_list":["post-185423","page","type-page","status-publish","entry","has-post-thumbnail"],"acf":[],"_links":{"self":[{"href":"https:\/\/www.centralhealth.net\/es\/wp-json\/wp\/v2\/pages\/185423","targetHints":{"allow":["GET"]}}],"collection":[{"href":"https:\/\/www.centralhealth.net\/es\/wp-json\/wp\/v2\/pages"}],"about":[{"href":"https:\/\/www.centralhealth.net\/es\/wp-json\/wp\/v2\/types\/page"}],"author":[{"embeddable":true,"href":"https:\/\/www.centralhealth.net\/es\/wp-json\/wp\/v2\/users\/59"}],"replies":[{"embeddable":true,"href":"https:\/\/www.centralhealth.net\/es\/wp-json\/wp\/v2\/comments?post=185423"}],"version-history":[{"count":1,"href":"https:\/\/www.centralhealth.net\/es\/wp-json\/wp\/v2\/pages\/185423\/revisions"}],"predecessor-version":[{"id":194544,"href":"https:\/\/www.centralhealth.net\/es\/wp-json\/wp\/v2\/pages\/185423\/revisions\/194544"}],"wp:attachment":[{"href":"https:\/\/www.centralhealth.net\/es\/wp-json\/wp\/v2\/media?parent=185423"}],"curies":[{"name":"wp","href":"https:\/\/api.w.org\/{rel}","templated":true}]}}