{"id":194805,"date":"2025-02-10T15:09:10","date_gmt":"2025-02-10T21:09:10","guid":{"rendered":"https:\/\/www.centralhealth.net\/?page_id=194805"},"modified":"2025-02-10T15:09:10","modified_gmt":"2025-02-10T21:09:10","slug":"enrollment-and-clinic-utilization-dashboard","status":"publish","type":"page","link":"https:\/\/www.centralhealth.net\/es\/enrollment-and-clinic-utilization-dashboard\/","title":{"rendered":"Cuadro de mandos de matriculaci\u00f3n y utilizaci\u00f3n de las cl\u00ednicas"},"content":{"rendered":"<p><iframe loading=\"lazy\" src=\"https:\/\/experience.arcgis.com\/experience\/572fb85de67641cd818931495475e82d\" width=\"1300\" height=\"900\"><\/iframe><\/p>","protected":false},"excerpt":{"rendered":"","protected":false},"author":59,"featured_media":0,"parent":0,"menu_order":0,"comment_status":"closed","ping_status":"closed","template":"","meta":{"_acf_changed":false,"_genesis_hide_title":false,"_genesis_hide_breadcrumbs":false,"_genesis_hide_singular_image":false,"_genesis_hide_footer_widgets":false,"_genesis_custom_body_class":"","_genesis_custom_post_class":"","_genesis_layout":"","footnotes":""},"class_list":["post-194805","page","type-page","status-publish","entry"],"acf":[],"_links":{"self":[{"href":"https:\/\/www.centralhealth.net\/es\/wp-json\/wp\/v2\/pages\/194805","targetHints":{"allow":["GET"]}}],"collection":[{"href":"https:\/\/www.centralhealth.net\/es\/wp-json\/wp\/v2\/pages"}],"about":[{"href":"https:\/\/www.centralhealth.net\/es\/wp-json\/wp\/v2\/types\/page"}],"author":[{"embeddable":true,"href":"https:\/\/www.centralhealth.net\/es\/wp-json\/wp\/v2\/users\/59"}],"replies":[{"embeddable":true,"href":"https:\/\/www.centralhealth.net\/es\/wp-json\/wp\/v2\/comments?post=194805"}],"version-history":[{"count":3,"href":"https:\/\/www.centralhealth.net\/es\/wp-json\/wp\/v2\/pages\/194805\/revisions"}],"predecessor-version":[{"id":201803,"href":"https:\/\/www.centralhealth.net\/es\/wp-json\/wp\/v2\/pages\/194805\/revisions\/201803"}],"wp:attachment":[{"href":"https:\/\/www.centralhealth.net\/es\/wp-json\/wp\/v2\/media?parent=194805"}],"curies":[{"name":"wp","href":"https:\/\/api.w.org\/{rel}","templated":true}]}}