{"id":195923,"date":"2025-03-31T13:53:50","date_gmt":"2025-03-31T18:53:50","guid":{"rendered":"https:\/\/www.centralhealth.net\/?page_id=195923"},"modified":"2026-02-24T09:22:23","modified_gmt":"2026-02-24T15:22:23","slug":"central-health-services-feedback","status":"publish","type":"page","link":"https:\/\/www.centralhealth.net\/es\/central-health-services-feedback\/","title":{"rendered":"Su opini\u00f3n es importante"},"content":{"rendered":"<p style=\"margin-bottom: 48px;\">Si es usted paciente de Central Health o est\u00e1 inscrito en un programa de Central Health y desea compartir sus comentarios (elogios o preocupaciones), rellene este formulario.<\/p>\n<p>Este formulario no pretende dar consejos m\u00e9dicos ni tratar problemas m\u00e9dicos urgentes.<\/p>\n<p>P\u00f3ngase en contacto con su proveedor de atenci\u00f3n sanitaria para consultas m\u00e9dicas.<\/p>\n<p><!--\n\n<div class=\"paubox-form-container\"> <iframe src=\"https:\/\/next.paubox.com\/forms\/CentralHealth\/form\/277ad12f-1550-4f26-a79a-edbf5d1a91a6\" frameborder=\"0\"><\/iframe> <\/div>\n\n \n\n<style> .paubox-form-container { width: 80%; \/* Adjust width as needed *\/ margin: 0 auto; height: 1750px; \/* Adjust height as needed *\/ } .paubox-form-container iframe { width: 100%; height: 100%; border: none; } <\/style>\n\n--><\/p>\n<p><iframe loading=\"lazy\" width=\"640px\" height=\"1640px\" src=\"https:\/\/forms.office.com\/Pages\/ResponsePage.aspx?id=J_tOTh1r3EaO6tdZpwqTrddg_erWcw1MvBc8xwCA84dUODhOVlVDNk1QS1VRUjFBRUFGNzRaVVJEWC4u&#038;embed=true\" frameborder=\"0\" marginwidth=\"0\" marginheight=\"0\" style=\"border: none; max-width:100%; max-height:100%\" allowfullscreen webkitallowfullscreen mozallowfullscreen msallowfullscreen> <\/iframe><\/p>\n<p style=\"margin-top:24px\">Los env\u00edos a este formulario se supervisan y responden de lunes a viernes, de 8.00 a 17.00 horas CST.  El tiempo de respuesta puede variar en funci\u00f3n del volumen.  Si su consulta es urgente, ll\u00e1menos al 512.978.8130, opci\u00f3n 3.<\/p>","protected":false},"excerpt":{"rendered":"<p>If you are a Central Health patient or an enrollee in a Central Health program and would like to share feedback (compliments or concerns), complete this form. This form is [&hellip;]<\/p>\n","protected":false},"author":59,"featured_media":0,"parent":0,"menu_order":0,"comment_status":"closed","ping_status":"closed","template":"","meta":{"_acf_changed":false,"_genesis_hide_title":false,"_genesis_hide_breadcrumbs":false,"_genesis_hide_singular_image":false,"_genesis_hide_footer_widgets":false,"_genesis_custom_body_class":"","_genesis_custom_post_class":"","_genesis_layout":"","footnotes":""},"class_list":["post-195923","page","type-page","status-publish","entry"],"acf":[],"_links":{"self":[{"href":"https:\/\/www.centralhealth.net\/es\/wp-json\/wp\/v2\/pages\/195923","targetHints":{"allow":["GET"]}}],"collection":[{"href":"https:\/\/www.centralhealth.net\/es\/wp-json\/wp\/v2\/pages"}],"about":[{"href":"https:\/\/www.centralhealth.net\/es\/wp-json\/wp\/v2\/types\/page"}],"author":[{"embeddable":true,"href":"https:\/\/www.centralhealth.net\/es\/wp-json\/wp\/v2\/users\/59"}],"replies":[{"embeddable":true,"href":"https:\/\/www.centralhealth.net\/es\/wp-json\/wp\/v2\/comments?post=195923"}],"version-history":[{"count":6,"href":"https:\/\/www.centralhealth.net\/es\/wp-json\/wp\/v2\/pages\/195923\/revisions"}],"predecessor-version":[{"id":203555,"href":"https:\/\/www.centralhealth.net\/es\/wp-json\/wp\/v2\/pages\/195923\/revisions\/203555"}],"wp:attachment":[{"href":"https:\/\/www.centralhealth.net\/es\/wp-json\/wp\/v2\/media?parent=195923"}],"curies":[{"name":"wp","href":"https:\/\/api.w.org\/{rel}","templated":true}]}}