{"id":6573,"date":"2017-04-25T15:10:07","date_gmt":"2017-04-25T20:10:07","guid":{"rendered":"https:\/\/centralhealth.sbdev.io\/?page_id=6573"},"modified":"2020-03-18T13:13:30","modified_gmt":"2020-03-18T18:13:30","slug":"alumni-information","status":"publish","type":"page","link":"https:\/\/www.centralhealth.net\/es\/get-involved\/community-health-champions\/alumni-information\/","title":{"rendered":"Informaci\u00f3n para antiguos alumnos"},"content":{"rendered":"<p>Premios de reconocimiento especial 2018<\/p>\n<p>Ricardo Garay - Participaci\u00f3n c\u00edvica destacada<\/p>\n<p>Joanna Saucedo - Colaboradora creativa<\/p>\n<p>Directivos de la Asociaci\u00f3n de Antiguos Alumnos<\/p>\n<p>Joanna Saucedo - Presidenta<br \/>\nSarah Prager - Presidenta de Eventos y Programas<br \/>\nJen Richardson - Presidenta de Comunicaci\u00f3n - <span class=\"s1\">Jen est\u00e1 emocionada de tener la oportunidad continua de comprometerse con los Campeones de Salud Comunitaria (CHC) actuales y anteriores, sirviendo como Presidenta del Comit\u00e9 de Comunicaciones de Ex Alumnos para 2019. Actualmente trabaja a tiempo parcial para WW y cuida de sus dos hijas peque\u00f1as. Jen tambi\u00e9n es cofundadora de la Austin Ukulele Society y est\u00e1 muy comprometida en mantener viva la comunidad del ukelele de Austin. Sus pasiones incluyen hacer que la buena salud y la asistencia sanitaria, la nutrici\u00f3n, el bienestar y la forma f\u00edsica sean accesibles para TODOS, as\u00ed como ser una aprendiz y educadora permanente. Jen es un conector natural y sabe que la comunicaci\u00f3n es uno de sus puntos m\u00e1s fuertes, por lo que est\u00e1 encantada de trabajar con otros ex alumnos de CHC para compartir recursos de salud y bienestar con los desatendidos y sin seguro en el Condado de Travis.\u00a0<\/span><\/p>\n<p>Genevee Varela - Presidenta de Participaci\u00f3n y Difusi\u00f3n<\/p>\n<p>Comit\u00e9 de Comunicaciones<br \/>\nAnita Knight.<span class=\"s1\">Licenciada en Bioqu\u00edmica y con estudios de posgrado en Administraci\u00f3n Sanitaria y Ciencias Ambientales, siempre me han interesado la ciencia y la medicina. Jubilada y residente en Austin, soy una voluntaria dedicada a la educaci\u00f3n medioambiental, la defensa de la mujer y, recientemente, la atenci\u00f3n sanitaria.<\/span><\/p>\n<p>Lea Isgur- <span class=\"s1\">Lea Isgur es natural de Houston, pero lleva m\u00e1s de 30 a\u00f1os en Austin, su ciudad de adopci\u00f3n. Actualmente est\u00e1 jubilada, pero dedic\u00f3 la mayor parte de su carrera al an\u00e1lisis presupuestario y estad\u00edstico de las pol\u00edticas p\u00fablicas, principalmente en los \u00e1mbitos de la sanidad, los servicios humanos y el trabajo. Est\u00e1 casada, tiene muchos gatos (no tiene hijos) y le gusta la jardiner\u00eda, montar en bicicleta y trabajar como voluntaria en varias organizaciones sin \u00e1nimo de lucro de Austin.<\/span><\/p>\n<p>Sarita Null - Paso mis d\u00edas como asesora financiera preparando a los empleados del sector p\u00fablico para la jubilaci\u00f3n. Mi coraz\u00f3n sigue estando en las iniciativas de salud y bienestar de la comunidad, con experiencia espec\u00edfica en asesoramiento sobre salud mental, cuidados paliativos, gesti\u00f3n del estr\u00e9s postraum\u00e1tico y defensa de los m\u00e1s desfavorecidos.<\/p>\n<p>Beth Reese<\/p>\n<p>Comit\u00e9 de Eventos y Programas<\/p>\n<p>Mary Carmen Aviles -<\/p>\n<p class=\"p1\"><span class=\"s1\">Mary Carmen es analista de desarrollo de soluciones en Ascension Information Services. Le apasiona encontrar formas de optimizar la calidad de la atenci\u00f3n sanitaria y el acceso a la misma a trav\u00e9s de la tecnolog\u00eda y los datos, y le entusiasma colaborar con otros y aprender unos de otros sobre la mejor forma de marcar la diferencia en nuestra poblaci\u00f3n.<\/span><\/p>\n<p>Marian Trattner - Marian Trattner es Especialista en Intervenci\u00f3n de Transe\u00fantes de la Universidad de Texas en Austin. Sus pasiones incluyen viajar, pasar tiempo con su familia y amigos, la filantrop\u00eda y correr. Est\u00e1 entusiasmada con el programa para conocer a otros campeones de la salud de la comunidad y contribuir m\u00e1s a las conversaciones de la comunidad en relaci\u00f3n con la salud y el bienestar.<\/p>\n<p>Elizabeth Miller - Me apasiona ayudar a ni\u00f1os y familias a alcanzar sus objetivos personales de salud. En mi puesto actual, no s\u00f3lo me acerco cada d\u00eda m\u00e1s a este objetivo, sino que tambi\u00e9n eval\u00fao los programas utilizados para ayudar a las comunidades a alcanzar estos objetivos y proporciono pruebas de mejoras estad\u00edsticamente significativas en comunidades desatendidas. Lo que m\u00e1s me entusiasma es la invitaci\u00f3n a formar parte de una cohorte que comparte mis intereses y objetivos comunes y a aprender unos de otros a trav\u00e9s de este programa.<\/p>\n<p>Tonna Marcyes - Soy nativa de Austin y jubilada de una exitosa carrera en el estado de Texas. Tengo un amplio conocimiento y habilidad en los sistemas de salud de la red de seguridad que me ha permitido la oportunidad de ayudar en la prestaci\u00f3n de asistencia sanitaria a diversas poblaciones en Texas.<\/p>\n<p>Kelsey Mumford<\/p>\n<p>Comit\u00e9 de Participaci\u00f3n y Divulgaci\u00f3n<\/p>\n<p>Angelia Carey - Soy chef y educadora nutricional y estoy deseando compartir lo que aprenda en el programa con mis clientes actuales y con la comunidad en general. Creo que los alimentos y la cocina son los pilares m\u00e1s importantes de un estilo de vida saludable.<\/p>\n<p>Jose Diaz - Trabajo para Project Access Austin\/Travis County Medical Society y proporcionamos servicios m\u00e9dicos a residentes del condado de Travis con bajos ingresos y sin seguro. Me gusta viajar y explorar nuevos lugares, pa\u00edses y personas. Me gusta ver y jugar todo tipo de deportes. Sobre todo, me apasiona ayudar a la gente en todo lo que pueda. Me entusiasma este programa por la oportunidad de conocer a personas con ideas afines y la oportunidad de entablar nuevas relaciones y ayudarnos mutuamente.<\/p>\n<p>Ricardo Garay<br \/>\nRodrigo Leal -\u00a0<span class=\"s1\">Rodrigo Leal es Consultor Senior en la Pr\u00e1ctica de Energ\u00eda de Navigant, donde ayuda a ciudades, empresas y grandes organizaciones a abordar los problemas del cambio clim\u00e1tico, la salud p\u00fablica, el desarrollo r\u00e1pido y la equidad social. Rodrigo tambi\u00e9n ha participado en iniciativas locales basadas en la comunidad para mejorar el compromiso y la concienciaci\u00f3n sobre los problemas a los que se enfrentan las comunidades de color con bajos ingresos, incluidas las desigualdades sanitarias, el acceso a parques y espacios abiertos, la mitigaci\u00f3n de las inundaciones y el desplazamiento. Est\u00e1 ansioso por desarrollar una comprensi\u00f3n m\u00e1s profunda de los retos sanitarios a los que se enfrenta la comunidad de Austin y est\u00e1 encantado de formar parte de la familia de antiguos alumnos de Community Health Champions.<\/span><\/p>\n<p>Stephanie Trevino - Nac\u00ed y crec\u00ed en Austin. Me gradu\u00e9 de la Universidad Cristiana de Texas con una Licenciatura en Ciencias en Salud y Fitness. Soy t\u00e9cnico certificado en seguridad de ni\u00f1os pasajeros y trabajadora de salud comunitaria. Actualmente formo parte de la junta de Safe Kids Austin y trabajo para Austin Public Health en la Unidad de Igualdad de Salud y Participaci\u00f3n Comunitaria. Mi objetivo al unirme al programa de campeones de salud comunitaria es aprender c\u00f3mo servir mejor a la comunidad, especialmente a nuestras poblaciones m\u00e1s vulnerables en el Condado de Travis.<\/p>","protected":false},"excerpt":{"rendered":"<p>2018 Special Recognition Awards Ricardo Garay &#8211; Outstanding Civic Participation Joanna Saucedo &#8211; Creative Collaborator Alumni Association Officers Joanna Saucedo &#8211; President Sarah Prager &#8211; Events and Programs Chair Jen [&hellip;]<\/p>\n","protected":false},"author":8,"featured_media":0,"parent":6260,"menu_order":14,"comment_status":"closed","ping_status":"closed","template":"","meta":{"_acf_changed":false,"_genesis_hide_title":false,"_genesis_hide_breadcrumbs":false,"_genesis_hide_singular_image":false,"_genesis_hide_footer_widgets":false,"_genesis_custom_body_class":"","_genesis_custom_post_class":"","_genesis_layout":"","footnotes":""},"class_list":["post-6573","page","type-page","status-publish","entry","has-post-thumbnail"],"acf":[],"_links":{"self":[{"href":"https:\/\/www.centralhealth.net\/es\/wp-json\/wp\/v2\/pages\/6573","targetHints":{"allow":["GET"]}}],"collection":[{"href":"https:\/\/www.centralhealth.net\/es\/wp-json\/wp\/v2\/pages"}],"about":[{"href":"https:\/\/www.centralhealth.net\/es\/wp-json\/wp\/v2\/types\/page"}],"author":[{"embeddable":true,"href":"https:\/\/www.centralhealth.net\/es\/wp-json\/wp\/v2\/users\/8"}],"replies":[{"embeddable":true,"href":"https:\/\/www.centralhealth.net\/es\/wp-json\/wp\/v2\/comments?post=6573"}],"version-history":[{"count":0,"href":"https:\/\/www.centralhealth.net\/es\/wp-json\/wp\/v2\/pages\/6573\/revisions"}],"up":[{"embeddable":true,"href":"https:\/\/www.centralhealth.net\/es\/wp-json\/wp\/v2\/pages\/6260"}],"wp:attachment":[{"href":"https:\/\/www.centralhealth.net\/es\/wp-json\/wp\/v2\/media?parent=6573"}],"curies":[{"name":"wp","href":"https:\/\/api.w.org\/{rel}","templated":true}]}}