{"id":149240,"date":"2018-03-07T13:58:36","date_gmt":"2018-03-07T19:58:36","guid":{"rendered":"https:\/\/centralhealth.sbdev.io\/etc\/community-engagement\/"},"modified":"2025-05-21T15:59:42","modified_gmt":"2025-05-21T20:59:42","slug":"community-engagement","status":"publish","type":"page","link":"https:\/\/www.centralhealth.net\/vi\/about-central-health\/central-health-strategic-plan\/community-engagement\/","title":{"rendered":"S\u1ef1 tham gia c\u1ee7a c\u1ed9ng \u0111\u1ed3ng"},"content":{"rendered":"<h3>Kh\u1ea3o s\u00e1t \u0111\u1ecbnh t\u00ednh<\/h3>\n<p>\u0110\u1ea7u n\u0103m 2017, Central Health \u0111\u00e3 h\u1ee3p t\u00e1c v\u1edbi Qu\u1eadn Travis v\u00e0 Khu H\u1ecdc ch\u00e1nh \u0110\u1ed9c l\u1eadp Del Valle \u0111\u1ec3 th\u1ef1c hi\u1ec7n m\u1ed9t cu\u1ed9c kh\u1ea3o s\u00e1t, \u0111\u00e1nh gi\u00e1 nhu c\u1ea7u ch\u0103m s\u00f3c s\u1ee9c kh\u1ecfe c\u1ee7a c\u1ed9ng \u0111\u1ed3ng. Kho\u1ea3ng 870 h\u1ecdc sinh v\u00e0 ph\u1ee5 huynh tr\u00ean to\u00e0n khu h\u1ecdc ch\u00e1nh, tr\u1ea3i d\u00e0i t\u1eeb Creedmoor \u0111\u1ebfn Hornsby Bend, \u0111\u00e3 cung c\u1ea5p ph\u1ea3n h\u1ed3i t\u1eeb ng\u00e0y 4 th\u00e1ng 4 \u0111\u1ebfn ng\u00e0y 1 th\u00e1ng 6 n\u0103m 2017.<\/p>\n<p><a class=\"button\" href=\"https:\/\/centralhealth-local.sbdev.io\/wp-content\/uploads\/2018\/03\/2017-Eastern-Travis-County-Community-Needs-Survey.pdf\" target=\"_blank\" rel=\"noopener noreferrer\">Xem k\u1ebft qu\u1ea3 kh\u1ea3o s\u00e1t<\/a><\/p>\n<h3>Chuy\u1ebfn tham quan v\u00e0 h\u1ecdp c\u1ed9ng \u0111\u1ed3ng<\/h3>\n<p>V\u00e0o th\u00e1ng 6 n\u0103m 2017, Ban qu\u1ea3n l\u00fd Central Health \u0111\u00e3 tham gia chuy\u1ebfn tham quan \u0111\u1ebfn c\u00e1c khu v\u1ef1c sau \u1edf ph\u00eda \u0110\u00f4ng Qu\u1eadn Travis:<\/p>\n<ul>\n<li>Ph\u00f2ng kh\u00e1m CommUnityCare kh\u00f4ng c\u1ea7n h\u1eb9n tr\u01b0\u1edbc tr\u00ean ph\u1ed1 William Cannon<\/li>\n<li>C\u01a1 s\u1edf ch\u0103m s\u00f3c Integral Care Dove Springs<\/li>\n<li>Trung t\u00e2m ch\u0103m s\u00f3c s\u1ee9c kh\u1ecfe tr\u1ebb em c\u1ee7a Tr\u01b0\u1eddng \u0110i\u1ec1u d\u01b0\u1ee1ng UT<\/li>\n<li>Tr\u01b0\u1eddng Ti\u1ec3u h\u1ecdc Creedmoor<\/li>\n<\/ul>\n<p>Chuy\u1ebfn tham quan k\u1ebft th\u00fac b\u1eb1ng bu\u1ed5i h\u1ecdp c\u1ed9ng \u0111\u1ed3ng t\u1ea1i c\u0103ng tin c\u1ee7a Trung t\u00e2m C\u01a1 h\u1ed9i H\u1ecdc khu \u0110\u1ed9c l\u1eadp Del Valle. T\u1ea1i \u0111\u00e2y, Central Health \u0111\u00e3 t\u1ed5 ch\u1ee9c m\u1ed9t bu\u1ed5i tr\u00f2 chuy\u1ec7n th\u00e2n m\u1eadt v\u1ec1 nhu c\u1ea7u c\u1ee7a c\u01b0 d\u00e2n ph\u00eda \u0110\u00f4ng Qu\u1eadn Travis.<\/p>\n<h3>Nh\u00f3m t\u1eadp trung<\/h3>\n<p>V\u00e0o th\u00e1ng 10 n\u0103m 2017, Central Health \u0111\u00e3 t\u1ed5 ch\u1ee9c ba nh\u00f3m th\u1ea3o lu\u1eadn t\u1eadp trung v\u1ec1 kh\u1ea3 n\u0103ng ti\u1ebfp c\u1eadn d\u1ecbch v\u1ee5 ch\u0103m s\u00f3c s\u1ee9c kh\u1ecfe t\u1ea1i ph\u00eda \u0110\u00f4ng Qu\u1eadn Travis v\u00e0 c\u00e1c \u0111\u1ecba \u0111i\u1ec3m ti\u1ec1m n\u0103ng cho c\u00e1c gi\u1ea3i ph\u00e1p ch\u0103m s\u00f3c s\u1ee9c kh\u1ecfe trong t\u01b0\u01a1ng lai\u2014c\u1ee5 th\u1ec3 l\u00e0 t\u1ea1i c\u00e1c khu v\u1ef1c thu\u1ed9c Khu H\u1ecdc ch\u00e1nh \u0110\u1ed9c l\u1eadp Del Valle: Hornsby Bend, Austin&#039;s Colony, Del Valle, Elroy, Garfield v\u00e0 Creedmoor. Nh\u1eefng ng\u01b0\u1eddi tham d\u1ef1 bao g\u1ed3m c\u01b0 d\u00e2n, b\u1ec7nh nh\u00e2n ti\u1ec1m n\u0103ng, \u0111\u1ea1i di\u1ec7n Khu H\u1ecdc ch\u00e1nh \u0110\u1ed9c l\u1eadp Del Valle v\u00e0 c\u00e1c nh\u00e0 ho\u1ea1t \u0111\u1ed9ng c\u1ed9ng \u0111\u1ed3ng.<\/p>\n<p><a class=\"button\" href=\"https:\/\/centralhealth-local.sbdev.io\/wp-content\/uploads\/2018\/03\/Del-Valle-Focus-Groups-Report-High-level-summary-FINAL.pdf\" target=\"_blank\" rel=\"noopener noreferrer\">Xem B\u00e1o c\u00e1o<\/a><\/p>\n<h3>C\u00e1c cu\u1ed9c tr\u00f2 chuy\u1ec7n c\u1ed9ng \u0111\u1ed3ng<\/h3>\n<p>V\u00e0o n\u0103m 2018, Central Health \u0111\u00e3 ph\u00e1t \u0111\u1ed9ng m\u1ed9t lo\u1ea1t c\u00e1c cu\u1ed9c \u0111\u1ed1i tho\u1ea1i c\u1ed9ng \u0111\u1ed3ng\u2014d\u01b0\u1edbi th\u01b0\u01a1ng hi\u1ec7u \u201c\u0110\u1ed1i tho\u1ea1i c\u1ed9ng \u0111\u1ed3ng\u201d \u0111\u1ec3 th\u00f4ng b\u00e1o v\u00e0 thu th\u1eadp ph\u1ea3n h\u1ed3i t\u1eeb c\u00e1c th\u00e0nh vi\u00ean c\u1ed9ng \u0111\u1ed3ng.<\/p>\n<p><span class=\"s1\">V\u00e0o th\u1ee9 Hai, ng\u00e0y 14 th\u00e1ng 5 n\u0103m 2018, Central Health \u0111\u00e3 t\u1ed5 ch\u1ee9c m\u1ed9t bu\u1ed5i \u0110\u1ed1i tho\u1ea1i C\u1ed9ng \u0111\u1ed3ng t\u1eadp trung v\u00e0o vi\u1ec7c m\u1edf r\u1ed9ng c\u00e1c d\u1ecbch v\u1ee5 ch\u0103m s\u00f3c s\u1ee9c kh\u1ecfe t\u1ea1i Qu\u1eadn Travis ph\u00eda \u0110\u00f4ng. C\u00f3 b\u1ed1n m\u01b0\u01a1i ba ng\u01b0\u1eddi tham d\u1ef1.\u00a0<\/span><span class=\"s1\">Ch\u01b0\u01a1ng tr\u00ecnh bao g\u1ed3m ph\u1ea7n \u0111\u00e1nh gi\u00e1 b\u00e1o c\u00e1o nh\u00e2n kh\u1ea9u h\u1ecdc g\u1ea7n \u0111\u00e2y c\u1ee7a ch\u00fang t\u00f4i do JP Eichmiller th\u1ef1c hi\u1ec7n, v\u00e0 ph\u1ea7n t\u1ed5ng quan to\u00e0n di\u1ec7n v\u1ec1 t\u1ea5t c\u1ea3 c\u00e1c d\u1ef1 \u00e1n t\u1ea1i Qu\u1eadn \u0110\u00f4ng Travis do Larry Wallace th\u1ef1c hi\u1ec7n. Sau c\u00e1c b\u00e0i thuy\u1ebft tr\u00ecnh, ch\u00fang t\u00f4i \u0111\u00e3 t\u1ed5 ch\u1ee9c m\u1ed9t bu\u1ed5i th\u1ea3o lu\u1eadn nh\u00f3m, bao g\u1ed3m c\u00e1c c\u00e2u h\u1ecfi t\u1eeb kh\u00e1n gi\u1ea3, v\u1edbi s\u1ef1 tham gia c\u1ee7a Larry Wallace v\u00e0 c\u00e1c \u0111\u1ed1i t\u00e1c sau:<\/span><\/p>\n<ol class=\"ol1\">\n<li class=\"li1\"><span class=\"s1\">Sherri Fleming \u2013 Gi\u00e1m \u0111\u1ed1c \u0111i\u1ec1u h\u00e0nh Qu\u1eadn, S\u1edf Y t\u1ebf v\u00e0 D\u1ecbch v\u1ee5 Nh\u00e2n sinh Qu\u1eadn Travis<\/span><\/li>\n<li class=\"li1\"><span class=\"s1\">Jaeson Fournier \u2013 T\u1ed5ng gi\u00e1m \u0111\u1ed1c \u0111i\u1ec1u h\u00e0nh, Trung t\u00e2m Y t\u1ebf CommUnityCare<\/span><\/li>\n<li class=\"li1\"><span class=\"s1\">Hugh Simmons \u2013 Gi\u00e1m \u0111\u1ed1c Qu\u1ea3n l\u00fd Th\u1ef1c h\u00e0nh, Integral Care<\/span><\/li>\n<li class=\"li1\"><span class=\"s1\">Stephanie Hayden \u2013 Gi\u00e1m \u0111\u1ed1c S\u1edf Y t\u1ebf C\u00f4ng c\u1ed9ng Austin<\/span><\/li>\n<li class=\"li1\"><span class=\"s1\">Ti\u1ebfn s\u0129 Stephanie Morgan \u2013 Gi\u00e1o s\u01b0 \u0110i\u1ec1u d\u01b0\u1ee1ng L\u00e2m s\u00e0ng, Tr\u01b0\u1eddng \u0110i\u1ec1u d\u01b0\u1ee1ng UT<\/span><\/li>\n<li class=\"li1\"><span class=\"s1\">Michelle Meaux \u2013 Gi\u00e1m \u0111\u1ed1c \u0111i\u1ec1u ph\u1ed1i khu v\u1ef1c, Capital Metro<\/span><\/li>\n<\/ol>\n<p>&nbsp;<\/p>\n<p><a class=\"button\" href=\"https:\/\/centralhealth-local.sbdev.io\/wp-content\/uploads\/2018\/05\/ETC_CommunityConversation_May14_TB_ID.pdf\" target=\"_blank\" rel=\"noopener noreferrer\">T\u1ea3i xu\u1ed1ng b\u00e0i thuy\u1ebft tr\u00ecnh<\/a><\/p>\n<h3>C\u00e1c \u1ee6y ban C\u1ed1 v\u1ea5n<\/h3>\n<p>\u0110\u1ec3 \u0111\u1ea3m b\u1ea3o c\u1ed9ng \u0111\u1ed3ng c\u00f3 \u0111\u01b0\u1ee3c v\u1ecb th\u1ebf trong vi\u1ec7c l\u1eadp k\u1ebf ho\u1ea1ch m\u1edf r\u1ed9ng d\u1ecbch v\u1ee5 y t\u1ebf t\u1ea1i khu v\u1ef1c c\u1ee7a m\u00ecnh, Central Health \u0111\u00e3 th\u00e0nh l\u1eadp c\u00e1c \u1ee7y ban c\u1ed1 v\u1ea5n v\u00e0o \u0111\u1ea7u n\u0103m 2018. C\u00e1c th\u00e0nh vi\u00ean \u0111\u1ea1i di\u1ec7n cho c\u00e1c \u0111\u1ed1i t\u00e1c c\u1ed9ng \u0111\u1ed3ng, ng\u01b0\u1eddi v\u1eadn \u0111\u1ed9ng, hi\u1ec7p h\u1ed9i khu ph\u1ed1, khu h\u1ecdc ch\u00e1nh, c\u00e1c t\u1ed5 ch\u1ee9c t\u00f4n gi\u00e1o v\u00e0 c\u00e1c quan ch\u1ee9c d\u00e2n c\u1eed. Xem danh s\u00e1ch th\u00e0nh vi\u00ean c\u1ee7a t\u1eebng \u1ee7y ban c\u1ed1 v\u1ea5n b\u00ean d\u01b0\u1edbi.<\/p>\n<p><a class=\"button\" href=\"https:\/\/centralhealth-local.sbdev.io\/wp-content\/uploads\/2018\/05\/2018.4.25Central_Health_Advisory_Committee_Charter_2018_ID.pdf\" target=\"_blank\" rel=\"noopener noreferrer\">Xem x\u00e9t l\u1ea1i Hi\u1ebfn ch\u01b0\u01a1ng \u1ee6y ban C\u1ed1 v\u1ea5n<\/a><\/p>\n<h3>\u1ee6y ban C\u1ed1 v\u1ea5n M\u1edf r\u1ed9ng D\u1ecbch v\u1ee5 Y t\u1ebf Qu\u1eadn Travis \u0110\u00f4ng Nam<\/h3>\n<ul>\n<li>C\u1ea3nh s\u00e1t tr\u01b0\u1edfng Ken Bailey, \u0110\u1ed9i D\u1ecbch v\u1ee5 Kh\u1ea9n c\u1ea5p Qu\u1eadn Travis, Qu\u1eadn 11<\/li>\n<li>\u00d4ng Matt Balthazar, Trung t\u00e2m Y t\u1ebf CommUnityCare<\/li>\n<li>B\u00e0 Kynthia Brooks, Ng\u01b0\u1eddi \u1ee7ng h\u1ed9 c\u1ed9ng \u0111\u1ed3ng<\/li>\n<li>B\u00e0 Darilynn Cardona-Beiler, Ch\u0103m s\u00f3c To\u00e0n di\u1ec7n<\/li>\n<li>C\u00f4 Melissa Cepeda, Central Health<\/li>\n<li>C\u00f4 Paula Di Nello, Th\u01b0 vi\u1ec7n C\u1ed9ng \u0111\u1ed3ng Elroy<\/li>\n<li>\u00d4ng Charles Diggs, H\u1ed9i \u0111\u1ed3ng Qu\u1ea3n tr\u1ecb Khu H\u1ecdc ch\u00e1nh \u0110\u1ed9c l\u1eadp Del Valle<\/li>\n<li>\u00d4ng Allen Doss, Ng\u01b0\u1eddi \u1ee7ng h\u1ed9 c\u1ed9ng \u0111\u1ed3ng<\/li>\n<li>\u00d4ng Jim Elman, Ng\u01b0\u1eddi \u1ee7ng h\u1ed9 c\u1ed9ng \u0111\u1ed3ng<\/li>\n<li>B\u00e0 Janet Elman, Ng\u01b0\u1eddi \u1ee7ng h\u1ed9 c\u1ed9ng \u0111\u1ed3ng<\/li>\n<li>B\u00e0 Sherri Fleming, S\u1edf Y t\u1ebf v\u00e0 D\u1ecbch v\u1ee5 Nh\u00e2n sinh Qu\u1eadn Travis<\/li>\n<li>\u00d4ng Thomas Fritzinger, Hi\u1ec7p h\u1ed9i ch\u1ee7 nh\u00e0 Austin&#039;s Colony<\/li>\n<li>C\u00f4 Molly Garcia, Khu h\u1ecdc ch\u00e1nh \u0111\u1ed9c l\u1eadp Del Valle<\/li>\n<li>\u1ee6y vi\u00ean Margaret Gomez, Qu\u1eadn Travis, Khu v\u1ef1c 4<\/li>\n<li>C\u00f4 Isela Guerra, Central Health<\/li>\n<li>B\u00e0 Dawn Handley, Integral Care<\/li>\n<li>B\u00e0 Ann Hueberger, H\u1ed9i \u0111\u1ed3ng Qu\u1ea3n tr\u1ecb Khu H\u1ecdc ch\u00e1nh \u0110\u1ed9c l\u1eadp Del Valle<\/li>\n<li>B\u00e0 Sherry Mansell, Ng\u01b0\u1eddi \u1ee7ng h\u1ed9 c\u1ed9ng \u0111\u1ed3ng<\/li>\n<li>B\u00e0 Michelle Meaux, CapMetro<\/li>\n<li>C\u1ea3nh s\u00e1t George Morales, Qu\u1eadn Travis, Khu v\u1ef1c 4<\/li>\n<li>Ti\u1ebfn s\u0129 Stephanie Morgan, Tr\u01b0\u1eddng \u0110i\u1ec1u d\u01b0\u1ee1ng UT<\/li>\n<li>C\u00f4 Rose Ortiz, Khu h\u1ecdc ch\u00e1nh \u0111\u1ed9c l\u1eadp Del Valle<\/li>\n<li>C\u00f4 Jean Phipps, Th\u01b0 vi\u1ec7n Garfield<\/li>\n<li>C\u00f4 Eva Rodriguez, Khu h\u1ecdc ch\u00e1nh \u0111\u1ed9c l\u1eadp Del Valle<\/li>\n<li>B\u00e0 Monica Saavedra, Trung t\u00e2m Y t\u1ebf CommUnityCare<\/li>\n<li>\u00d4ng Hugh Simmons, Integral Care<\/li>\n<li>\u00d4ng Jerry Staton, Ng\u01b0\u1eddi \u1ee7ng h\u1ed9 c\u1ed9ng \u0111\u1ed3ng<\/li>\n<li>B\u00e0 Alice Vallejo, Ng\u01b0\u1eddi \u1ee7ng h\u1ed9 c\u1ed9ng \u0111\u1ed3ng<\/li>\n<li>\u00d4ng Larry Wallace, Central Health<\/li>\n<\/ul>\n<p>&nbsp;<\/p>\n<h3>\u1ee6y ban C\u1ed1 v\u1ea5n Austin&#039;s Colony &amp; Hornsby Bend<\/h3>\n<ul>\n<li>C\u1ea3nh s\u00e1t tr\u01b0\u1edfng David Bailey, \u0110\u1ed9i C\u1ee9u h\u1ecfa, Qu\u1eadn Travis, Khu v\u1ef1c 11<\/li>\n<li>\u00d4ng Matt Balthazar, Trung t\u00e2m Y t\u1ebf CommUnityCare<\/li>\n<li>C\u00f4 Rebecca Birch, Khu h\u1ecdc ch\u00e1nh \u0111\u1ed9c l\u1eadp Del Valle<\/li>\n<li>B\u00e0 Caitlin Brown, T\u00f2a \u00e1n \u1ee6y vi\u00ean Qu\u1eadn Travis<\/li>\n<li>B\u00e0 Kristen Bruton, Trung t\u00e2m Y t\u1ebf CommUnityCare<\/li>\n<li>\u00d4ng Rod Castilleja, C\u01b0 d\u00e2n<\/li>\n<li>C\u00f4 Esmeralda Castillo, Khu h\u1ecdc ch\u00e1nh \u0111\u1ed9c l\u1eadp Del Valle<\/li>\n<li>B\u00e0 Lorena Cruz, c\u01b0 d\u00e2n<\/li>\n<li>B\u00e0 Sherri Fleming, S\u1edf Y t\u1ebf v\u00e0 D\u1ecbch v\u1ee5 Nh\u00e2n sinh Qu\u1eadn Travis v\u00e0 D\u1ecbch v\u1ee5 C\u1ef1u chi\u1ebfn binh<\/li>\n<li>\u00d4ng Richard Franklin, C\u01b0 d\u00e2n<\/li>\n<li>\u00d4ng Larry Gant, Li\u00ean minh C\u1ed9ng \u0111\u1ed3ng v\u00ec S\u1ee9c kh\u1ecfe<\/li>\n<li>B\u00e0 Connie Gonzales, C\u01b0 d\u00e2n<\/li>\n<li>C\u00f4 Alejandra Gonzalez, UT Austin \u2013 Trung t\u00e2m S\u1ed1ng Kh\u1ecfe Michael v\u00e0 Susan Dell<\/li>\n<li>C\u00f4 Elvia Guardian, Khu h\u1ecdc ch\u00e1nh \u0111\u1ed9c l\u1eadp Del Valle<\/li>\n<li>B\u00e0 Yanet Guzman, C\u01b0 d\u00e2n<\/li>\n<li>B\u00e0 StephanieHayden, S\u1edf Y t\u1ebf C\u00f4ng c\u1ed9ng Austin<\/li>\n<li>C\u00f4 Amanda Hernandez, Tr\u01b0\u1eddng C\u00f4ng l\u1eadp KIPP Austin<\/li>\n<li>B\u00e0 Angela Herron, C\u01b0 d\u00e2n<\/li>\n<li>\u00d4ng Shannon Jones, Central Health<\/li>\n<li>B\u00e0 Michelle Meaux, Capital Metro<\/li>\n<li>C\u00f4 Danniela M\u00e9ndez, Tr\u01b0\u1eddng Ti\u1ec3u h\u1ecdc DVISD-Hornsby-Dunlap<\/li>\n<li>Ti\u1ebfn s\u0129 Charles Moody, Li\u00ean minh C\u1ed9ng \u0111\u1ed3ng v\u00ec S\u1ee9c kh\u1ecfe<\/li>\n<li>B\u00e0 Melia O&#039;Dell, Hi\u1ec7p h\u1ed9i ch\u1ee7 nh\u00e0 Austin&#039;s Colony<\/li>\n<li>C\u00f4 Mario Palacios, Tr\u01b0\u1eddng Trung h\u1ecdc C\u01a1 s\u1edf DVISD-Dailey<\/li>\n<li>B\u00e0 Joanna Saucedo, C\u01b0 d\u00e2n<\/li>\n<li>\u00d4ng Del Stinson, Li\u00ean minh C\u1ed9ng \u0111\u1ed3ng v\u00ec S\u1ee9c kh\u1ecfe<\/li>\n<li>\u00d4ng Joe Stinson, Li\u00ean minh C\u1ed9ng \u0111\u1ed3ng v\u00ec S\u1ee9c kh\u1ecfe<\/li>\n<li>B\u00e0 Mia Talley, Li\u00ean minh C\u1ed9ng \u0111\u1ed3ng v\u00ec S\u1ee9c kh\u1ecfe<\/li>\n<li>C\u00f4 Patricia Taylor, Tr\u01b0\u1eddng Trung h\u1ecdc C\u01a1 s\u1edf DVISD-Dailey<\/li>\n<li>B\u00e0 Iset Tenorio, C\u01b0 d\u00e2n<\/li>\n<li>\u1ee6y vi\u00ean Jeff Travillion, Qu\u1eadn Travis, Khu v\u1ef1c 1<\/li>\n<li>B\u00e0 Stephanie Trevino, S\u1edf Y t\u1ebf C\u00f4ng c\u1ed9ng Austin<\/li>\n<li>B\u00e0 Cynthia Vankuren, C\u01b0 d\u00e2n<\/li>\n<li>\u00d4ng Angel Zambrano, S\u1edf Y t\u1ebf C\u00f4ng c\u1ed9ng Austin<\/li>\n<\/ul>\n<p>&nbsp;<\/p>\n<h3>\u1ee6y ban C\u1ed1 v\u1ea5n Trung t\u00e2m S\u1ee9c kh\u1ecfe v\u00e0 Th\u1ec3 ch\u1ea5t \u0110\u00f4ng B\u1eafc<\/h3>\n<ul>\n<li>B\u00e0 Courtney Bailey, Tr\u01b0\u1eddng Y Dell, \u0110\u1ea1i h\u1ecdc Texas t\u1ea1i Austin<\/li>\n<li>\u00d4ng Matt Balthazar, Trung t\u00e2m Y t\u1ebf CommUnityCare<\/li>\n<li>\u00d4ng Martin Barrera, Th\u00e0nh ph\u1ed1 Austin, S\u1edf Ph\u00e1t tri\u1ec3n Kinh t\u1ebf<\/li>\n<li>\u00d4ng Yassiel Caballero, KIPP Austin<\/li>\n<li>B\u00e0 Darilynn Cardona-Beiler, Ch\u0103m s\u00f3c To\u00e0n di\u1ec7n<\/li>\n<li>C\u00f4 Melissa Cepeda, Central Health<\/li>\n<li>C\u00f4 Courtney Colvin, Khu h\u1ecdc ch\u00e1nh \u0111\u1ed9c l\u1eadp Austin, Tr\u01b0\u1eddng ti\u1ec3u h\u1ecdc Overton<\/li>\n<li>B\u00e0 Margarita Decierdo, T\u1eadp \u0111o\u00e0n Ph\u00e1t tri\u1ec3n C\u1ed9ng \u0111\u1ed3ng Colony Park\/Lakeside<\/li>\n<li>B\u00e0 Tabitha Donald, S\u1edf Y t\u1ebf C\u00f4ng c\u1ed9ng Th\u00e0nh ph\u1ed1 Austin<\/li>\n<li>B\u00e0 Sherri Fleming, S\u1edf Y t\u1ebf v\u00e0 D\u1ecbch v\u1ee5 Nh\u00e2n sinh Qu\u1eadn Travis<\/li>\n<li>C\u00f4 Beverly D. Gonzalez, Khu h\u1ecdc ch\u00e1nh \u0111\u1ed9c l\u1eadp Manor, Tr\u01b0\u1eddng ti\u1ec3u h\u1ecdc Decker<\/li>\n<li>\u00d4ng Sammy Hall, C\u00f4ng vi\u00ean di \u0111\u1ed9ng Loma Vista<\/li>\n<li>B\u00e0 Dawn Handley, Integral Care<\/li>\n<li>B\u00e0 Stephanie Hayden, S\u1edf Y t\u1ebf C\u00f4ng c\u1ed9ng Th\u00e0nh ph\u1ed1 Austin<\/li>\n<li>C\u00f4 Cinnamon Henley, YMCA C\u1ed9ng \u0111\u1ed3ng ph\u00eda \u0110\u00f4ng<\/li>\n<li>\u1ee6y vi\u00ean H\u1ed9i \u0111\u1ed3ng Ora Houston, Th\u00e0nh ph\u1ed1 Austin, Qu\u1eadn 1<\/li>\n<li>B\u00e0 Erin Knox, Hi\u1ec7p h\u1ed9i khu ph\u1ed1 Agave<\/li>\n<li>C\u00f4 Rebecca Lott, Khu h\u1ecdc ch\u00e1nh \u0111\u1ed9c l\u1eadp Manor<\/li>\n<li>B\u00e0 Christa McCarthy, Trung t\u00e2m C\u00f4ng vi\u00ean v\u00e0 Gi\u1ea3i tr\u00ed Austin<\/li>\n<li>B\u00e0 Michelle Meaux, Capital Metro<\/li>\n<li>Ti\u1ebfn s\u0129 Charles Moody, Li\u00ean minh C\u1ed9ng \u0111\u1ed3ng v\u00ec S\u1ee9c kh\u1ecfe<\/li>\n<li>B\u00e0 Tonya Nixon, C\u1ea3nh s\u00e1t Qu\u1eadn Travis, Khu v\u1ef1c M\u1ed9t<\/li>\n<li>\u00d4ng DeVon Odem, Trung t\u00e2m C\u00f4ng vi\u00ean v\u00e0 Gi\u1ea3i tr\u00ed Austin \u2013 Trung t\u00e2m Gi\u1ea3i tr\u00ed Turner Roberts<\/li>\n<li>C\u00f4 Liliana Ordo\u00f1ez, Central Health<\/li>\n<li>C\u00f4 Ariana Ramirez, Khu h\u1ecdc ch\u00e1nh \u0111\u1ed9c l\u1eadp Manor, Tr\u01b0\u1eddng ti\u1ec3u h\u1ecdc Meadows<\/li>\n<li>\u00d4ng Chris Rios, Trung t\u00e2m Y t\u1ebf CommUnityCare<\/li>\n<li>B\u00e0 Monica Saavedra, Trung t\u00e2m Y t\u1ebf CommUnityCare<\/li>\n<li>\u00d4ng Hugh Simmons, Integral Care<\/li>\n<li>B\u00e0 Barbara Scott, Hi\u1ec7p h\u1ed9i khu ph\u1ed1 Colony Park<\/li>\n<li>C\u00f4 Tracy Spinner, Khu h\u1ecdc ch\u00e1nh \u0111\u1ed9c l\u1eadp Austin<\/li>\n<li>B\u00e0 Mia Talley, Li\u00ean minh C\u1ed9ng \u0111\u1ed3ng v\u00ec S\u1ee9c kh\u1ecfe<\/li>\n<li>C\u00f4 Lynda Townsend, Khu h\u1ecdc ch\u00e1nh \u0111\u1ed9c l\u1eadp Manor<\/li>\n<li>B\u00e0 Scheleen Walker, S\u1edf Giao th\u00f4ng V\u1eadn t\u1ea3i v\u00e0 T\u00e0i nguy\u00ean Thi\u00ean nhi\u00ean Qu\u1eadn Travis<\/li>\n<li>\u00d4ng Larry Wallace, Central Health<\/li>\n<li>\u00d4ng Ike Williams, Hi\u1ec7p h\u1ed9i khu ph\u1ed1 LBJ<\/li>\n<li>B\u00e0 Sophia Williams, Th\u00e0nh ph\u1ed1 Austin<\/li>\n<li>B\u00e0 Pat Wilson, Ng\u01b0\u1eddi \u1ee7ng h\u1ed9 c\u1ed9ng \u0111\u1ed3ng<\/li>\n<\/ul>\n<p>&nbsp;<\/p>","protected":false},"excerpt":{"rendered":"<p>Qualitative Survey In early 2017, Central Health partnered with Travis County and Del Valle Independent School District to conduct a survey, assessing the health care needs of the community. About [&hellip;]<\/p>\n","protected":false},"author":8,"featured_media":0,"parent":166119,"menu_order":14,"comment_status":"closed","ping_status":"closed","template":"","meta":{"_acf_changed":false,"_genesis_hide_title":false,"_genesis_hide_breadcrumbs":false,"_genesis_hide_singular_image":false,"_genesis_hide_footer_widgets":false,"_genesis_custom_body_class":"","_genesis_custom_post_class":"","_genesis_layout":"","footnotes":""},"class_list":["post-149240","page","type-page","status-publish","entry"],"acf":[],"_links":{"self":[{"href":"https:\/\/www.centralhealth.net\/vi\/wp-json\/wp\/v2\/pages\/149240","targetHints":{"allow":["GET"]}}],"collection":[{"href":"https:\/\/www.centralhealth.net\/vi\/wp-json\/wp\/v2\/pages"}],"about":[{"href":"https:\/\/www.centralhealth.net\/vi\/wp-json\/wp\/v2\/types\/page"}],"author":[{"embeddable":true,"href":"https:\/\/www.centralhealth.net\/vi\/wp-json\/wp\/v2\/users\/8"}],"replies":[{"embeddable":true,"href":"https:\/\/www.centralhealth.net\/vi\/wp-json\/wp\/v2\/comments?post=149240"}],"version-history":[{"count":2,"href":"https:\/\/www.centralhealth.net\/vi\/wp-json\/wp\/v2\/pages\/149240\/revisions"}],"predecessor-version":[{"id":197616,"href":"https:\/\/www.centralhealth.net\/vi\/wp-json\/wp\/v2\/pages\/149240\/revisions\/197616"}],"up":[{"embeddable":true,"href":"https:\/\/www.centralhealth.net\/vi\/wp-json\/wp\/v2\/pages\/166119"}],"wp:attachment":[{"href":"https:\/\/www.centralhealth.net\/vi\/wp-json\/wp\/v2\/media?parent=149240"}],"curies":[{"name":"wp","href":"https:\/\/api.w.org\/{rel}","templated":true}]}}