{"id":149275,"date":"2018-03-12T09:25:23","date_gmt":"2018-03-12T14:25:23","guid":{"rendered":"https:\/\/centralhealth.sbdev.io\/?page_id=149275"},"modified":"2024-02-02T14:35:58","modified_gmt":"2024-02-02T20:35:58","slug":"message-board","status":"publish","type":"page","link":"https:\/\/www.centralhealth.net\/vi\/about-central-health\/board-of-managers\/message-board\/","title":{"rendered":"B\u1ea3ng tin H\u1ed9i \u0111\u1ed3ng qu\u1ea3n l\u00fd"},"content":{"rendered":"<div id=\"af-wrapper\"><div id=\"forum-header\"><div id=\"forum-navigation-mobile\"><a><span class=\"fas fa-bars\"><\/span>Th\u1ef1c \u0111\u01a1n<\/a><\/div><span class=\"screen-reader-text\">\u0110i\u1ec1u h\u01b0\u1edbng di\u1ec5n \u0111\u00e0n<\/span><div id=\"forum-navigation\"><a class=\"home-link\" href=\"https:\/\/www.centralhealth.net\/vi\/about-central-health\/board-of-managers\/message-board\" target=\"_self\">Di\u1ec5n \u0111\u00e0n<\/a><a class=\"activity-link\" href=\"https:\/\/www.centralhealth.net\/vi\/about-central-health\/board-of-managers\/message-board\/activity\/\" target=\"_self\">Ho\u1ea1t \u0111\u1ed9ng<\/a><a class=\"login-link\" href=\"https:\/\/www.centralhealth.net\/wp-login.php?redirect_to=https%3A%2F%2Fwww.centralhealth.net%2Fvi%2Fwp-json%2Fwp%2Fv2%2Fpages%2F149275\" target=\"_self\">\u0110\u0103ng nh\u1eadp<\/a><a class=\"register-link\" href=\"https:\/\/www.centralhealth.net\/wp-login.php?action=register\" target=\"_self\">\u0110\u0103ng k\u00fd<\/a><\/div><div id=\"forum-search\"><span class=\"search-icon fas fa-search\"><\/span><form method=\"get\" action=\"https:\/\/www.centralhealth.net\/vi\/about-central-health\/board-of-managers\/message-board\/search\/\" data-trp-original-action=\"https:\/\/www.centralhealth.net\/vi\/about-central-health\/board-of-managers\/message-board\/search\/\"><input name=\"keywords\" type=\"search\" placeholder=\"T\u00ecm ki\u1ebfm ...\" value=\"\"><input type=\"hidden\" name=\"trp-form-language\" value=\"vi\"\/><\/form><\/div><div class=\"clear\"><\/div><\/div><div id=\"forum-breadcrumbs\" itemscope itemtype=\"http:\/\/schema.org\/BreadcrumbList\"><span class=\"screen-reader-text\">\u0110\u01b0\u1eddng d\u1eabn di\u1ec5n \u0111\u00e0n - B\u1ea1n \u0111ang \u1edf \u0111\u00e2y:<\/span><span class=\"breadcrumb-icon fas fa-home\"><\/span><span itemprop=\"itemListElement\" itemscope itemtype=\"https:\/\/schema.org\/ListItem\"><a itemprop=\"item\" href=\"https:\/\/www.centralhealth.net\/vi\/about-central-health\/board-of-managers\/message-board\" title=\"Di\u1ec5n \u0111\u00e0n\"><span itemprop=\"name\">Di\u1ec5n \u0111\u00e0n<\/span><\/a><meta itemprop=\"position\" content=\"1\"><\/span><span class=\"breadcrumb-icon fas fa-chevron-right separator\"><\/span><\/div><h1 class=\"main-title main-title-\">Di\u1ec5n \u0111\u00e0n<\/h1><div class=\"title-element\" id=\"forum-category-114\">H\u1ed9i \u0111\u1ed3ng qu\u1ea3n l\u00fd<span class=\"last-post-headline\">B\u00e0i vi\u1ebft cu\u1ed1i c\u00f9ng<\/span><\/div><div class=\"content-container\"><div class=\"content-element forum\" id=\"forum-11\"><div class=\"forum-status unread\"><i class=\"fas fa-comments\"><\/i><\/div><div class=\"forum-name\"><a class=\"forum-title\" href=\"https:\/\/www.centralhealth.net\/vi\/about-central-health\/board-of-managers\/message-board\/forum\/board-discussion\/\">Th\u1ea3o lu\u1eadn c\u1ee7a H\u1ed9i \u0111\u1ed3ng qu\u1ea3n tr\u1ecb<\/a><small class=\"forum-description\">Th\u1ea3o lu\u1eadn kh\u00f4ng li\u00ean quan \u0111\u1ebfn m\u1ed9t m\u1ee5c c\u1ee5 th\u1ec3 trong ch\u01b0\u01a1ng tr\u00ecnh ngh\u1ecb s\u1ef1 c\u1ee7a cu\u1ed9c h\u1ecdp<\/small><small class=\"forum-stats\">15 Ch\u1ee7 \u0111\u1ec1 \u00b7 20 B\u00e0i vi\u1ebft<\/small><small class=\"forum-lastpost-small\">B\u00e0i vi\u1ebft cu\u1ed1i c\u00f9ng:&nbsp;<a href=\"https:\/\/www.centralhealth.net\/vi\/about-central-health\/board-of-managers\/message-board\/topic\/nominations-for-officers-of-the-board-on-behalf-of-eliza-may-ad-hoc-nominations-committee-chair\/#postid-104\">\u0110\u1ec1 c\u1eed cho c\u00e1c ch\u1ee9c v\u1ee5 trong Ban \u2026<\/a>&nbsp;\u00b7&nbsp;<a href=\"https:\/\/www.centralhealth.net\/vi\/about-central-health\/board-of-managers\/message-board\/topic\/nominations-for-officers-of-the-board-on-behalf-of-eliza-may-ad-hoc-nominations-committee-chair\/#postid-104\">4 th\u00e1ng tr\u01b0\u1edbc<\/a>&nbsp;\u00b7&nbsp;<a class=\"profile-link highlight-admin\" href=\"#\">Dan Rosino, Chuy\u00ean gia d\u1ecbch v\u1ee5 web<\/a><\/small><\/div><div class=\"forum-poster\"><div class=\"forum-poster-avatar\"><img alt='' src='https:\/\/secure.gravatar.com\/avatar\/2fe543910094a00534cd6ac3f342c22ddea6426fef5bda937ee72e589d712832?s=40&#038;d=mm&#038;r=g' srcset='https:\/\/secure.gravatar.com\/avatar\/2fe543910094a00534cd6ac3f342c22ddea6426fef5bda937ee72e589d712832?s=80&#038;d=mm&#038;r=g 2x' class='avatar avatar-40 photo' height='40' width='40' \/><\/div><div class=\"forum-poster-summary\"><a href=\"https:\/\/www.centralhealth.net\/vi\/about-central-health\/board-of-managers\/message-board\/topic\/nominations-for-officers-of-the-board-on-behalf-of-eliza-may-ad-hoc-nominations-committee-chair\/#postid-104\">\u0110\u1ec1 c\u1eed cho c\u00e1c ch\u1ee9c v\u1ee5 \u2026<\/a><br><small><a href=\"https:\/\/www.centralhealth.net\/vi\/about-central-health\/board-of-managers\/message-board\/topic\/nominations-for-officers-of-the-board-on-behalf-of-eliza-may-ad-hoc-nominations-committee-chair\/#postid-104\">4 th\u00e1ng tr\u01b0\u1edbc<\/a><span>&nbsp;\u00b7&nbsp;<\/span><a class=\"profile-link highlight-admin\" href=\"#\">Dan Rosino, Chuy\u00ean gia d\u1ecbch v\u1ee5 web<\/a><\/small><\/div><\/div><\/div><div class=\"content-element forum\" id=\"forum-13\"><div class=\"forum-status unread\"><i class=\"fas fa-comments\"><\/i><\/div><div class=\"forum-name\"><a class=\"forum-title\" href=\"https:\/\/www.centralhealth.net\/vi\/about-central-health\/board-of-managers\/message-board\/forum\/fy-2024-budget\/\">Ng\u00e2n s\u00e1ch n\u0103m t\u00e0i ch\u00ednh 2024<\/a><small class=\"forum-stats\">3 Ch\u1ee7 \u0111\u1ec1 \u00b7 3 B\u00e0i vi\u1ebft<\/small><small class=\"forum-lastpost-small\">B\u00e0i vi\u1ebft cu\u1ed1i c\u00f9ng:&nbsp;<a href=\"https:\/\/www.centralhealth.net\/vi\/about-central-health\/board-of-managers\/message-board\/topic\/budget-attachments-a-b-aug-30-revision\/#postid-94\">Ph\u1ee5 l\u1ee5c ng\u00e2n s\u00e1ch A &amp; B - Ng\u00e0y 30 th\u00e1ng 8 \u2026<\/a>&nbsp;\u00b7&nbsp;<a href=\"https:\/\/www.centralhealth.net\/vi\/about-central-health\/board-of-managers\/message-board\/topic\/budget-attachments-a-b-aug-30-revision\/#postid-94\">3 n\u0103m ago<\/a>&nbsp;\u00b7&nbsp;<a class=\"profile-link highlight-admin\" href=\"#\">Mike McKinnon, Gi\u00e1m \u0111\u1ed1c N\u1ed9i dung<\/a><\/small><\/div><div class=\"forum-poster\"><div class=\"forum-poster-avatar\"><img alt='' src='https:\/\/secure.gravatar.com\/avatar\/a750b3d9128d2ed4ab01e65bd5c8f3f751dac365f218894c0f9bf81da4476e08?s=40&#038;d=mm&#038;r=g' srcset='https:\/\/secure.gravatar.com\/avatar\/a750b3d9128d2ed4ab01e65bd5c8f3f751dac365f218894c0f9bf81da4476e08?s=80&#038;d=mm&#038;r=g 2x' class='avatar avatar-40 photo' height='40' width='40' \/><\/div><div class=\"forum-poster-summary\"><a href=\"https:\/\/www.centralhealth.net\/vi\/about-central-health\/board-of-managers\/message-board\/topic\/budget-attachments-a-b-aug-30-revision\/#postid-94\">Ph\u1ee5 l\u1ee5c ng\u00e2n s\u00e1ch A &amp; B \u2026<\/a><br><small><a href=\"https:\/\/www.centralhealth.net\/vi\/about-central-health\/board-of-managers\/message-board\/topic\/budget-attachments-a-b-aug-30-revision\/#postid-94\">3 n\u0103m ago<\/a><span>&nbsp;\u00b7&nbsp;<\/span><a class=\"profile-link highlight-admin\" href=\"#\">Mike McKinnon, Gi\u00e1m \u0111\u1ed1c N\u1ed9i dung<\/a><\/small><\/div><\/div><\/div><div class=\"content-element forum\" id=\"forum-4\"><div class=\"forum-status unread\"><i class=\"fas fa-comments\"><\/i><\/div><div class=\"forum-name\"><a class=\"forum-title\" href=\"https:\/\/www.centralhealth.net\/vi\/about-central-health\/board-of-managers\/message-board\/forum\/fy18-board-meeting-packets\/\">Cu\u1ed9c h\u1ecdp H\u1ed9i \u0111\u1ed3ng qu\u1ea3n l\u00fd<\/a><small class=\"forum-description\">Ch\u01b0\u01a1ng tr\u00ecnh ngh\u1ecb s\u1ef1 v\u00e0 t\u00e0i li\u1ec7u cho c\u00e1c cu\u1ed9c h\u1ecdp c\u1ee7a H\u1ed9i \u0111\u1ed3ng qu\u1ea3n l\u00fd<\/small><small class=\"forum-stats\">23 ch\u1ee7 \u0111\u1ec1 \u00b7 23 b\u00e0i vi\u1ebft<\/small><small class=\"forum-lastpost-small\">B\u00e0i vi\u1ebft cu\u1ed1i c\u00f9ng:&nbsp;<a href=\"https:\/\/www.centralhealth.net\/vi\/about-central-health\/board-of-managers\/message-board\/topic\/follow-up-to-october-27-2021-bom-meeting\/#postid-88\">Ti\u1ebfp theo ng\u00e0y 27 th\u00e1ng 10 n\u0103m 2021 BOM \u2026<\/a>&nbsp;\u00b7&nbsp;<a href=\"https:\/\/www.centralhealth.net\/vi\/about-central-health\/board-of-managers\/message-board\/topic\/follow-up-to-october-27-2021-bom-meeting\/#postid-88\">4 n\u0103m tr\u01b0\u1edbc<\/a>&nbsp;\u00b7&nbsp;<a class=\"profile-link highlight-moderator\" href=\"#\">Briana Yanes, Qu\u1ea3n l\u00fd c\u1ea5p cao v\u1ec1 Qu\u1ea3n tr\u1ecb H\u1ed9i \u0111\u1ed3ng qu\u1ea3n tr\u1ecb<\/a><\/small><\/div><div class=\"forum-poster\"><div class=\"forum-poster-avatar\"><img alt='' src='https:\/\/secure.gravatar.com\/avatar\/eee6a4c89b8de011adbefc361f2b477c91e8a687d6846112dd08c6ed78ad7da8?s=40&#038;d=mm&#038;r=g' srcset='https:\/\/secure.gravatar.com\/avatar\/eee6a4c89b8de011adbefc361f2b477c91e8a687d6846112dd08c6ed78ad7da8?s=80&#038;d=mm&#038;r=g 2x' class='avatar avatar-40 photo' height='40' width='40' \/><\/div><div class=\"forum-poster-summary\"><a href=\"https:\/\/www.centralhealth.net\/vi\/about-central-health\/board-of-managers\/message-board\/topic\/follow-up-to-october-27-2021-bom-meeting\/#postid-88\">Ti\u1ebfp theo ng\u00e0y 27 th\u00e1ng 10, \u2026<\/a><br><small><a href=\"https:\/\/www.centralhealth.net\/vi\/about-central-health\/board-of-managers\/message-board\/topic\/follow-up-to-october-27-2021-bom-meeting\/#postid-88\">4 n\u0103m tr\u01b0\u1edbc<\/a><span>&nbsp;\u00b7&nbsp;<\/span><a class=\"profile-link highlight-moderator\" href=\"#\">Briana Yanes, Qu\u1ea3n l\u00fd c\u1ea5p cao v\u1ec1 Qu\u1ea3n tr\u1ecb H\u1ed9i \u0111\u1ed3ng qu\u1ea3n tr\u1ecb<\/a><\/small><\/div><\/div><\/div><div class=\"content-element forum\" id=\"forum-5\"><div class=\"forum-status unread\"><i class=\"fas fa-comments\"><\/i><\/div><div class=\"forum-name\"><a class=\"forum-title\" href=\"https:\/\/www.centralhealth.net\/vi\/about-central-health\/board-of-managers\/message-board\/forum\/fy18-budget-finance-committee-packets-2\/\">Cu\u1ed9c h\u1ecdp c\u1ee7a \u1ee6y ban Ng\u00e2n s\u00e1ch v\u00e0 T\u00e0i ch\u00ednh<\/a><small class=\"forum-description\">Ch\u01b0\u01a1ng tr\u00ecnh ngh\u1ecb s\u1ef1 v\u00e0 t\u00e0i li\u1ec7u cho c\u00e1c cu\u1ed9c h\u1ecdp c\u1ee7a \u1ee6y ban Ng\u00e2n s\u00e1ch v\u00e0 T\u00e0i ch\u00ednh n\u0103m t\u00e0i ch\u00ednh 2018<\/small><small class=\"forum-stats\">10 ch\u1ee7 \u0111\u1ec1 \u00b7 10 b\u00e0i vi\u1ebft<\/small><small class=\"forum-lastpost-small\">B\u00e0i vi\u1ebft cu\u1ed1i c\u00f9ng:&nbsp;<a href=\"https:\/\/www.centralhealth.net\/vi\/about-central-health\/board-of-managers\/message-board\/topic\/december-12-2018\/#postid-50\">Ng\u00e0y 12 th\u00e1ng 12 n\u0103m 2018<\/a>&nbsp;\u00b7&nbsp;<a href=\"https:\/\/www.centralhealth.net\/vi\/about-central-health\/board-of-managers\/message-board\/topic\/december-12-2018\/#postid-50\">7 n\u0103m tr\u01b0\u1edbc<\/a>&nbsp;\u00b7 Ng\u01b0\u1eddi d\u00f9ng \u0111\u00e3 x\u00f3a<\/small><\/div><div class=\"forum-poster\"><div class=\"forum-poster-avatar\"><img alt='' src='https:\/\/secure.gravatar.com\/avatar\/?s=40&#038;d=mm&#038;r=g' srcset='https:\/\/secure.gravatar.com\/avatar\/?s=80&#038;d=mm&#038;r=g 2x' class='avatar avatar-40 photo avatar-default' height='40' width='40' \/><\/div><div class=\"forum-poster-summary\"><a href=\"https:\/\/www.centralhealth.net\/vi\/about-central-health\/board-of-managers\/message-board\/topic\/december-12-2018\/#postid-50\">Ng\u00e0y 12 th\u00e1ng 12 n\u0103m 2018<\/a><br><small><a href=\"https:\/\/www.centralhealth.net\/vi\/about-central-health\/board-of-managers\/message-board\/topic\/december-12-2018\/#postid-50\">7 n\u0103m tr\u01b0\u1edbc<\/a><span>&nbsp;\u00b7&nbsp;<\/span>Ng\u01b0\u1eddi d\u00f9ng \u0111\u00e3 x\u00f3a<\/small><\/div><\/div><\/div><div class=\"content-element forum\" id=\"forum-6\"><div class=\"forum-status unread\"><i class=\"fas fa-comments\"><\/i><\/div><div class=\"forum-name\"><a class=\"forum-title\" href=\"https:\/\/www.centralhealth.net\/vi\/about-central-health\/board-of-managers\/message-board\/forum\/strategic-planning-committee\/\">\u1ee6y ban K\u1ebf ho\u1ea1ch Chi\u1ebfn l\u01b0\u1ee3c<\/a><small class=\"forum-stats\">7 Ch\u1ee7 \u0111\u1ec1 \u00b7 9 B\u00e0i vi\u1ebft<\/small><small class=\"forum-lastpost-small\">B\u00e0i vi\u1ebft cu\u1ed1i c\u00f9ng:&nbsp;<a href=\"https:\/\/www.centralhealth.net\/vi\/about-central-health\/board-of-managers\/message-board\/topic\/strategic-systems-of-care-planning\/#postid-90\">H\u1ec7 th\u1ed1ng l\u1eadp k\u1ebf ho\u1ea1ch ch\u0103m s\u00f3c chi\u1ebfn l\u01b0\u1ee3c<\/a>&nbsp;\u00b7&nbsp;<a href=\"https:\/\/www.centralhealth.net\/vi\/about-central-health\/board-of-managers\/message-board\/topic\/strategic-systems-of-care-planning\/#postid-90\">4 n\u0103m tr\u01b0\u1edbc<\/a>&nbsp;\u00b7&nbsp;<a class=\"profile-link highlight-admin\" href=\"#\">Mike McKinnon, Gi\u00e1m \u0111\u1ed1c N\u1ed9i dung<\/a><\/small><\/div><div class=\"forum-poster\"><div class=\"forum-poster-avatar\"><img alt='' src='https:\/\/secure.gravatar.com\/avatar\/a750b3d9128d2ed4ab01e65bd5c8f3f751dac365f218894c0f9bf81da4476e08?s=40&#038;d=mm&#038;r=g' srcset='https:\/\/secure.gravatar.com\/avatar\/a750b3d9128d2ed4ab01e65bd5c8f3f751dac365f218894c0f9bf81da4476e08?s=80&#038;d=mm&#038;r=g 2x' class='avatar avatar-40 photo' height='40' width='40' \/><\/div><div class=\"forum-poster-summary\"><a href=\"https:\/\/www.centralhealth.net\/vi\/about-central-health\/board-of-managers\/message-board\/topic\/strategic-systems-of-care-planning\/#postid-90\">H\u1ec7 th\u1ed1ng ch\u0103m s\u00f3c chi\u1ebfn l\u01b0\u1ee3c \u2026<\/a><br><small><a href=\"https:\/\/www.centralhealth.net\/vi\/about-central-health\/board-of-managers\/message-board\/topic\/strategic-systems-of-care-planning\/#postid-90\">4 n\u0103m tr\u01b0\u1edbc<\/a><span>&nbsp;\u00b7&nbsp;<\/span><a class=\"profile-link highlight-admin\" href=\"#\">Mike McKinnon, Gi\u00e1m \u0111\u1ed1c N\u1ed9i dung<\/a><\/small><\/div><\/div><\/div><div class=\"content-element forum\" id=\"forum-7\"><div class=\"forum-status unread\"><i class=\"fas fa-comments\"><\/i><\/div><div class=\"forum-name\"><a class=\"forum-title\" href=\"https:\/\/www.centralhealth.net\/vi\/about-central-health\/board-of-managers\/message-board\/forum\/quorum-events\/\">S\u1ef1 ki\u1ec7n Quorum<\/a><small class=\"forum-stats\">20 ch\u1ee7 \u0111\u1ec1 \u00b7 20 b\u00e0i vi\u1ebft<\/small><small class=\"forum-lastpost-small\">B\u00e0i vi\u1ebft cu\u1ed1i c\u00f9ng:&nbsp;<a href=\"https:\/\/www.centralhealth.net\/vi\/about-central-health\/board-of-managers\/message-board\/topic\/planned-parenthood-dinner\/#postid-69\">B\u1eefa t\u1ed1i c\u1ee7a Planned Parenthood<\/a>&nbsp;\u00b7&nbsp;<a href=\"https:\/\/www.centralhealth.net\/vi\/about-central-health\/board-of-managers\/message-board\/topic\/planned-parenthood-dinner\/#postid-69\">7 n\u0103m tr\u01b0\u1edbc<\/a>&nbsp;\u00b7 Ng\u01b0\u1eddi d\u00f9ng \u0111\u00e3 x\u00f3a<\/small><\/div><div class=\"forum-poster\"><div class=\"forum-poster-avatar\"><img alt='' src='https:\/\/secure.gravatar.com\/avatar\/?s=40&#038;d=mm&#038;r=g' srcset='https:\/\/secure.gravatar.com\/avatar\/?s=80&#038;d=mm&#038;r=g 2x' class='avatar avatar-40 photo avatar-default' height='40' width='40' \/><\/div><div class=\"forum-poster-summary\"><a href=\"https:\/\/www.centralhealth.net\/vi\/about-central-health\/board-of-managers\/message-board\/topic\/planned-parenthood-dinner\/#postid-69\">B\u1eefa t\u1ed1i c\u1ee7a Planned Parenthood<\/a><br><small><a href=\"https:\/\/www.centralhealth.net\/vi\/about-central-health\/board-of-managers\/message-board\/topic\/planned-parenthood-dinner\/#postid-69\">7 n\u0103m tr\u01b0\u1edbc<\/a><span>&nbsp;\u00b7&nbsp;<\/span>Ng\u01b0\u1eddi d\u00f9ng \u0111\u00e3 x\u00f3a<\/small><\/div><\/div><\/div><div class=\"content-element forum\" id=\"forum-8\"><div class=\"forum-status unread\"><i class=\"fas fa-comments\"><\/i><\/div><div class=\"forum-name\"><a class=\"forum-title\" href=\"https:\/\/www.centralhealth.net\/vi\/about-central-health\/board-of-managers\/message-board\/forum\/fy2019-budget\/\">Ng\u00e2n s\u00e1ch n\u0103m t\u00e0i ch\u00ednh 2019<\/a><small class=\"forum-stats\">3 Ch\u1ee7 \u0111\u1ec1 \u00b7 3 B\u00e0i vi\u1ebft<\/small><small class=\"forum-lastpost-small\">B\u00e0i vi\u1ebft cu\u1ed1i c\u00f9ng:&nbsp;<a href=\"https:\/\/www.centralhealth.net\/vi\/about-central-health\/board-of-managers\/message-board\/topic\/sendero-faq-english-spanish\/#postid-40\">C\u00e2u h\u1ecfi th\u01b0\u1eddng g\u1eb7p v\u1ec1 Sendero (ti\u1ebfng Anh v\u00e0 ti\u1ebfng T\u00e2y Ban Nha)<\/a>&nbsp;\u00b7&nbsp;<a href=\"https:\/\/www.centralhealth.net\/vi\/about-central-health\/board-of-managers\/message-board\/topic\/sendero-faq-english-spanish\/#postid-40\">8 n\u0103m tr\u01b0\u1edbc<\/a>&nbsp;\u00b7&nbsp;<a class=\"profile-link highlight-admin\" href=\"#\">Mike McKinnon, Gi\u00e1m \u0111\u1ed1c N\u1ed9i dung<\/a><\/small><\/div><div class=\"forum-poster\"><div class=\"forum-poster-avatar\"><img alt='' src='https:\/\/secure.gravatar.com\/avatar\/a750b3d9128d2ed4ab01e65bd5c8f3f751dac365f218894c0f9bf81da4476e08?s=40&#038;d=mm&#038;r=g' srcset='https:\/\/secure.gravatar.com\/avatar\/a750b3d9128d2ed4ab01e65bd5c8f3f751dac365f218894c0f9bf81da4476e08?s=80&#038;d=mm&#038;r=g 2x' class='avatar avatar-40 photo' height='40' width='40' \/><\/div><div class=\"forum-poster-summary\"><a href=\"https:\/\/www.centralhealth.net\/vi\/about-central-health\/board-of-managers\/message-board\/topic\/sendero-faq-english-spanish\/#postid-40\">C\u00e2u h\u1ecfi th\u01b0\u1eddng g\u1eb7p v\u1ec1 Sendero (Ti\u1ebfng Anh &amp; Ti\u1ebfng Sp \u2026<\/a><br><small><a href=\"https:\/\/www.centralhealth.net\/vi\/about-central-health\/board-of-managers\/message-board\/topic\/sendero-faq-english-spanish\/#postid-40\">8 n\u0103m tr\u01b0\u1edbc<\/a><span>&nbsp;\u00b7&nbsp;<\/span><a class=\"profile-link highlight-admin\" href=\"#\">Mike McKinnon, Gi\u00e1m \u0111\u1ed1c N\u1ed9i dung<\/a><\/small><\/div><\/div><\/div><div class=\"content-element forum\" id=\"forum-9\"><div class=\"forum-status unread\"><i class=\"fas fa-comments\"><\/i><\/div><div class=\"forum-name\"><a class=\"forum-title\" href=\"https:\/\/www.centralhealth.net\/vi\/about-central-health\/board-of-managers\/message-board\/forum\/reports\/\">B\u00e1o c\u00e1o<\/a><small class=\"forum-stats\">9 Ch\u1ee7 \u0111\u1ec1 \u00b7 9 B\u00e0i vi\u1ebft<\/small><small class=\"forum-lastpost-small\">B\u00e0i vi\u1ebft cu\u1ed1i c\u00f9ng:&nbsp;<a href=\"https:\/\/www.centralhealth.net\/vi\/about-central-health\/board-of-managers\/message-board\/topic\/action-required-nominations-for-the-integral-care-board-of-directors\/#postid-73\">H\u00c0NH \u0110\u1ed8NG C\u1ea6N THI\u1ebeT: \u0110\u1ec1 c\u1eed cho t \u2026<\/a>&nbsp;\u00b7&nbsp;<a href=\"https:\/\/www.centralhealth.net\/vi\/about-central-health\/board-of-managers\/message-board\/topic\/action-required-nominations-for-the-integral-care-board-of-directors\/#postid-73\">7 n\u0103m tr\u01b0\u1edbc<\/a>&nbsp;\u00b7&nbsp;<a class=\"profile-link highlight-moderator\" href=\"#\">Briana Yanes, Qu\u1ea3n l\u00fd c\u1ea5p cao v\u1ec1 Qu\u1ea3n tr\u1ecb H\u1ed9i \u0111\u1ed3ng qu\u1ea3n tr\u1ecb<\/a><\/small><\/div><div class=\"forum-poster\"><div class=\"forum-poster-avatar\"><img alt='' src='https:\/\/secure.gravatar.com\/avatar\/eee6a4c89b8de011adbefc361f2b477c91e8a687d6846112dd08c6ed78ad7da8?s=40&#038;d=mm&#038;r=g' srcset='https:\/\/secure.gravatar.com\/avatar\/eee6a4c89b8de011adbefc361f2b477c91e8a687d6846112dd08c6ed78ad7da8?s=80&#038;d=mm&#038;r=g 2x' class='avatar avatar-40 photo' height='40' width='40' \/><\/div><div class=\"forum-poster-summary\"><a href=\"https:\/\/www.centralhealth.net\/vi\/about-central-health\/board-of-managers\/message-board\/topic\/action-required-nominations-for-the-integral-care-board-of-directors\/#postid-73\">H\u00c0NH \u0110\u1ed8NG C\u1ea6N THI\u1ebeT: \u0110\u1ec1 c\u1eed \u2026<\/a><br><small><a href=\"https:\/\/www.centralhealth.net\/vi\/about-central-health\/board-of-managers\/message-board\/topic\/action-required-nominations-for-the-integral-care-board-of-directors\/#postid-73\">7 n\u0103m tr\u01b0\u1edbc<\/a><span>&nbsp;\u00b7&nbsp;<\/span><a class=\"profile-link highlight-moderator\" href=\"#\">Briana Yanes, Qu\u1ea3n l\u00fd c\u1ea5p cao v\u1ec1 Qu\u1ea3n tr\u1ecb H\u1ed9i \u0111\u1ed3ng qu\u1ea3n tr\u1ecb<\/a><\/small><\/div><\/div><\/div><div class=\"content-element forum\" id=\"forum-10\"><div class=\"forum-status unread\"><i class=\"fas fa-comments\"><\/i><\/div><div class=\"forum-name\"><a class=\"forum-title\" href=\"https:\/\/www.centralhealth.net\/vi\/about-central-health\/board-of-managers\/message-board\/forum\/performance-review\/\">\u0110\u00e1nh gi\u00e1 hi\u1ec7u su\u1ea5t<\/a><small class=\"forum-stats\">1 Ch\u1ee7 \u0111\u1ec1 \u00b7 1 B\u00e0i vi\u1ebft<\/small><small class=\"forum-lastpost-small\">B\u00e0i vi\u1ebft cu\u1ed1i c\u00f9ng:&nbsp;<a href=\"https:\/\/www.centralhealth.net\/vi\/about-central-health\/board-of-managers\/message-board\/topic\/germane-solutions-source-documents\/#postid-8\">T\u00e0i li\u1ec7u ngu\u1ed3n c\u1ee7a Germane Solutions<\/a>&nbsp;\u00b7&nbsp;<a href=\"https:\/\/www.centralhealth.net\/vi\/about-central-health\/board-of-managers\/message-board\/topic\/germane-solutions-source-documents\/#postid-8\">8 n\u0103m tr\u01b0\u1edbc<\/a>&nbsp;\u00b7 Ng\u01b0\u1eddi d\u00f9ng \u0111\u00e3 x\u00f3a<\/small><\/div><div class=\"forum-poster\"><div class=\"forum-poster-avatar\"><img alt='' src='https:\/\/secure.gravatar.com\/avatar\/?s=40&#038;d=mm&#038;r=g' srcset='https:\/\/secure.gravatar.com\/avatar\/?s=80&#038;d=mm&#038;r=g 2x' class='avatar avatar-40 photo avatar-default' height='40' width='40' \/><\/div><div class=\"forum-poster-summary\"><a href=\"https:\/\/www.centralhealth.net\/vi\/about-central-health\/board-of-managers\/message-board\/topic\/germane-solutions-source-documents\/#postid-8\">Ngu\u1ed3n Germane Solutions \u2026<\/a><br><small><a href=\"https:\/\/www.centralhealth.net\/vi\/about-central-health\/board-of-managers\/message-board\/topic\/germane-solutions-source-documents\/#postid-8\">8 n\u0103m tr\u01b0\u1edbc<\/a><span>&nbsp;\u00b7&nbsp;<\/span>Ng\u01b0\u1eddi d\u00f9ng \u0111\u00e3 x\u00f3a<\/small><\/div><\/div><\/div><\/div><div id=\"read-unread\"><span class=\"indicator unread\"><\/span><span class=\"indicator-label\">B\u00e0i vi\u1ebft m\u1edbi<\/span><span class=\"indicator read\"><\/span><span class=\"indicator-label\">Kh\u00f4ng c\u00f3 g\u00ec m\u1edbi<\/span><span class=\"indicator-label\"><span class=\"fas fa-check\"><\/span><a href=\"https:\/\/www.centralhealth.net\/vi\/about-central-health\/board-of-managers\/message-board\/markallread\/?_wpnonce=e50a7cf785\">\u0110\u00e1nh d\u1ea5u t\u1ea5t c\u1ea3 \u0111\u00e3 \u0111\u1ecdc<\/a><\/span><span class=\"indicator-label\"><span class=\"fas fa-history\"><\/span><a href=\"https:\/\/www.centralhealth.net\/vi\/about-central-health\/board-of-managers\/message-board\/unread\/\">Hi\u1ec3n th\u1ecb ch\u1ee7 \u0111\u1ec1 ch\u01b0a \u0111\u1ecdc<\/a><\/span><div class=\"clear\"><\/div><\/div><div id=\"statistics\"><div class=\"title-element title-element-dark\"><span class=\"title-element-icon fas fa-chart-pie\"><\/span>Th\u1ed1ng k\u00ea<\/div><div id=\"statistics-body\"><div id=\"statistics-elements\"><div class=\"statistics-element\"><div class=\"element-number\"><span class=\"statistics-element-icon far fa-comments\"><\/span>92<\/div><div class=\"element-name\">Ch\u1ee7 \u0111\u1ec1<\/div><\/div><div class=\"statistics-element\"><div class=\"element-number\"><span class=\"statistics-element-icon far fa-comment\"><\/span>99<\/div><div class=\"element-name\">B\u00e0i vi\u1ebft<\/div><\/div><div class=\"statistics-element\"><div class=\"element-number\"><span class=\"statistics-element-icon far fa-eye\"><\/span>6.031.727<\/div><div class=\"element-name\">L\u01b0\u1ee3t xem<\/div><\/div><div class=\"statistics-element\"><div class=\"element-number\"><span class=\"statistics-element-icon far fa-user\"><\/span>27<\/div><div class=\"element-name\">Ng\u01b0\u1eddi d\u00f9ng<\/div><\/div><div class=\"statistics-element\"><div class=\"element-number\"><span class=\"statistics-element-icon far fa-lightbulb\"><\/span>0<\/div><div class=\"element-name\">Tr\u1ef1c tuy\u1ebfn<\/div><\/div><\/div><div id=\"statistics-online-users\"><span class=\"online-users-icon fas fa-user\"><\/span>Th\u00e0nh vi\u00ean m\u1edbi nh\u1ea5t:&nbsp;<i><a class=\"profile-link highlight-default\" href=\"#\">Gerardo Lima<\/a><\/i>&nbsp;\u00b7&nbsp;<span class=\"online-users-icon fas fa-users\"><\/span><i>Hi\u1ec7n t\u1ea1i kh\u00f4ng c\u00f3 ai tr\u1ef1c tuy\u1ebfn.<\/i><\/div><\/div><div class=\"clear\"><\/div><\/div><div id=\"bottom-navigation\"><\/div><div class=\"clear\"><\/div><\/div>","protected":false},"excerpt":{"rendered":"","protected":false},"author":8,"featured_media":0,"parent":183597,"menu_order":0,"comment_status":"closed","ping_status":"closed","template":"templates\/layout-template.php","meta":{"_acf_changed":false,"_genesis_hide_title":false,"_genesis_hide_breadcrumbs":false,"_genesis_hide_singular_image":false,"_genesis_hide_footer_widgets":false,"_genesis_custom_body_class":"","_genesis_custom_post_class":"","_genesis_layout":"","footnotes":""},"class_list":["post-149275","page","type-page","status-publish","entry"],"acf":[],"_links":{"self":[{"href":"https:\/\/www.centralhealth.net\/vi\/wp-json\/wp\/v2\/pages\/149275","targetHints":{"allow":["GET"]}}],"collection":[{"href":"https:\/\/www.centralhealth.net\/vi\/wp-json\/wp\/v2\/pages"}],"about":[{"href":"https:\/\/www.centralhealth.net\/vi\/wp-json\/wp\/v2\/types\/page"}],"author":[{"embeddable":true,"href":"https:\/\/www.centralhealth.net\/vi\/wp-json\/wp\/v2\/users\/8"}],"replies":[{"embeddable":true,"href":"https:\/\/www.centralhealth.net\/vi\/wp-json\/wp\/v2\/comments?post=149275"}],"version-history":[{"count":0,"href":"https:\/\/www.centralhealth.net\/vi\/wp-json\/wp\/v2\/pages\/149275\/revisions"}],"up":[{"embeddable":true,"href":"https:\/\/www.centralhealth.net\/vi\/wp-json\/wp\/v2\/pages\/183597"}],"wp:attachment":[{"href":"https:\/\/www.centralhealth.net\/vi\/wp-json\/wp\/v2\/media?parent=149275"}],"curies":[{"name":"wp","href":"https:\/\/api.w.org\/{rel}","templated":true}]}}