{"id":156517,"date":"2020-09-14T09:52:34","date_gmt":"2020-09-14T14:52:34","guid":{"rendered":"https:\/\/centralhealth.sbdev.io\/?page_id=156517"},"modified":"2025-09-08T14:04:28","modified_gmt":"2025-09-08T19:04:28","slug":"2020-demographic-report","status":"publish","type":"page","link":"https:\/\/www.centralhealth.net\/vi\/2020-demographic-report\/","title":{"rendered":"B\u00e1o c\u00e1o nh\u00e2n kh\u1ea9u h\u1ecdc n\u0103m 2020"},"content":{"rendered":"","protected":false},"excerpt":{"rendered":"","protected":false},"author":8,"featured_media":0,"parent":0,"menu_order":209,"comment_status":"closed","ping_status":"closed","template":"templates\/layout-template.php","meta":{"_acf_changed":false,"_genesis_hide_title":false,"_genesis_hide_breadcrumbs":false,"_genesis_hide_singular_image":false,"_genesis_hide_footer_widgets":false,"_genesis_custom_body_class":"","_genesis_custom_post_class":"","_genesis_layout":"","footnotes":""},"class_list":["post-156517","page","type-page","status-publish","entry","has-post-thumbnail"],"acf":[],"_links":{"self":[{"href":"https:\/\/www.centralhealth.net\/vi\/wp-json\/wp\/v2\/pages\/156517","targetHints":{"allow":["GET"]}}],"collection":[{"href":"https:\/\/www.centralhealth.net\/vi\/wp-json\/wp\/v2\/pages"}],"about":[{"href":"https:\/\/www.centralhealth.net\/vi\/wp-json\/wp\/v2\/types\/page"}],"author":[{"embeddable":true,"href":"https:\/\/www.centralhealth.net\/vi\/wp-json\/wp\/v2\/users\/8"}],"replies":[{"embeddable":true,"href":"https:\/\/www.centralhealth.net\/vi\/wp-json\/wp\/v2\/comments?post=156517"}],"version-history":[{"count":6,"href":"https:\/\/www.centralhealth.net\/vi\/wp-json\/wp\/v2\/pages\/156517\/revisions"}],"predecessor-version":[{"id":197661,"href":"https:\/\/www.centralhealth.net\/vi\/wp-json\/wp\/v2\/pages\/156517\/revisions\/197661"}],"wp:attachment":[{"href":"https:\/\/www.centralhealth.net\/vi\/wp-json\/wp\/v2\/media?parent=156517"}],"curies":[{"name":"wp","href":"https:\/\/api.w.org\/{rel}","templated":true}]}}