{"id":156950,"date":"2020-10-20T13:59:37","date_gmt":"2020-10-20T18:59:37","guid":{"rendered":"https:\/\/centralhealth.sbdev.io\/?page_id=156950"},"modified":"2026-04-03T10:16:12","modified_gmt":"2026-04-03T15:16:12","slug":"nehrc","status":"publish","type":"page","link":"https:\/\/www.centralhealth.net\/vi\/clinical-services\/locations\/nehrc\/","title":{"rendered":"Trung t\u00e2m T\u00e0i nguy\u00ean Y t\u1ebf \u0110\u00f4ng B\u1eafc"},"content":{"rendered":"","protected":false},"excerpt":{"rendered":"","protected":false},"author":8,"featured_media":0,"parent":177213,"menu_order":0,"comment_status":"closed","ping_status":"closed","template":"templates\/get-care.php","meta":{"_acf_changed":false,"_genesis_hide_title":false,"_genesis_hide_breadcrumbs":false,"_genesis_hide_singular_image":false,"_genesis_hide_footer_widgets":false,"_genesis_custom_body_class":"","_genesis_custom_post_class":"","_genesis_layout":"","footnotes":""},"class_list":["post-156950","page","type-page","status-publish","entry","has-post-thumbnail"],"acf":[],"_links":{"self":[{"href":"https:\/\/www.centralhealth.net\/vi\/wp-json\/wp\/v2\/pages\/156950","targetHints":{"allow":["GET"]}}],"collection":[{"href":"https:\/\/www.centralhealth.net\/vi\/wp-json\/wp\/v2\/pages"}],"about":[{"href":"https:\/\/www.centralhealth.net\/vi\/wp-json\/wp\/v2\/types\/page"}],"author":[{"embeddable":true,"href":"https:\/\/www.centralhealth.net\/vi\/wp-json\/wp\/v2\/users\/8"}],"replies":[{"embeddable":true,"href":"https:\/\/www.centralhealth.net\/vi\/wp-json\/wp\/v2\/comments?post=156950"}],"version-history":[{"count":24,"href":"https:\/\/www.centralhealth.net\/vi\/wp-json\/wp\/v2\/pages\/156950\/revisions"}],"predecessor-version":[{"id":204317,"href":"https:\/\/www.centralhealth.net\/vi\/wp-json\/wp\/v2\/pages\/156950\/revisions\/204317"}],"up":[{"embeddable":true,"href":"https:\/\/www.centralhealth.net\/vi\/wp-json\/wp\/v2\/pages\/177213"}],"wp:attachment":[{"href":"https:\/\/www.centralhealth.net\/vi\/wp-json\/wp\/v2\/media?parent=156950"}],"curies":[{"name":"wp","href":"https:\/\/api.w.org\/{rel}","templated":true}]}}