{"id":166609,"date":"2022-04-01T13:47:06","date_gmt":"2022-04-01T18:47:06","guid":{"rendered":"https:\/\/www.centralhealth.net\/?page_id=166609"},"modified":"2025-09-09T11:06:44","modified_gmt":"2025-09-09T16:06:44","slug":"shared-commitments","status":"publish","type":"page","link":"https:\/\/www.centralhealth.net\/vi\/about-central-health\/board-of-managers\/shared-commitments\/","title":{"rendered":"Cam k\u1ebft chung c\u1ee7a H\u1ed9i \u0111\u1ed3ng qu\u1ea3n l\u00fd"},"content":{"rendered":"<h2>Central Health H\u1ed9i \u0111\u1ed3ng qu\u1ea3n l\u00fd \u0111\u00e3 th\u1ed1ng nh\u1ea5t c\u00e1c cam k\u1ebft chung<\/h2>\n<h3>\u0111\u01b0\u1ee3c th\u00f4ng qua v\u00e0o ng\u00e0y 30 th\u00e1ng 6 n\u0103m 2021<\/h3>\n<p>Trong khi \u0111\u00f3, H\u1ed9i \u0111\u1ed3ng qu\u1ea3n l\u00fd c\u1ee7a Central Health \u0111\u00e3 t\u1eadp h\u1ee3p l\u1ea1i th\u00e0nh m\u1ed9t c\u01a1 quan qu\u1ea3n l\u00fd \u0111\u1ec3 \u0111\u1ea3m b\u1ea3o T\u1ea7m nh\u00ecn c\u1ee7a Central Health: Trung t\u00e2m Texas l\u00e0 m\u1ed9t c\u1ed9ng \u0111\u1ed3ng y t\u1ebf ki\u1ec3u m\u1eabu;<\/p>\n<p>Trong khi \u0111\u00f3, H\u1ed9i \u0111\u1ed3ng qu\u1ea3n l\u00fd c\u1ee7a Central Health bi\u1ebfn t\u1ea7m nh\u00ecn n\u00e0y th\u00e0nh hi\u1ec7n th\u1ef1c b\u1eb1ng c\u00e1ch th\u1ef1c hi\u1ec7n s\u1ee9 m\u1ec7nh ch\u0103m s\u00f3c nh\u1eefng ng\u01b0\u1eddi c\u1ea7n nh\u1ea5t v\u00e0 qua \u0111\u00f3 c\u1ea3i thi\u1ec7n s\u1ee9c kh\u1ecfe cho c\u1ed9ng \u0111\u1ed3ng c\u1ee7a ch\u00fang ta;<\/p>\n<p>Trong khi \u0111\u00f3, H\u1ed9i \u0111\u1ed3ng qu\u1ea3n l\u00fd c\u1ee7a Central Health \u0111\u1ea1t \u0111\u01b0\u1ee3c s\u1ef1 xu\u1ea5t s\u1eafc h\u01b0\u1edbng t\u1edbi t\u1ea7m nh\u00ecn v\u00e0 s\u1ee9 m\u1ec7nh n\u00e0y th\u00f4ng qua c\u00e1c gi\u00e1 tr\u1ecb \u0111\u00e3 n\u00eau l\u00e0 Qu\u1ea3n l\u00fd, \u0110\u1ed5i m\u1edbi, T\u00f4n tr\u1ecdng v\u00e0 H\u1ee3p t\u00e1c;<\/p>\n<p>Trong khi \u0111\u00f3, H\u1ed9i \u0111\u1ed3ng qu\u1ea3n l\u00fd c\u1ee7a Central Health, c\u00f2n \u0111\u01b0\u1ee3c g\u1ecdi l\u00e0 ch\u00fang t\u00f4i trong t\u00e0i li\u1ec7u n\u00e0y, hi\u1ec3u r\u1eb1ng ch\u1ee7 ngh\u0129a ph\u00e2n bi\u1ec7t ch\u1ee7ng t\u1ed9c c\u00f3 h\u1ec7 th\u1ed1ng l\u00e0 g\u1ed1c r\u1ec5 c\u1ee7a b\u1ea5t b\u00ecnh \u0111\u1eb3ng v\u1ec1 s\u1ee9c kh\u1ecfe ph\u00e1t sinh t\u1eeb l\u1ecbch s\u1eed ph\u00e2n bi\u1ec7t ch\u1ee7ng t\u1ed9c \u1edf Texas bao g\u1ed3m Qu\u1eadn Travis, g\u00f3p ph\u1ea7n v\u00e0o c\u00e1c y\u1ebfu t\u1ed1 x\u00e3 h\u1ed9i quy\u1ebft \u0111\u1ecbnh s\u1ee9c kh\u1ecfe \u0111\u00f3ng vai tr\u00f2 ch\u00ednh trong vi\u1ec7c t\u1ea1o ra k\u1ebft qu\u1ea3 s\u1ee9c kh\u1ecfe kh\u00f4ng b\u00ecnh \u0111\u1eb3ng;<\/p>\n<p>V\u1edbi t\u01b0 c\u00e1ch l\u00e0 m\u1ed9t t\u1ed5 ch\u1ee9c, Central Health ch\u1ed1ng ph\u00e2n bi\u1ec7t ch\u1ee7ng t\u1ed9c v\u00e0 cam k\u1ebft x\u00e2y d\u1ef1ng m\u1ed9t n\u1ec1n v\u0103n h\u00f3a \u0111a d\u1ea1ng v\u00e0 h\u00f2a nh\u1eadp, h\u01b0\u1edbng t\u1edbi s\u1ef1 c\u00f4ng b\u1eb1ng v\u00e0 c\u00f4ng l\u00fd x\u00e3 h\u1ed9i trong qu\u00e1 tr\u00ecnh theo \u0111u\u1ed5i s\u1ee9 m\u1ec7nh c\u1ee7a m\u00ecnh:<\/p>\n<ol>\n<li>\n<p>Ch\u00fang t\u00f4i cam k\u1ebft th\u00f4ng b\u00e1o t\u1ea5t c\u1ea3 c\u00e1c h\u00e0nh \u0111\u1ed9ng c\u1ee7a m\u00ecnh v\u1edbi t\u01b0 c\u00e1ch l\u00e0 Qu\u1ea3n l\u00fd H\u1ed9i \u0111\u1ed3ng v\u1edbi s\u1ef1 hi\u1ec3u bi\u1ebft r\u1eb1ng ch\u00fang t\u00f4i c\u00f3 tr\u00e1ch nhi\u1ec7m nh\u1eadn ra v\u00e0 ng\u0103n ch\u1eb7n c\u00e1c h\u1ec7 th\u1ed1ng \u00e1p b\u1ee9c. \u0110i\u1ec1u n\u00e0y bao g\u1ed3m vi\u1ec7c hi\u1ec3u r\u00f5 c\u1ea5u tr\u00fac quy\u1ec1n l\u1ef1c \u1edf Hoa K\u1ef3, Texas v\u00e0 Qu\u1eadn Travis, v\u1ed1n mang l\u1ea1i l\u1ee3i th\u1ebf cho m\u1ed9t s\u1ed1 th\u00e0nh vi\u00ean c\u1ed9ng \u0111\u1ed3ng nh\u1ea5t \u0111\u1ecbnh v\u00e0 trong l\u1ecbch s\u1eed \u0111\u00e3 g\u00e2y b\u1ea5t l\u1ee3i cho c\u00e1c th\u00e0nh vi\u00ean c\u1ed9ng \u0111\u1ed3ng kh\u00e1c d\u1ef1a tr\u00ean m\u00e0u da, ch\u1ee7ng t\u1ed9c, s\u1eafc t\u1ed9c, ng\u00f4n ng\u1eef v\u00e0\/ho\u1eb7c c\u00e1c \u0111\u1eb7c \u0111i\u1ec3m kh\u00e1c c\u1ee7a h\u1ecd. Ch\u00fang t\u00f4i c\u0169ng hi\u1ec3u r\u1eb1ng \u0111\u1ec3 ph\u00e1 v\u1ee1 c\u1ea5u tr\u00fac quy\u1ec1n l\u1ef1c n\u00e0y v\u00e0 b\u1ea5t b\u00ecnh \u0111\u1eb3ng v\u1ec1 s\u1ee9c kh\u1ecfe m\u00e0 n\u00f3 t\u1ea1o ra, ch\u00fang ta ph\u1ea3i h\u1ee3p t\u00e1c \u0111\u1ec3 c\u00f9ng nhau \u1ee9ng ph\u00f3 v\u1edbi th\u1ef1c t\u1ebf s\u1ed1ng \u0111\u1ed9ng c\u1ee7a t\u1ea5t c\u1ea3 c\u00e1c s\u1eafc t\u1ed9c, ch\u1ee7ng t\u1ed9c v\u00e0 b\u1ea3n s\u1eafc b\u1ecb thi\u1ec7t th\u00f2i trong h\u1ec7 th\u1ed1ng n\u00e0y v\u00e0 t\u1ea5t c\u1ea3 c\u00e1c b\u1ea3n s\u1eafc v\u00e0 c\u1ed9ng \u0111\u1ed3ng b\u1ecb \u00e1p b\u1ee9c trong l\u1ecbch s\u1eed b\u1ecb thi\u1ec7t th\u00f2i trong h\u1ec7 th\u1ed1ng n\u00e0y. Ch\u00fang t\u00f4i cam k\u1ebft hi\u1ec3u r\u1eb1ng khi c\u00e1c c\u1ed9ng \u0111\u1ed3ng y\u1ebfu th\u1ebf c\u1ea1nh tranh v\u1edbi nhau, t\u1ea5t c\u1ea3 ch\u00fang ta \u0111\u1ec1u thua thi\u1ec7t trong h\u1ec7 th\u1ed1ng n\u00e0y, v\u00e0 c\u00e1ch duy nh\u1ea5t \u0111\u1ec3 ti\u1ebfn l\u00ean l\u00e0 c\u00f9ng nhau h\u1ee3p t\u00e1c v\u00ec l\u1ee3i \u00edch c\u1ee7a t\u1ea5t c\u1ea3 c\u00e1c c\u1ed9ng \u0111\u1ed3ng b\u1ecb \u00e1p b\u1ee9c.<\/p>\n<\/li>\n<li>\n<p>Ch\u00fang t\u00f4i cam k\u1ebft \u00e1p d\u1ee5ng m\u00f4 h\u00ecnh L\u00e3nh \u0111\u1ea1o S\u00e1ng t\u1ea1o, \u0111\u00f2i h\u1ecfi ch\u00fang t\u00f4i ph\u1ea3i hi\u1ec3u v\u00e0 th\u1ef1c h\u00e0nh tinh th\u1ea7n h\u1ee3p t\u00e1c v\u00e0 tr\u00e1ch nhi\u1ec7m gi\u1ea3i tr\u00ecnh, \u0111\u01b0\u1ee3c th\u1ec3 hi\u1ec7n b\u1eb1ng vi\u1ec7c tu\u00e2n th\u1ee7 c\u00e1c quy tr\u00ecnh h\u1ecdp \u0111\u00e3 th\u1ed1ng nh\u1ea5t v\u00e0 \u0111\u1ea3m b\u1ea3o t\u1ea5t c\u1ea3 c\u00e1c th\u00e0nh vi\u00ean \u0111\u1ec1u c\u00f3 c\u01a1 h\u1ed9i ph\u00e1t bi\u1ec3u t\u01b0\u01a1ng \u0111\u01b0\u01a1ng. Ch\u00fang t\u00f4i c\u0169ng cam k\u1ebft th\u1ef1c hi\u1ec7n ch\u1ee7 \u0111\u00edch tr\u01b0\u1edbc khi ph\u00e1t bi\u1ec3u, bao g\u1ed3m: c\u00e2n nh\u1eafc: m\u1ee5c ti\u00eau c\u1ee7a nh\u1eefng g\u00ec t\u00f4i mu\u1ed1n chia s\u1ebb l\u00e0 g\u00ec; \u0111\u00e2y c\u00f3 ph\u1ea3i l\u00e0 th\u1eddi \u0111i\u1ec3m th\u00edch h\u1ee3p \u0111\u1ec3 chia s\u1ebb kh\u00f4ng; v\u00e0 li\u1ec7u \u0111i\u1ec1u n\u00e0y c\u00f3 ph\u00f9 h\u1ee3p v\u1edbi m\u1ee5c ti\u00eau chung c\u1ee7a ch\u00fang t\u00f4i t\u1ea1i th\u1eddi \u0111i\u1ec3m c\u1ee5 th\u1ec3 n\u00e0y trong cu\u1ed9c h\u1ecdp n\u00e0y kh\u00f4ng?<\/p>\n<\/li>\n<li>\n<p>Ch\u00fang t\u00f4i cam k\u1ebft v\u1ec1 Xung \u0111\u1ed9t s\u00e1ng t\u1ea1o bao g\u1ed3m vi\u1ec7c tham gia v\u00e0o c\u00e1c b\u1ea5t \u0111\u1ed3ng v\u00e0 kh\u00e1c bi\u1ec7t v\u1ec1 quan \u0111i\u1ec3m theo c\u00e1ch l\u00e0m s\u00e2u s\u1eafc th\u00eam m\u1ed1i quan h\u1ec7 v\u00e0 l\u00f2ng tin b\u1eb1ng c\u00e1ch m\u1edf r\u1ed9ng ki\u1ebfn th\u1ee9c v\u00e0 s\u1ef1 hi\u1ec3u bi\u1ebft l\u1eabn nhau, bao g\u1ed3m c\u1ea3 vi\u1ec7c mong \u0111\u1ee3i c\u00e1c \u00fd t\u01b0\u1edfng c\u1ee7a ch\u00fang t\u00f4i \u0111\u01b0\u1ee3c m\u1edf r\u1ed9ng v\u00e0 l\u00e0m phong ph\u00fa th\u00eam b\u1eb1ng c\u00e1ch h\u1ecdc h\u1ecfi v\u00e0 tham gia v\u1edbi c\u00e1c \u00fd t\u01b0\u1edfng c\u1ee7a Qu\u1ea3n l\u00fd H\u1ed9i \u0111\u1ed3ng qu\u1ea3n tr\u1ecb kh\u00e1c, l\u1ef1a ch\u1ecdn s\u1ef1 t\u00f2 m\u00f2 thay v\u00ec c\u1ea1nh tranh \u00fd t\u01b0\u1edfng v\u00e0 g\u1eafn k\u1ebft c\u00e1c cu\u1ed9c tr\u00f2 chuy\u1ec7n c\u1ee7a ch\u00fang t\u00f4i v\u00e0o m\u1ee5c \u0111\u00edch chung.<\/p>\n<\/li>\n<li>\n<p>Ch\u00fang t\u00f4i cam k\u1ebft th\u1ef1c h\u00e0nh tr\u00ed tu\u1ec7 c\u1ea3m x\u00fac v\u1edbi t\u01b0 c\u00e1ch l\u00e0 nh\u00e0 l\u00e3nh \u0111\u1ea1o, bao g\u1ed3m nh\u1eadn th\u1ee9c \u0111\u01b0\u1ee3c c\u1ea3m x\u00fac v\u00e0 ph\u1ea3n \u1ee9ng c\u1ee7a ch\u00ednh m\u00ecnh v\u00e0 qu\u1ea3n l\u00fd ch\u00fang, c\u0169ng nh\u01b0 nh\u1eadn th\u1ee9c \u0111\u01b0\u1ee3c t\u00e1c \u0111\u1ed9ng c\u1ee7a m\u00ecnh \u0111\u1ed1i v\u1edbi ng\u01b0\u1eddi kh\u00e1c v\u00e0 qu\u1ea3n l\u00fd t\u00e1c \u0111\u1ed9ng n\u00e0y v\u00ec l\u1ee3i \u00edch chung khi ch\u00fang t\u00f4i gi\u1eef vai tr\u00f2 l\u00e0 Qu\u1ea3n l\u00fd H\u1ed9i \u0111\u1ed3ng qu\u1ea3n tr\u1ecb.<\/p>\n<\/li>\n<li>\n<p>Ch\u00fang t\u00f4i cam k\u1ebft nh\u1eadn th\u1ee9c \u0111\u01b0\u1ee3c c\u00e1c \u0111\u1eb7c quy\u1ec1n v\u00e0 l\u1ee3i th\u1ebf c\u1ee7a ri\u00eang m\u00ecnh trong c\u01a1 c\u1ea5u kinh t\u1ebf v\u00e0 ch\u00ednh tr\u1ecb x\u00e3 h\u1ed9i c\u1ee7a Hoa K\u1ef3, Texas v\u00e0 Qu\u1eadn Travis \u0111\u1ec3 s\u1eed d\u1ee5ng nh\u1eefng l\u1ee3i \u00edch n\u00e0y nh\u1eb1m x\u00f3a b\u1ecf b\u1ea5t b\u00ecnh \u0111\u1eb3ng gi\u1eefa c\u00e1c nh\u00f3m d\u00e2n t\u1ed9c c\u00f3 ho\u00e0n c\u1ea3nh l\u1ecbch s\u1eed kh\u00f3 kh\u0103n.<\/p>\n<\/li>\n<li>\n<p>Ch\u00fang t\u00f4i cam k\u1ebft ng\u0103n ch\u1eb7n vi\u1ec7c th\u1ef1c hi\u1ec7n c\u00e1c h\u00e0nh vi x\u00e2m ph\u1ea1m nh\u1ecf th\u00f4ng qua vi\u1ec7c n\u00e2ng cao nh\u1eadn th\u1ee9c v\u1ec1 l\u1ecbch s\u1eed v\u00e0 s\u1ef1 \u00e1p b\u1ee9c c\u1ee7a c\u00e1c b\u1ea3n s\u1eafc v\u00e0 c\u1ed9ng \u0111\u1ed3ng \u0111a d\u1ea1ng. V\u00ec m\u1ee5c \u0111\u00edch n\u00e0y, ch\u00fang t\u00f4i cam k\u1ebft n\u1ed7 l\u1ef1c t\u00ecm hi\u1ec3u b\u1ed1i c\u1ea3nh l\u1ecbch s\u1eed, v\u1ed1n \u0111\u1ecbnh h\u00ecnh th\u1ef1c t\u1ebf s\u1ed1ng \u0111\u1ed9ng c\u1ee7a t\u1ea5t c\u1ea3 c\u00e1c b\u1ea3n s\u1eafc v\u00e0 c\u1ed9ng \u0111\u1ed3ng t\u1eebng b\u1ecb \u00e1p b\u1ee9c trong l\u1ecbch s\u1eed, v\u00e0 s\u1eed d\u1ee5ng \u0111i\u1ec1u n\u00e0y \u0111\u1ec3 ng\u0103n ch\u1eb7n vi\u1ec7c s\u1eed d\u1ee5ng ng\u00f4n ng\u1eef v\u00e0 th\u1ef1c hi\u1ec7n c\u00e1c h\u00e0nh \u0111\u1ed9ng c\u00f3 th\u1ec3 g\u00e2y h\u1ea1i d\u1ef1a tr\u00ean nh\u1eefng l\u1ecbch s\u1eed n\u00e0y.<\/p>\n<\/li>\n<li>\n<p>N\u1ebfu v\u00f4 t\u00ecnh ph\u1ea1m ph\u1ea3i h\u00e0nh vi g\u00e2y h\u1ea5n vi m\u00f4, ch\u00fang ta c\u1ed1 g\u1eafng t\u1ef1 m\u00ecnh nh\u1eadn th\u1ee9c ngay l\u1eadp t\u1ee9c v\u1ec1 t\u1ed5n h\u1ea1i m\u00e0 m\u00ecnh \u0111\u00e3 g\u00e2y ra. N\u1ebfu m\u1ed9t Qu\u1ea3n l\u00fd H\u1ed9i \u0111\u1ed3ng Qu\u1ea3n tr\u1ecb kh\u00e1c r\u1ed9ng l\u01b0\u1ee3ng gi\u00fap ch\u00fang ta nh\u1eadn th\u1ee9c \u0111\u01b0\u1ee3c h\u00e0nh vi g\u00e2y h\u1ea5n vi m\u00f4 m\u00e0 m\u00ecnh \u0111\u00e3 g\u00e2y ra, ch\u00fang ta hoan ngh\u00eanh s\u1ef1 h\u1ed7 tr\u1ee3 trong qu\u00e1 tr\u00ecnh h\u1ecdc h\u1ecfi v\u00e0 ph\u00e1t tri\u1ec3n c\u1ee7a m\u00ecnh v\u1edbi t\u01b0 c\u00e1ch l\u00e0 m\u1ed9t nh\u00e0 l\u00e3nh \u0111\u1ea1o v\u00e0 ngay l\u1eadp t\u1ee9c b\u00e0y t\u1ecf l\u00f2ng bi\u1ebft \u01a1n v\u00ec \u0111\u00e3 gi\u00fap ch\u00fang ta nh\u1eadn th\u1ee9c \u0111\u01b0\u1ee3c, th\u1eeba nh\u1eadn sai l\u1ea7m \u0111\u00e3 m\u1eafc ph\u1ea3i, th\u1eeba nh\u1eadn t\u00e1c \u0111\u1ed9ng c\u1ee7a t\u1ed5n h\u1ea1i m\u00e0 ch\u00fang ta \u0111\u00e3 g\u00e2y ra v\u00e0 cam k\u1ebft kh\u1eafc ph\u1ee5c th\u00f4ng qua l\u1eddi xin l\u1ed7i v\u00e0 n\u00eau r\u00f5 nh\u1eefng g\u00ec ch\u00fang ta s\u1ebd l\u00e0m \u0111\u1ec3 tr\u00e1nh l\u1eb7p l\u1ea1i t\u1ed5n h\u1ea1i \u0111\u00f3 trong t\u01b0\u01a1ng lai.<\/p>\n<\/li>\n<li>\n<p>N\u1ebfu ch\u00fang t\u00f4i quan s\u00e1t th\u1ea5y m\u1ed9t trong nh\u1eefng ng\u01b0\u1eddi qu\u1ea3n l\u00fd H\u1ed9i \u0111\u1ed3ng qu\u1ea3n tr\u1ecb c\u00f3 h\u00e0nh vi g\u00e2y h\u1ea5n nh\u1ecf, ch\u00fang t\u00f4i cam k\u1ebft s\u1ebd g\u1ecdi \u0111i\u1ec7n cho h\u1ecd v\u00e0 cho h\u1ecd bi\u1ebft m\u1ed9t c\u00e1ch t\u00f4n tr\u1ecdng v\u00e0 t\u1eed t\u1ebf v\u1ec1 l\u1ed7i l\u1ea7m \u0111\u00e3 m\u1eafc ph\u1ea3i.<\/p>\n<\/li>\n<li>\n<p>Ch\u00fang t\u00f4i hi\u1ec3u r\u1eb1ng nhi\u1ec1u ng\u01b0\u1eddi trong ch\u00fang ta, v\u1edbi t\u01b0 c\u00e1ch l\u00e0 nh\u1eefng ng\u01b0\u1eddi s\u1ed1ng s\u00f3t sau nh\u1eefng b\u1ea3n s\u1eafc v\u00e0 c\u1ed9ng \u0111\u1ed3ng b\u1ecb \u00e1p b\u1ee9c trong l\u1ecbch s\u1eed, mang trong m\u00ecnh nh\u1eefng c\u00e2u chuy\u1ec7n n\u1ed9i t\u00e2m v\u1ec1 s\u1ef1 \u00e1p b\u1ee9c, v\u00e0 ch\u00fang ta c\u00f3 th\u1ec3 v\u00f4 t\u00ecnh th\u1ec3 hi\u1ec7n nh\u1eefng s\u1ef1 \u00e1p b\u1ee9c n\u00e0y \u0111\u1ed1i v\u1edbi ng\u01b0\u1eddi kh\u00e1c theo nh\u1eefng c\u00e1ch g\u00e2y h\u1ea1i v\u00e0 ch\u00fang ta Cam k\u1ebft th\u1ef1c hi\u1ec7n c\u00f9ng m\u1ed9t quy tr\u00ecnh \u0111\u01b0\u1ee3c x\u00e1c \u0111\u1ecbnh trong m\u1ee5c 7 v\u00e0 8 \u0111\u1ec3 tham gia s\u1eeda ch\u1eefa v\u00e0 quay tr\u1edf l\u1ea1i c\u00e1c quy tr\u00ecnh h\u1ee3p t\u00e1c mang t\u00ednh s\u00e1ng t\u1ea1o.<\/p>\n<\/li>\n<li>\n<p>Ch\u00fang t\u00f4i hi\u1ec3u r\u1eb1ng ngay c\u1ea3 khi kh\u00f4ng c\u00f3 l\u1ecbch s\u1eed \u00e1p b\u1ee9c l\u00e0m gia t\u0103ng m\u1ee9c \u0111\u1ed9 t\u1ed5n h\u1ea1i, th\u00ec vi\u1ec7c th\u1ec3 hi\u1ec7n \u0111\u1ecbnh ki\u1ebfn v\u00e0 th\u00f4 l\u1ed7 c\u0169ng c\u00f3 th\u1ec3 g\u00e2y h\u1ea1i cho c\u00e1c m\u1ee5c ti\u00eau chung c\u1ee7a ch\u00fang t\u00f4i v\u00e0 ch\u00fang t\u00f4i cam k\u1ebft th\u1ef1c hi\u1ec7n c\u00f9ng m\u1ed9t quy tr\u00ecnh \u0111\u01b0\u1ee3c x\u00e1c \u0111\u1ecbnh trong m\u1ee5c 7 v\u00e0 8 \u0111\u1ec3 tham gia s\u1eeda ch\u1eefa v\u00e0 quay tr\u1edf l\u1ea1i c\u00e1c quy tr\u00ecnh h\u1ee3p t\u00e1c mang t\u00ednh s\u00e1ng t\u1ea1o.<\/p>\n<\/li>\n<li>\n<p>Ch\u00fang t\u00f4i cam k\u1ebft s\u1eed d\u1ee5ng Khung c\u00f4ng l\u00fd x\u00e3 h\u1ed9i v\u00e0 ch\u1ee7ng t\u1ed9c (trang ti\u1ebfp theo) \u0111\u1ec3 \u0111\u01b0a ra quy\u1ebft \u0111\u1ecbnh khi ch\u00fang t\u00f4i c\u00f9ng nhau l\u00e0m vi\u1ec7c v\u00ec l\u1ee3i \u00edch chung c\u1ee7a c\u1ed9ng \u0111\u1ed3ng khi x\u00f3a b\u1ecf b\u1ea5t b\u00ecnh \u0111\u1eb3ng v\u1ec1 s\u1ee9c kh\u1ecfe v\u00e0 t\u1ea1o ra m\u1ed9t c\u1ed9ng \u0111\u1ed3ng kh\u1ecfe m\u1ea1nh m\u1eabu m\u1ef1c.<\/p>\n<\/li>\n<li>\n<p>Ch\u00fang t\u00f4i hi\u1ec3u r\u1eb1ng ch\u00fang t\u00f4i \u0111\u01b0\u1ee3c giao ph\u00f3 m\u1ed9t tr\u00e1ch nhi\u1ec7m quan tr\u1ecdng \u0111\u1ed1i v\u1edbi c\u1ed9ng \u0111\u1ed3ng v\u00e0 l\u00e0 nh\u1eefng ng\u01b0\u1eddi qu\u1ea3n l\u00fd c\u00f3 tr\u00e1ch nhi\u1ec7m \u0111\u1ed1i v\u1edbi th\u1eddi gian v\u00e0 ngu\u1ed3n l\u1ef1c m\u00e0 H\u1ed9i \u0111\u1ed3ng Qu\u1ea3n l\u00fd c\u1ee7a ch\u00fang t\u00f4i c\u00f3. Ch\u00fang t\u00f4i hi\u1ec3u r\u1eb1ng nh\u1eefng cam k\u1ebft n\u00e0y \u0111\u01b0\u1ee3c \u0111\u01b0a ra nh\u1eb1m \u0111\u1ea3m b\u1ea3o vi\u1ec7c qu\u1ea3n l\u00fd c\u00f3 tr\u00e1ch nhi\u1ec7m th\u1eddi gian v\u00e0 ngu\u1ed3n l\u1ef1c n\u00e0y th\u00f4ng qua c\u00e1c quy tr\u00ecnh h\u1ee3p t\u00e1c s\u00e1ng t\u1ea1o \u0111\u1ec3 \u0111\u1ea1t \u0111\u01b0\u1ee3c t\u1ea7m nh\u00ecn v\u00e0 s\u1ee9 m\u1ec7nh c\u1ee7a ch\u00fang t\u00f4i. Ch\u00fang t\u00f4i \u0111\u1ed3ng \u00fd r\u1eb1ng n\u1ebfu ch\u00fang t\u00f4i kh\u00f4ng tu\u00e2n th\u1ee7 b\u1ea5t k\u1ef3 cam k\u1ebft n\u00e0o trong s\u1ed1 n\u00e0y, ch\u00fang t\u00f4i hoan ngh\u00eanh c\u00e1c \u0111\u1ed3ng nghi\u1ec7p Qu\u1ea3n l\u00fd H\u1ed9i \u0111\u1ed3ng Qu\u1ea3n tr\u1ecb b\u00e1o c\u00e1o v\u1ea5n \u0111\u1ec1 n\u00e0y v\u1edbi ch\u00fang t\u00f4i th\u00f4ng qua quy tr\u00ecnh \u0111\u00e3 th\u1ecfa thu\u1eadn \u0111\u01b0\u1ee3c ph\u1ea3n \u00e1nh \u1edf \u0111\u00e2y. Khi \u0111i\u1ec1u n\u00e0y x\u1ea3y ra, ch\u00fang t\u00f4i cam k\u1ebft ngay l\u1eadp t\u1ee9c th\u1eeba nh\u1eadn sai s\u00f3t v\u00e0 tham gia v\u00e0o quy tr\u00ecnh s\u1eeda ch\u1eefa v\u00e0 kh\u1eafc ph\u1ee5c nh\u01b0 \u0111\u00e3 n\u00eau trong c\u00e1c cam k\u1ebft n\u00e0y \u0111\u1ec3 c\u00f4ng vi\u1ec7c x\u00f3a b\u1ecf n\u1ea1n ph\u00e2n bi\u1ec7t ch\u1ee7ng t\u1ed9c c\u00f3 h\u1ec7 th\u1ed1ng v\u00e0 c\u00e1c r\u00e0o c\u1ea3n ph\u00e1t sinh, c\u0169ng nh\u01b0 \u0111\u1ea1t \u0111\u01b0\u1ee3c c\u00f4ng b\u1eb1ng v\u1ec1 s\u1ee9c kh\u1ecfe c\u1ee7a ch\u00fang t\u00f4i c\u00f3 th\u1ec3 \u0111\u01b0\u1ee3c ti\u1ebfn h\u00e0nh.<\/p>\n<\/li>\n<\/ol>","protected":false},"excerpt":{"rendered":"<p>Central Health Board of Managers Shared Commitments Agreed adopted on June 30, 2021 Whereas, the Board of Managers of Central Health has come together as a governing body to ensure [&hellip;]<\/p>\n","protected":false},"author":8,"featured_media":0,"parent":183597,"menu_order":0,"comment_status":"closed","ping_status":"closed","template":"templates\/layout-template.php","meta":{"_acf_changed":false,"_genesis_hide_title":false,"_genesis_hide_breadcrumbs":false,"_genesis_hide_singular_image":false,"_genesis_hide_footer_widgets":false,"_genesis_custom_body_class":"","_genesis_custom_post_class":"","_genesis_layout":"","footnotes":""},"class_list":["post-166609","page","type-page","status-publish","entry"],"acf":[],"_links":{"self":[{"href":"https:\/\/www.centralhealth.net\/vi\/wp-json\/wp\/v2\/pages\/166609","targetHints":{"allow":["GET"]}}],"collection":[{"href":"https:\/\/www.centralhealth.net\/vi\/wp-json\/wp\/v2\/pages"}],"about":[{"href":"https:\/\/www.centralhealth.net\/vi\/wp-json\/wp\/v2\/types\/page"}],"author":[{"embeddable":true,"href":"https:\/\/www.centralhealth.net\/vi\/wp-json\/wp\/v2\/users\/8"}],"replies":[{"embeddable":true,"href":"https:\/\/www.centralhealth.net\/vi\/wp-json\/wp\/v2\/comments?post=166609"}],"version-history":[{"count":3,"href":"https:\/\/www.centralhealth.net\/vi\/wp-json\/wp\/v2\/pages\/166609\/revisions"}],"predecessor-version":[{"id":200079,"href":"https:\/\/www.centralhealth.net\/vi\/wp-json\/wp\/v2\/pages\/166609\/revisions\/200079"}],"up":[{"embeddable":true,"href":"https:\/\/www.centralhealth.net\/vi\/wp-json\/wp\/v2\/pages\/183597"}],"wp:attachment":[{"href":"https:\/\/www.centralhealth.net\/vi\/wp-json\/wp\/v2\/media?parent=166609"}],"curies":[{"name":"wp","href":"https:\/\/api.w.org\/{rel}","templated":true}]}}