{"id":181818,"date":"2023-08-11T16:13:24","date_gmt":"2023-08-11T21:13:24","guid":{"rendered":"https:\/\/staging.centralhealth.net\/?page_id=181818"},"modified":"2025-05-22T14:05:54","modified_gmt":"2025-05-22T19:05:54","slug":"fy2024-budget","status":"publish","type":"page","link":"https:\/\/www.centralhealth.net\/vi\/about-central-health\/finance\/fy2024-budget\/","title":{"rendered":"NG\u00c2N S\u00c1CH &amp; THU\u1ebe SU\u1ea4T N\u0102M T\u00c0I CH\u00cdNH 2024"},"content":{"rendered":"","protected":false},"excerpt":{"rendered":"","protected":false},"author":8,"featured_media":0,"parent":2534,"menu_order":0,"comment_status":"closed","ping_status":"closed","template":"templates\/layout-template.php","meta":{"_acf_changed":false,"_genesis_hide_title":false,"_genesis_hide_breadcrumbs":false,"_genesis_hide_singular_image":false,"_genesis_hide_footer_widgets":false,"_genesis_custom_body_class":"","_genesis_custom_post_class":"","_genesis_layout":"","footnotes":""},"class_list":["post-181818","page","type-page","status-publish","entry","has-post-thumbnail"],"acf":[],"_links":{"self":[{"href":"https:\/\/www.centralhealth.net\/vi\/wp-json\/wp\/v2\/pages\/181818","targetHints":{"allow":["GET"]}}],"collection":[{"href":"https:\/\/www.centralhealth.net\/vi\/wp-json\/wp\/v2\/pages"}],"about":[{"href":"https:\/\/www.centralhealth.net\/vi\/wp-json\/wp\/v2\/types\/page"}],"author":[{"embeddable":true,"href":"https:\/\/www.centralhealth.net\/vi\/wp-json\/wp\/v2\/users\/8"}],"replies":[{"embeddable":true,"href":"https:\/\/www.centralhealth.net\/vi\/wp-json\/wp\/v2\/comments?post=181818"}],"version-history":[{"count":2,"href":"https:\/\/www.centralhealth.net\/vi\/wp-json\/wp\/v2\/pages\/181818\/revisions"}],"predecessor-version":[{"id":200002,"href":"https:\/\/www.centralhealth.net\/vi\/wp-json\/wp\/v2\/pages\/181818\/revisions\/200002"}],"up":[{"embeddable":true,"href":"https:\/\/www.centralhealth.net\/vi\/wp-json\/wp\/v2\/pages\/2534"}],"wp:attachment":[{"href":"https:\/\/www.centralhealth.net\/vi\/wp-json\/wp\/v2\/media?parent=181818"}],"curies":[{"name":"wp","href":"https:\/\/api.w.org\/{rel}","templated":true}]}}