{"id":182447,"date":"2023-08-29T13:13:32","date_gmt":"2023-08-29T18:13:32","guid":{"rendered":"https:\/\/www.centralhealth.net\/?page_id=182447"},"modified":"2025-09-12T13:54:03","modified_gmt":"2025-09-12T18:54:03","slug":"rosewood-zaragosa-specialty-care-clinic","status":"publish","type":"page","link":"https:\/\/www.centralhealth.net\/vi\/clinical-services\/locations\/rosewood-zaragosa-specialty-care-clinic\/","title":{"rendered":"Ph\u00f2ng kh\u00e1m chuy\u00ean khoa Central Health Rosewood-Zaragosa"},"content":{"rendered":"","protected":false},"excerpt":{"rendered":"","protected":false},"author":57,"featured_media":0,"parent":177213,"menu_order":0,"comment_status":"closed","ping_status":"closed","template":"templates\/get-care.php","meta":{"_acf_changed":false,"_genesis_hide_title":false,"_genesis_hide_breadcrumbs":false,"_genesis_hide_singular_image":false,"_genesis_hide_footer_widgets":false,"_genesis_custom_body_class":"","_genesis_custom_post_class":"","_genesis_layout":"","footnotes":""},"class_list":["post-182447","page","type-page","status-publish","entry","has-post-thumbnail"],"acf":[],"_links":{"self":[{"href":"https:\/\/www.centralhealth.net\/vi\/wp-json\/wp\/v2\/pages\/182447","targetHints":{"allow":["GET"]}}],"collection":[{"href":"https:\/\/www.centralhealth.net\/vi\/wp-json\/wp\/v2\/pages"}],"about":[{"href":"https:\/\/www.centralhealth.net\/vi\/wp-json\/wp\/v2\/types\/page"}],"author":[{"embeddable":true,"href":"https:\/\/www.centralhealth.net\/vi\/wp-json\/wp\/v2\/users\/57"}],"replies":[{"embeddable":true,"href":"https:\/\/www.centralhealth.net\/vi\/wp-json\/wp\/v2\/comments?post=182447"}],"version-history":[{"count":32,"href":"https:\/\/www.centralhealth.net\/vi\/wp-json\/wp\/v2\/pages\/182447\/revisions"}],"predecessor-version":[{"id":200185,"href":"https:\/\/www.centralhealth.net\/vi\/wp-json\/wp\/v2\/pages\/182447\/revisions\/200185"}],"up":[{"embeddable":true,"href":"https:\/\/www.centralhealth.net\/vi\/wp-json\/wp\/v2\/pages\/177213"}],"wp:attachment":[{"href":"https:\/\/www.centralhealth.net\/vi\/wp-json\/wp\/v2\/media?parent=182447"}],"curies":[{"name":"wp","href":"https:\/\/api.w.org\/{rel}","templated":true}]}}