{"id":183597,"date":"2024-02-02T14:24:27","date_gmt":"2024-02-02T20:24:27","guid":{"rendered":"https:\/\/www.centralhealth.net\/?page_id=183597"},"modified":"2026-03-31T14:53:40","modified_gmt":"2026-03-31T19:53:40","slug":"board-of-managers","status":"publish","type":"page","link":"https:\/\/www.centralhealth.net\/vi\/about-central-health\/board-of-managers\/","title":{"rendered":"H\u1ed9i \u0111\u1ed3ng qu\u1ea3n l\u00fd v\u00e0 c\u00e1c cu\u1ed9c h\u1ecdp"},"content":{"rendered":"","protected":false},"excerpt":{"rendered":"","protected":false},"author":8,"featured_media":0,"parent":176534,"menu_order":0,"comment_status":"closed","ping_status":"closed","template":"","meta":{"_acf_changed":true,"_genesis_hide_title":false,"_genesis_hide_breadcrumbs":false,"_genesis_hide_singular_image":false,"_genesis_hide_footer_widgets":false,"_genesis_custom_body_class":"","_genesis_custom_post_class":"","_genesis_layout":"","footnotes":""},"class_list":["post-183597","page","type-page","status-publish","entry","has-post-thumbnail"],"acf":[],"_links":{"self":[{"href":"https:\/\/www.centralhealth.net\/vi\/wp-json\/wp\/v2\/pages\/183597","targetHints":{"allow":["GET"]}}],"collection":[{"href":"https:\/\/www.centralhealth.net\/vi\/wp-json\/wp\/v2\/pages"}],"about":[{"href":"https:\/\/www.centralhealth.net\/vi\/wp-json\/wp\/v2\/types\/page"}],"author":[{"embeddable":true,"href":"https:\/\/www.centralhealth.net\/vi\/wp-json\/wp\/v2\/users\/8"}],"replies":[{"embeddable":true,"href":"https:\/\/www.centralhealth.net\/vi\/wp-json\/wp\/v2\/comments?post=183597"}],"version-history":[{"count":151,"href":"https:\/\/www.centralhealth.net\/vi\/wp-json\/wp\/v2\/pages\/183597\/revisions"}],"predecessor-version":[{"id":194280,"href":"https:\/\/www.centralhealth.net\/vi\/wp-json\/wp\/v2\/pages\/183597\/revisions\/194280"}],"up":[{"embeddable":true,"href":"https:\/\/www.centralhealth.net\/vi\/wp-json\/wp\/v2\/pages\/176534"}],"wp:attachment":[{"href":"https:\/\/www.centralhealth.net\/vi\/wp-json\/wp\/v2\/media?parent=183597"}],"curies":[{"name":"wp","href":"https:\/\/api.w.org\/{rel}","templated":true}]}}