{"id":185423,"date":"2024-05-10T12:09:41","date_gmt":"2024-05-10T17:09:41","guid":{"rendered":"https:\/\/www.centralhealth.net\/?page_id=185423"},"modified":"2025-01-29T11:04:51","modified_gmt":"2025-01-29T17:04:51","slug":"fiscal-year-2023-annual-report","status":"publish","type":"page","link":"https:\/\/www.centralhealth.net\/vi\/fiscal-year-2023-annual-report\/","title":{"rendered":"B\u00e1o c\u00e1o th\u01b0\u1eddng ni\u00ean n\u0103m t\u00e0i ch\u00ednh 2023"},"content":{"rendered":"<div class=\"sbacf-container__layout-header-container full margin-bottom-30\">\n<h2 class=\"layout-title section--title\">\u0110i\u1ec3m n\u1ed5i b\u1eadt n\u0103m 2023<\/h2>\n<\/div>\n<link rel=\"stylesheet\" href=\"https:\/\/cdn.jsdelivr.net\/npm\/bootstrap@4.6.2\/dist\/css\/bootstrap.min.css\" integrity=\"sha384-xOolHFLEh07PJGoPkLv1IbcEPTNtaed2xpHsD9ESMhqIYd0nLMwNLD69Npy4HI+N\" crossorigin=\"anonymous\">\n<style>\n  .img-circle {\n    border-radius: 100%;\n  }\n  .margin-bottom-30 {\n    margin-bottom: 30px;\n  }\n  .double-circle {\n    padding: 10px;\n    border: solid 10px #7b91a5;\n    background-color: #fff;\n    margin: 10px;\n  }\n  .color-row {\n    border: solid 5px #fff;\n    background-color: #213741;\n  }\n  .stripe-row {\n    background-color: #a8b5bd;\n    padding: 60px 0px;\n  }\n  .gravity {\n    margin: -50px 0px;     \n  }\n  .color-row .highlight-title {\n    color: #7b91a5 !important;\n    font-size: 30px !important;\n    line-height: 36px;\n  }\n  .color-row .highlight-text {\n    color: #fff;  \n  }\n  .color-row .left-line {\n    border-left: solid 10px #7b91a5;\n    margin: 60px 10px;\n    padding: 2px 10px;\n  }\n  .color-row .left-line.big-fit {\n    border-left: solid 10px #7b91a5;\n    margin: 120px 10px;\n    padding: 2px 10px;\n  }\n  .color-row .left-line.small-fit {\n    border-left: solid 10px #7b91a5;\n    margin: 60px 10px;\n    padding: 2px 10px;\n  }\n  .img-fuller-l {\n    border-radius: 0px 60px 60px 0px;\n    border-left: none !important;\n    height: 100%;\n  }\n  .img-fuller-r {\n    border-radius: 60px 0px 0px 60px;\n    border-right: none !important;\n    height: 100%;\n  }\n  .reverse-double-circle {\n    border: solid 10px #7b91a5;\n  }\n  .man-back {\n    background-image: url(https:\/\/www.centralhealth.net\/wp-content\/uploads\/2024\/05\/man.jpg);\n    background-repeat: no-repeat;\n    background-size: cover;\n    border-radius: 60px 0px 0px 60px;\n    padding: 20px 0px 20px 20px;\n    max-width: 100%;\n    max-height: 100%;\n    height: 100%;\n  }\n  .bench-back {\n    background-image: url(https:\/\/www.centralhealth.net\/wp-content\/uploads\/2024\/05\/signing.jpg);\n    background-size: cover;\n    border-radius: 0px 60px 60px 0px;\n    padding: 20px 20px 20px 0px;\n    max-width: 100%;\n    max-height: 100%;\n    height: 100%;\n  }\n@media (max-width: 767px) {\n  .double-circle {\n    margin-left: 0px;\n    margin-right: 0px;\n  }\n  .img-fuller-l {\n    border-radius: 0px 60px 60px 0px;\n    border-left: none !important;\n    height: 400px;\n  }\n  .img-fuller-r {\n    border-radius: 60px 0px 0px 60px;\n    border-right: none !important;\n    height: 400px;\n  }\n  .color-row .left-line.big-fit {\n    border-left: solid 10px #7b91a5;\n    margin: 60px 10px;\n    padding: 2px 10px;\n  }\n  .color-row .left-line.small-fit {\n    border-left: solid 10px #7b91a5;\n    margin: 60px 10px;\n    padding: 2px 10px;\n  }\n}\n@media (min-width: 768px) and (max-width: 1199px) {\n  .gravity {\n    margin: 40px 0px;     \n  }\n}\n<\/style>\n<div class=\"stripe-row\">\n<div class=\"color-row row\">\n<div class=\"col-md-4\">\n<div class=\"gravity\">\n        <img decoding=\"async\" class=\"img-circle img-fluid double-circle\" src=\"https:\/\/www.centralhealth.net\/wp-content\/uploads\/2024\/05\/community.jpg\" alt=\"Central Health Employee with a microphone\"\/>\n      <\/div>\n<\/p><\/div>\n<div class=\"col-md-8 d-flex\">\n<div class=\"left-line justify-content-center\">\n<h4 class=\"highlight-title\">S\u1ef0 THAM GIA C\u1ed8NG \u0110\u1ed2NG<\/h4>\n<p class=\"highlight-text\">Bu\u1ed5i tr\u00f2 chuy\u1ec7n c\u1ed9ng \u0111\u1ed3ng c\u1ee7a Central Health v\u00e0o th\u00e1ng 7 n\u0103m 2023 t\u1ea1i c\u01a1 s\u1edf Eastview c\u1ee7a Cao \u0111\u1eb3ng C\u1ed9ng \u0111\u1ed3ng Austin (n\u01a1i c\u00f3 c\u00e1c ch\u01b0\u01a1ng tr\u00ecnh ngh\u1ec1 y t\u1ebf c\u1ee7a ACC) \u0111\u00e3 ch\u1ee9ng ki\u1ebfn s\u1ed1 l\u01b0\u1ee3ng ng\u01b0\u1eddi tham d\u1ef1 k\u1ef7 l\u1ee5c khi c\u00e1c chuy\u00ean gia v\u1ec1 ch\u1ee7 \u0111\u1ec1 n\u00e0y c\u1ee7a b\u1ec7nh vi\u1ec7n tr\u00ecnh b\u00e0y chi\u1ebfn l\u01b0\u1ee3c th\u1ef1c hi\u1ec7n K\u1ebf ho\u1ea1ch C\u00f4ng b\u1eb1ng Ch\u0103m s\u00f3c S\u1ee9c kh\u1ecfe.<\/p>\n<\/p><\/div>\n<\/p><\/div>\n<\/p><\/div>\n<\/div>\n<div class=\"stripe-row\">\n<div class=\"row color-row\">\n<div class=\"col-md-8 d-flex\">\n<div class=\"left-line\">\n<h4 class=\"highlight-title\">TI\u1ebeP C\u1eacN<\/h4>\n<p class=\"highlight-text\">Jessica Ramirez nh\u1eadn th\u1ebb \u0111\u1ee7 \u0111i\u1ec1u ki\u1ec7n MAP Basic ngay t\u1ea1i Trung t\u00e2m T\u00e0i nguy\u00ean Y t\u1ebf \u0110\u00f4ng B\u1eafc Central Health \u1edf Colony Park.<\/p>\n<\/p><\/div>\n<\/p><\/div>\n<div class=\"col-md-4\">\n<div class=\"gravity\">\n        <img decoding=\"async\" class=\"img-circle img-fluid double-circle\" src=\"https:\/\/www.centralhealth.net\/wp-content\/uploads\/2024\/05\/card.jpg\" alt=\"young woman with a MAP card\"\/>\n      <\/div>\n<\/p><\/div>\n<\/p><\/div>\n<\/div>\n<div class=\"stripe-row\">\n<div class=\"row color-row\">\n<div class=\"col-md-4\">\n<div class=\"gravity\">\n        <img decoding=\"async\" class=\"img-circle img-fluid double-circle\" src=\"https:\/\/www.centralhealth.net\/wp-content\/uploads\/2024\/05\/mayor.png\" alt=\"Austin's mayor and others at a ribbon cutting\"\/>\n      <\/div>\n<\/p><\/div>\n<div class=\"col-md-8 d-flex\">\n<div class=\"left-line\">\n<h4 class=\"highlight-title\">C\u1ea2I TI\u1ebeN V\u1ed0N<\/h4>\n<p class=\"highlight-text\">Th\u1ecb tr\u01b0\u1edfng Austin Kirk Watson, ban l\u00e3nh \u0111\u1ea1o CommUnityCare v\u00e0 c\u01b0 d\u00e2n c\u1ee7a khu nh\u00e0 \u1edf gi\u00e1 r\u1ebb Pathways t\u1ea1i Chalmers \u0111\u00e3 c\u1eaft b\u0103ng kh\u00e1nh th\u00e0nh ph\u00f2ng kh\u00e1m Chalmers m\u1edbi c\u1ee7a CUC.<\/p>\n<\/p><\/div>\n<\/p><\/div>\n<\/p><\/div>\n<\/div>\n<div class=\"stripe-row\">\n<div class=\"row color-row\">\n<div class=\"col-md-8 d-flex\">\n<div class=\"left-line\">\n<h4 class=\"highlight-title\">B\u1ea2O HI\u1ec2M Y T\u1ebe<\/h4>\n<p class=\"highlight-text\">C\u00e1c n\u1ed7 l\u1ef1c n\u00e2ng cao nh\u1eadn th\u1ee9c v\u00e0 ti\u1ebfp c\u1eadn c\u1ed9ng \u0111\u1ed3ng quanh n\u0103m l\u00e0 m\u1ed9t ph\u1ea7n trong ch\u01b0\u01a1ng tr\u00ecnh to\u00e0n di\u1ec7n c\u1ee7a Central Health nh\u1eb1m b\u1ea3o v\u1ec7 ng\u01b0\u1eddi d\u00e2n \u0111\u1ee7 \u0111i\u1ec1u ki\u1ec7n t\u1ea1i Qu\u1eadn Travis. L\u00e0 th\u00e0nh vi\u00ean c\u1ee7a MAP, h\u1ecd c\u00f3 th\u1ec3 thi\u1ebft l\u1eadp c\u00e1c c\u01a1 s\u1edf y t\u1ebf v\u00e0 l\u00e0m vi\u1ec7c v\u1edbi c\u00e1c nh\u00f3m cung c\u1ea5p d\u1ecbch v\u1ee5 chuy\u00ean ch\u0103m s\u00f3c to\u00e0n di\u1ec7n, gi\u00fap ti\u1ec1n thu\u1ebf c\u1ee7a ng\u01b0\u1eddi d\u00e2n kh\u00f4ng b\u1ecb s\u1eed d\u1ee5ng kh\u00f4ng hi\u1ec7u qu\u1ea3 t\u1ea1i c\u00e1c b\u1ec7nh vi\u1ec7n v\u00e0 ph\u00f2ng c\u1ea5p c\u1ee9u.<\/p>\n<\/p><\/div>\n<\/p><\/div>\n<div class=\"col-md-4\">\n<div class=\"gravity\">\n       <img decoding=\"async\" class=\"img-circle img-fluid double-circle\" src=\"https:\/\/www.centralhealth.net\/wp-content\/uploads\/2024\/05\/deliver.jpg\" alt=\"person handing out paperwork\"\/>\n      <\/div>\n<\/p><\/div>\n<\/p><\/div>\n<\/div>\n<div class=\"stripe-row\">\n<div class=\"row color-row\">\n<div class=\"col-md-6\">\n<div class=\"bench-back\">\n<div class=\"img-fuller-l reverse-double-circle\"><\/div>\n<\/p><\/div>\n<\/p><\/div>\n<div class=\"col-md-6 d-flex\">\n<div class=\"left-line big-fit\">\n<h4 class=\"highlight-title\">\u0110\u1ea6U T\u01af V\u00c0O QU\u1eacN TRAVIS<\/h4>\n<p class=\"highlight-text\">Nh\u00e2n vi\u00ean Central Health v\u00e0 CommUnityCare c\u00f9ng c\u00e1c t\u00ecnh nguy\u1ec7n vi\u00ean \u0111\u1ecba ph\u01b0\u01a1ng \u0111\u00e3 k\u00fd v\u00e0o m\u1ed9t thanh d\u1ea7m k\u1ebft c\u1ea5u hi\u1ec7n l\u00e0 m\u1ed9t ph\u1ea7n c\u1ee7a Trung t\u00e2m S\u1ee9c kh\u1ecfe v\u00e0 Th\u1ec3 ch\u1ea5t Hornsby Bend, \u0111\u01b0\u1ee3c khai tr\u01b0\u01a1ng v\u00e0o th\u00e1ng 10 n\u0103m 2023. Tr\u01b0\u1edbc l\u1ec5 khai tr\u01b0\u01a1ng, Central Health v\u00e0 CommUnityCare \u0111\u00e3 n\u1ed7 l\u1ef1c \u0111\u1ec3 \u0111\u1ea3m b\u1ea3o b\u1ec7nh nh\u00e2n s\u1eb5n s\u00e0ng v\u00e0 c\u00f3 th\u1ec3 t\u1eadn d\u1ee5ng l\u1ef1a ch\u1ecdn m\u1edbi n\u00e0y t\u1ea1i m\u1ed9t trong nh\u1eefng &quot;v\u00f9ng sa m\u1ea1c ch\u0103m s\u00f3c s\u1ee9c kh\u1ecfe&quot; l\u1edbn nh\u1ea5t c\u1ee7a Qu\u1eadn Travis.<\/p>\n<\/p><\/div>\n<\/p><\/div>\n<\/p><\/div>\n<\/div>\n<div class=\"stripe-row\">\n<div class=\"row color-row\">\n<div class=\"col-md-6 d-flex\">\n<div class=\"left-line small-fit\">\n<h4 class=\"highlight-title\">C\u1ea2I THI\u1ec6N CH\u0102M S\u00d3C B\u1ec6NH NH\u00c2N<\/h4>\n<p class=\"highlight-text\">Ch\u01b0\u01a1ng tr\u00ecnh ch\u0103m s\u00f3c y t\u1ebf t\u1ea1m th\u1eddi c\u1ee7a Central Health cung c\u1ea5p d\u1ecbch v\u1ee5 ch\u0103m s\u00f3c n\u1ed9i tr\u00fa ng\u1eafn h\u1ea1n, mang \u0111\u1ebfn cho nh\u1eefng b\u1ec7nh nh\u00e2n v\u00f4 gia c\u01b0 m\u1ed9t n\u01a1i an to\u00e0n \u0111\u1ec3 ngh\u1ec9 ng\u01a1i, h\u1ed3i ph\u1ee5c v\u00e0 ch\u1eefa l\u00e0nh, thay v\u00ec ph\u1ea3i tr\u1edf l\u1ea1i \u0111\u01b0\u1eddng ph\u1ed1. B\u1ec7nh nh\u00e2n \u0111\u01b0\u1ee3c ch\u0103m s\u00f3c t\u1ea1m th\u1eddi c\u00f3 th\u1ec3 ti\u1ebfp c\u1eadn d\u1ecbch v\u1ee5 ch\u0103m s\u00f3c l\u00e2m s\u00e0ng c\u01a1 b\u1ea3n, gi\u00e1o d\u1ee5c s\u1ee9c kh\u1ecfe v\u00e0 c\u00e1c d\u1ecbch v\u1ee5 h\u1ed7 tr\u1ee3 to\u00e0n di\u1ec7n gi\u00fap duy tr\u00ec s\u1ee9c kh\u1ecfe c\u1ee7a h\u1ecd trong t\u01b0\u01a1ng lai. Th\u1eddi gian l\u01b0u tr\u00fa trung b\u00ecnh kho\u1ea3ng 40 ng\u00e0y, nh\u01b0ng b\u1ec7nh nh\u00e2n c\u00f3 th\u1ec3 \u1edf l\u1ea1i bao l\u00e2u t\u00f9y \u00fd. D\u01b0\u1edbi s\u1ef1 ch\u1ec9 \u0111\u1ea1o c\u1ee7a Ti\u1ebfn s\u0129 Audrey Kuang, ch\u01b0\u01a1ng tr\u00ecnh ch\u0103m s\u00f3c y t\u1ebf t\u1ea1m th\u1eddi c\u1ee7a Central Health b\u1eaft \u0111\u1ea7u v\u00e0o th\u00e1ng 3 n\u0103m 2022 v\u1edbi 5 gi\u01b0\u1eddng b\u1ec7nh, v\u00e0 \u0111\u1ebfn cu\u1ed1i n\u0103m t\u00e0i ch\u00ednh 2023 \u0111\u00e3 c\u00f3 25 gi\u01b0\u1eddng b\u1ec7nh v\u00e0 \u0111\u00e3 nh\u1eadn \u0111\u01b0\u1ee3c h\u01a1n 280 l\u01b0\u1ee3t gi\u1edbi thi\u1ec7u t\u1eeb c\u00e1c b\u1ec7nh vi\u1ec7n, c\u01a1 s\u1edf \u0111i\u1ec1u d\u01b0\u1ee1ng chuy\u00ean khoa v\u00e0 ph\u00f2ng kh\u00e1m CommUnityCare.<\/p>\n<p class=\"highlight-text\">D\u01b0\u1edbi s\u1ef1 ch\u1ec9 \u0111\u1ea1o c\u1ee7a Ti\u1ebfn s\u0129 Audrey Kuang, ch\u01b0\u01a1ng tr\u00ecnh ch\u0103m s\u00f3c y t\u1ebf t\u1ea1m th\u1eddi c\u1ee7a Central Health b\u1eaft \u0111\u1ea7u v\u00e0o th\u00e1ng 3 n\u0103m 2022 v\u1edbi 5 gi\u01b0\u1eddng b\u1ec7nh, v\u00e0 \u0111\u1ebfn cu\u1ed1i n\u0103m t\u00e0i ch\u00ednh 2023 \u0111\u00e3 c\u00f3 25 gi\u01b0\u1eddng b\u1ec7nh v\u00e0 nh\u1eadn \u0111\u01b0\u1ee3c h\u01a1n 280 l\u01b0\u1ee3t gi\u1edbi thi\u1ec7u t\u1eeb c\u00e1c b\u1ec7nh vi\u1ec7n, c\u01a1 s\u1edf \u0111i\u1ec1u d\u01b0\u1ee1ng l\u00e0nh ngh\u1ec1 v\u00e0 ph\u00f2ng kh\u00e1m CommUnityCare.<\/p>\n<\/p><\/div>\n<\/p><\/div>\n<div class=\"col-md-6\">\n<div class=\"man-back\">\n<div class=\"img-fuller-r reverse-double-circle\"><\/div>\n<\/p><\/div>\n<\/p><\/div>\n<\/p><\/div>\n<\/div>\n<div class=\"row\">\n<div class=\"col-12\">\n    <a class=\"read-btn\" href=\"https:\/\/www.centralhealth.net\/wp-content\/uploads\/2024\/05\/FY-2023-Annual-Report.pdf\" target=\"_blank\" rel=\"noopener\">T\u1ea3i xu\u1ed1ng b\u00e1o c\u00e1o<\/a>\n  <\/div>\n<\/div>","protected":false},"excerpt":{"rendered":"<p>2023 Highlights COMMUNITY ENGAGEMENT Central Health\u2019s community conversation in July 2023 at Austin Community College\u2019s Eastview campus (home to ACC health professions programs) saw record attendance as the hospital district\u2019s [&hellip;]<\/p>\n","protected":false},"author":59,"featured_media":0,"parent":0,"menu_order":0,"comment_status":"closed","ping_status":"closed","template":"templates\/layout-template.php","meta":{"_acf_changed":false,"_genesis_hide_title":false,"_genesis_hide_breadcrumbs":false,"_genesis_hide_singular_image":false,"_genesis_hide_footer_widgets":false,"_genesis_custom_body_class":"","_genesis_custom_post_class":"","_genesis_layout":"","footnotes":""},"class_list":["post-185423","page","type-page","status-publish","entry","has-post-thumbnail"],"acf":[],"_links":{"self":[{"href":"https:\/\/www.centralhealth.net\/vi\/wp-json\/wp\/v2\/pages\/185423","targetHints":{"allow":["GET"]}}],"collection":[{"href":"https:\/\/www.centralhealth.net\/vi\/wp-json\/wp\/v2\/pages"}],"about":[{"href":"https:\/\/www.centralhealth.net\/vi\/wp-json\/wp\/v2\/types\/page"}],"author":[{"embeddable":true,"href":"https:\/\/www.centralhealth.net\/vi\/wp-json\/wp\/v2\/users\/59"}],"replies":[{"embeddable":true,"href":"https:\/\/www.centralhealth.net\/vi\/wp-json\/wp\/v2\/comments?post=185423"}],"version-history":[{"count":1,"href":"https:\/\/www.centralhealth.net\/vi\/wp-json\/wp\/v2\/pages\/185423\/revisions"}],"predecessor-version":[{"id":194544,"href":"https:\/\/www.centralhealth.net\/vi\/wp-json\/wp\/v2\/pages\/185423\/revisions\/194544"}],"wp:attachment":[{"href":"https:\/\/www.centralhealth.net\/vi\/wp-json\/wp\/v2\/media?parent=185423"}],"curies":[{"name":"wp","href":"https:\/\/api.w.org\/{rel}","templated":true}]}}