{"id":195923,"date":"2025-03-31T13:53:50","date_gmt":"2025-03-31T18:53:50","guid":{"rendered":"https:\/\/www.centralhealth.net\/?page_id=195923"},"modified":"2026-02-24T09:22:23","modified_gmt":"2026-02-24T15:22:23","slug":"central-health-services-feedback","status":"publish","type":"page","link":"https:\/\/www.centralhealth.net\/vi\/central-health-services-feedback\/","title":{"rendered":"Ph\u1ea3n h\u1ed3i c\u1ee7a b\u1ea1n r\u1ea5t quan tr\u1ecdng"},"content":{"rendered":"<p style=\"margin-bottom: 48px;\">N\u1ebfu b\u1ea1n l\u00e0 b\u1ec7nh nh\u00e2n c\u1ee7a Central Health ho\u1eb7c l\u00e0 ng\u01b0\u1eddi \u0111\u0103ng k\u00fd ch\u01b0\u01a1ng tr\u00ecnh Central Health v\u00e0 mu\u1ed1n chia s\u1ebb ph\u1ea3n h\u1ed3i (l\u1eddi khen ho\u1eb7c m\u1ed1i quan t\u00e2m), h\u00e3y \u0111i\u1ec1n v\u00e0o bi\u1ec3u m\u1eabu n\u00e0y.<\/p>\n<p>Bi\u1ec3u m\u1eabu n\u00e0y kh\u00f4ng nh\u1eb1m m\u1ee5c \u0111\u00edch cung c\u1ea5p l\u1eddi khuy\u00ean y t\u1ebf ho\u1eb7c gi\u1ea3i quy\u1ebft c\u00e1c v\u1ea5n \u0111\u1ec1 y t\u1ebf kh\u1ea9n c\u1ea5p.<\/p>\n<p>Li\u00ean h\u1ec7 v\u1edbi nh\u00e0 cung c\u1ea5p d\u1ecbch v\u1ee5 ch\u0103m s\u00f3c s\u1ee9c kh\u1ecfe \u0111\u1ec3 \u0111\u01b0\u1ee3c gi\u1ea3i \u0111\u00e1p c\u00e1c th\u1eafc m\u1eafc li\u00ean quan \u0111\u1ebfn y t\u1ebf.<\/p>\n<p><!--\n\n<div class=\"paubox-form-container\"> <iframe src=\"https:\/\/next.paubox.com\/forms\/CentralHealth\/form\/277ad12f-1550-4f26-a79a-edbf5d1a91a6\" frameborder=\"0\"><\/iframe> <\/div>\n\n \n\n<style> .paubox-form-container { width: 80%; \/* Adjust width as needed *\/ margin: 0 auto; height: 1750px; \/* Adjust height as needed *\/ } .paubox-form-container iframe { width: 100%; height: 100%; border: none; } <\/style>\n\n--><\/p>\n<p><iframe loading=\"lazy\" width=\"640px\" height=\"1640px\" src=\"https:\/\/forms.office.com\/Pages\/ResponsePage.aspx?id=J_tOTh1r3EaO6tdZpwqTrddg_erWcw1MvBc8xwCA84dUODhOVlVDNk1QS1VRUjFBRUFGNzRaVVJEWC4u&#038;embed=true\" frameborder=\"0\" marginwidth=\"0\" marginheight=\"0\" style=\"border: none; max-width:100%; max-height:100%\" allowfullscreen webkitallowfullscreen mozallowfullscreen msallowfullscreen> <\/iframe><\/p>\n<p style=\"margin-top:24px\">C\u00e1c \u00fd ki\u1ebfn \u0111\u00f3ng g\u00f3p v\u00e0o bi\u1ec3u m\u1eabu n\u00e0y s\u1ebd \u0111\u01b0\u1ee3c theo d\u00f5i v\u00e0 ph\u1ea3n h\u1ed3i t\u1eeb Th\u1ee9 Hai \u0111\u1ebfn Th\u1ee9 S\u00e1u, t\u1eeb 8 gi\u1edd s\u00e1ng \u0111\u1ebfn 5 gi\u1edd chi\u1ec1u gi\u1edd CST. Th\u1eddi gian ph\u1ea3n h\u1ed3i c\u00f3 th\u1ec3 thay \u0111\u1ed5i t\u00f9y theo kh\u1ed1i l\u01b0\u1ee3ng c\u00f4ng vi\u1ec7c. N\u1ebfu qu\u00fd v\u1ecb c\u00f3 nhu c\u1ea7u g\u1ea5p, vui l\u00f2ng g\u1ecdi cho ch\u00fang t\u00f4i theo s\u1ed1 512.978.8130, nh\u1ea5n ph\u00edm 3.<\/p>","protected":false},"excerpt":{"rendered":"<p>If you are a Central Health patient or an enrollee in a Central Health program and would like to share feedback (compliments or concerns), complete this form. This form is [&hellip;]<\/p>\n","protected":false},"author":59,"featured_media":0,"parent":0,"menu_order":0,"comment_status":"closed","ping_status":"closed","template":"","meta":{"_acf_changed":false,"_genesis_hide_title":false,"_genesis_hide_breadcrumbs":false,"_genesis_hide_singular_image":false,"_genesis_hide_footer_widgets":false,"_genesis_custom_body_class":"","_genesis_custom_post_class":"","_genesis_layout":"","footnotes":""},"class_list":["post-195923","page","type-page","status-publish","entry"],"acf":[],"_links":{"self":[{"href":"https:\/\/www.centralhealth.net\/vi\/wp-json\/wp\/v2\/pages\/195923","targetHints":{"allow":["GET"]}}],"collection":[{"href":"https:\/\/www.centralhealth.net\/vi\/wp-json\/wp\/v2\/pages"}],"about":[{"href":"https:\/\/www.centralhealth.net\/vi\/wp-json\/wp\/v2\/types\/page"}],"author":[{"embeddable":true,"href":"https:\/\/www.centralhealth.net\/vi\/wp-json\/wp\/v2\/users\/59"}],"replies":[{"embeddable":true,"href":"https:\/\/www.centralhealth.net\/vi\/wp-json\/wp\/v2\/comments?post=195923"}],"version-history":[{"count":6,"href":"https:\/\/www.centralhealth.net\/vi\/wp-json\/wp\/v2\/pages\/195923\/revisions"}],"predecessor-version":[{"id":203555,"href":"https:\/\/www.centralhealth.net\/vi\/wp-json\/wp\/v2\/pages\/195923\/revisions\/203555"}],"wp:attachment":[{"href":"https:\/\/www.centralhealth.net\/vi\/wp-json\/wp\/v2\/media?parent=195923"}],"curies":[{"name":"wp","href":"https:\/\/api.w.org\/{rel}","templated":true}]}}