{"id":200135,"date":"2025-09-15T08:35:18","date_gmt":"2025-09-15T13:35:18","guid":{"rendered":"https:\/\/www.centralhealth.net\/?page_id=200135"},"modified":"2026-02-24T09:18:09","modified_gmt":"2026-02-24T15:18:09","slug":"neighborhood-based-community-health-champions-program","status":"publish","type":"page","link":"https:\/\/www.centralhealth.net\/vi\/get-involved\/community-health-champions\/neighborhood-based-community-health-champions-program\/","title":{"rendered":"Ch\u01b0\u01a1ng tr\u00ecnh Nh\u00e0 v\u00f4 \u0111\u1ecbch S\u1ee9c kh\u1ecfe C\u1ed9ng \u0111\u1ed3ng t\u1ea1i Khu ph\u1ed1"},"content":{"rendered":"","protected":false},"excerpt":{"rendered":"","protected":false},"author":59,"featured_media":0,"parent":6260,"menu_order":0,"comment_status":"closed","ping_status":"closed","template":"templates\/layout-template.php","meta":{"_acf_changed":false,"_genesis_hide_title":false,"_genesis_hide_breadcrumbs":false,"_genesis_hide_singular_image":false,"_genesis_hide_footer_widgets":false,"_genesis_custom_body_class":"","_genesis_custom_post_class":"","_genesis_layout":"","footnotes":""},"class_list":["post-200135","page","type-page","status-publish","entry"],"acf":[],"_links":{"self":[{"href":"https:\/\/www.centralhealth.net\/vi\/wp-json\/wp\/v2\/pages\/200135","targetHints":{"allow":["GET"]}}],"collection":[{"href":"https:\/\/www.centralhealth.net\/vi\/wp-json\/wp\/v2\/pages"}],"about":[{"href":"https:\/\/www.centralhealth.net\/vi\/wp-json\/wp\/v2\/types\/page"}],"author":[{"embeddable":true,"href":"https:\/\/www.centralhealth.net\/vi\/wp-json\/wp\/v2\/users\/59"}],"replies":[{"embeddable":true,"href":"https:\/\/www.centralhealth.net\/vi\/wp-json\/wp\/v2\/comments?post=200135"}],"version-history":[{"count":19,"href":"https:\/\/www.centralhealth.net\/vi\/wp-json\/wp\/v2\/pages\/200135\/revisions"}],"predecessor-version":[{"id":203553,"href":"https:\/\/www.centralhealth.net\/vi\/wp-json\/wp\/v2\/pages\/200135\/revisions\/203553"}],"up":[{"embeddable":true,"href":"https:\/\/www.centralhealth.net\/vi\/wp-json\/wp\/v2\/pages\/6260"}],"wp:attachment":[{"href":"https:\/\/www.centralhealth.net\/vi\/wp-json\/wp\/v2\/media?parent=200135"}],"curies":[{"name":"wp","href":"https:\/\/api.w.org\/{rel}","templated":true}]}}