{"id":202047,"date":"2026-02-03T11:25:26","date_gmt":"2026-02-03T17:25:26","guid":{"rendered":"https:\/\/www.centralhealth.net\/?page_id=202047"},"modified":"2026-04-15T07:58:08","modified_gmt":"2026-04-15T12:58:08","slug":"educational-opportunities-onboarding","status":"publish","type":"page","link":"https:\/\/www.centralhealth.net\/vi\/educational-opportunities-onboarding\/","title":{"rendered":"C\u01a1 h\u1ed9i gi\u00e1o d\u1ee5c v\u00e0 qu\u00e1 tr\u00ecnh ti\u1ebfp nh\u1eadn"},"content":{"rendered":"","protected":true},"excerpt":{"rendered":"","protected":true},"author":59,"featured_media":0,"parent":0,"menu_order":0,"comment_status":"closed","ping_status":"closed","template":"templates\/Template 6.php","meta":{"_acf_changed":false,"_genesis_hide_title":false,"_genesis_hide_breadcrumbs":false,"_genesis_hide_singular_image":false,"_genesis_hide_footer_widgets":false,"_genesis_custom_body_class":"","_genesis_custom_post_class":"","_genesis_layout":"","footnotes":""},"class_list":["post-202047","page","type-page","status-publish","post-password-required","entry"],"acf":[],"_links":{"self":[{"href":"https:\/\/www.centralhealth.net\/vi\/wp-json\/wp\/v2\/pages\/202047","targetHints":{"allow":["GET"]}}],"collection":[{"href":"https:\/\/www.centralhealth.net\/vi\/wp-json\/wp\/v2\/pages"}],"about":[{"href":"https:\/\/www.centralhealth.net\/vi\/wp-json\/wp\/v2\/types\/page"}],"author":[{"embeddable":true,"href":"https:\/\/www.centralhealth.net\/vi\/wp-json\/wp\/v2\/users\/59"}],"replies":[{"embeddable":true,"href":"https:\/\/www.centralhealth.net\/vi\/wp-json\/wp\/v2\/comments?post=202047"}],"version-history":[{"count":12,"href":"https:\/\/www.centralhealth.net\/vi\/wp-json\/wp\/v2\/pages\/202047\/revisions"}],"predecessor-version":[{"id":204735,"href":"https:\/\/www.centralhealth.net\/vi\/wp-json\/wp\/v2\/pages\/202047\/revisions\/204735"}],"wp:attachment":[{"href":"https:\/\/www.centralhealth.net\/vi\/wp-json\/wp\/v2\/media?parent=202047"}],"curies":[{"name":"wp","href":"https:\/\/api.w.org\/{rel}","templated":true}]}}