{"id":203871,"date":"2026-04-01T08:03:03","date_gmt":"2026-04-01T13:03:03","guid":{"rendered":"https:\/\/www.centralhealth.net\/?page_id=203871"},"modified":"2026-04-09T08:05:00","modified_gmt":"2026-04-09T13:05:00","slug":"fiscal-year-2025-annual-report","status":"publish","type":"page","link":"https:\/\/www.centralhealth.net\/vi\/fiscal-year-2025-annual-report\/","title":{"rendered":"B\u00e1o c\u00e1o th\u01b0\u1eddng ni\u00ean n\u0103m t\u00e0i ch\u00ednh 2025"},"content":{"rendered":"","protected":false},"excerpt":{"rendered":"","protected":false},"author":59,"featured_media":0,"parent":0,"menu_order":0,"comment_status":"closed","ping_status":"closed","template":"templates\/Template 4.php","meta":{"_acf_changed":false,"_genesis_hide_title":false,"_genesis_hide_breadcrumbs":false,"_genesis_hide_singular_image":false,"_genesis_hide_footer_widgets":false,"_genesis_custom_body_class":"","_genesis_custom_post_class":"","_genesis_layout":"","footnotes":""},"class_list":["post-203871","page","type-page","status-publish","entry"],"acf":[],"_links":{"self":[{"href":"https:\/\/www.centralhealth.net\/vi\/wp-json\/wp\/v2\/pages\/203871","targetHints":{"allow":["GET"]}}],"collection":[{"href":"https:\/\/www.centralhealth.net\/vi\/wp-json\/wp\/v2\/pages"}],"about":[{"href":"https:\/\/www.centralhealth.net\/vi\/wp-json\/wp\/v2\/types\/page"}],"author":[{"embeddable":true,"href":"https:\/\/www.centralhealth.net\/vi\/wp-json\/wp\/v2\/users\/59"}],"replies":[{"embeddable":true,"href":"https:\/\/www.centralhealth.net\/vi\/wp-json\/wp\/v2\/comments?post=203871"}],"version-history":[{"count":110,"href":"https:\/\/www.centralhealth.net\/vi\/wp-json\/wp\/v2\/pages\/203871\/revisions"}],"predecessor-version":[{"id":204415,"href":"https:\/\/www.centralhealth.net\/vi\/wp-json\/wp\/v2\/pages\/203871\/revisions\/204415"}],"wp:attachment":[{"href":"https:\/\/www.centralhealth.net\/vi\/wp-json\/wp\/v2\/media?parent=203871"}],"curies":[{"name":"wp","href":"https:\/\/api.w.org\/{rel}","templated":true}]}}