{"id":204662,"date":"2026-04-14T09:25:27","date_gmt":"2026-04-14T14:25:27","guid":{"rendered":"https:\/\/www.centralhealth.net\/?page_id=204662"},"modified":"2026-04-14T09:25:48","modified_gmt":"2026-04-14T14:25:48","slug":"thank-you-for-signing-up","status":"publish","type":"page","link":"https:\/\/www.centralhealth.net\/vi\/thank-you-for-signing-up\/","title":{"rendered":"C\u1ea3m \u01a1n b\u1ea1n \u0111\u00e3 \u0111\u0103ng k\u00fd"},"content":{"rendered":"<p>B\u1ea1n s\u1ebd nh\u1eadn \u0111\u01b0\u1ee3c email nh\u1eafc nh\u1edf g\u1ea7n h\u01a1n v\u1edbi ng\u00e0y di\u1ec5n ra s\u1ef1 ki\u1ec7n.<\/p>","protected":false},"excerpt":{"rendered":"<p>B\u1ea1n s\u1ebd nh\u1eadn \u0111\u01b0\u1ee3c email nh\u1eafc nh\u1edf g\u1ea7n h\u01a1n v\u1edbi ng\u00e0y di\u1ec5n ra s\u1ef1 ki\u1ec7n.<\/p>","protected":false},"author":59,"featured_media":0,"parent":0,"menu_order":0,"comment_status":"closed","ping_status":"closed","template":"","meta":{"_acf_changed":false,"_genesis_hide_title":false,"_genesis_hide_breadcrumbs":false,"_genesis_hide_singular_image":false,"_genesis_hide_footer_widgets":false,"_genesis_custom_body_class":"","_genesis_custom_post_class":"","_genesis_layout":"","footnotes":""},"class_list":["post-204662","page","type-page","status-publish","entry"],"acf":[],"_links":{"self":[{"href":"https:\/\/www.centralhealth.net\/vi\/wp-json\/wp\/v2\/pages\/204662","targetHints":{"allow":["GET"]}}],"collection":[{"href":"https:\/\/www.centralhealth.net\/vi\/wp-json\/wp\/v2\/pages"}],"about":[{"href":"https:\/\/www.centralhealth.net\/vi\/wp-json\/wp\/v2\/types\/page"}],"author":[{"embeddable":true,"href":"https:\/\/www.centralhealth.net\/vi\/wp-json\/wp\/v2\/users\/59"}],"replies":[{"embeddable":true,"href":"https:\/\/www.centralhealth.net\/vi\/wp-json\/wp\/v2\/comments?post=204662"}],"version-history":[{"count":3,"href":"https:\/\/www.centralhealth.net\/vi\/wp-json\/wp\/v2\/pages\/204662\/revisions"}],"predecessor-version":[{"id":204665,"href":"https:\/\/www.centralhealth.net\/vi\/wp-json\/wp\/v2\/pages\/204662\/revisions\/204665"}],"wp:attachment":[{"href":"https:\/\/www.centralhealth.net\/vi\/wp-json\/wp\/v2\/media?parent=204662"}],"curies":[{"name":"wp","href":"https:\/\/api.w.org\/{rel}","templated":true}]}}