{"id":6573,"date":"2017-04-25T15:10:07","date_gmt":"2017-04-25T20:10:07","guid":{"rendered":"https:\/\/centralhealth.sbdev.io\/?page_id=6573"},"modified":"2020-03-18T13:13:30","modified_gmt":"2020-03-18T18:13:30","slug":"alumni-information","status":"publish","type":"page","link":"https:\/\/www.centralhealth.net\/vi\/get-involved\/community-health-champions\/alumni-information\/","title":{"rendered":"Th\u00f4ng tin c\u1ef1u sinh vi\u00ean"},"content":{"rendered":"<p>Gi\u1ea3i th\u01b0\u1edfng c\u00f4ng nh\u1eadn \u0111\u1eb7c bi\u1ec7t n\u0103m 2018<\/p>\n<p>Ricardo Garay \u2013 S\u1ef1 tham gia c\u1ed9ng \u0111\u1ed3ng xu\u1ea5t s\u1eafc<\/p>\n<p>Joanna Saucedo \u2013 C\u1ed9ng t\u00e1c vi\u00ean s\u00e1ng t\u1ea1o<\/p>\n<p>C\u00e1n b\u1ed9 H\u1ed9i C\u1ef1u sinh vi\u00ean<\/p>\n<p>Joanna Saucedo \u2013 Ch\u1ee7 t\u1ecbch<br \/>\nSarah Prager \u2013 Ch\u1ee7 t\u1ecbch S\u1ef1 ki\u1ec7n v\u00e0 Ch\u01b0\u01a1ng tr\u00ecnh<br \/>\nJen Richardson \u2013 Tr\u01b0\u1edfng ph\u00f2ng Truy\u1ec1n th\u00f4ng \u2013 <span class=\"s1\">Jen r\u1ea5t h\u00e0o h\u1ee9ng khi ti\u1ebfp t\u1ee5c c\u00f3 c\u01a1 h\u1ed9i giao l\u01b0u v\u1edbi c\u00e1c Nh\u00e0 v\u00f4 \u0111\u1ecbch S\u1ee9c kh\u1ecfe C\u1ed9ng \u0111\u1ed3ng (CHC) hi\u1ec7n t\u1ea1i v\u00e0 tr\u01b0\u1edbc \u0111\u00e2y, v\u1edbi vai tr\u00f2 Ch\u1ee7 t\u1ecbch \u1ee6y ban Truy\u1ec1n th\u00f4ng C\u1ef1u sinh vi\u00ean n\u0103m 2019. Hi\u1ec7n t\u1ea1i, c\u00f4 l\u00e0m vi\u1ec7c b\u00e1n th\u1eddi gian cho WW v\u00e0 ch\u0103m s\u00f3c hai c\u00f4 con g\u00e1i nh\u1ecf. Jen c\u0169ng \u0111\u1ed3ng s\u00e1ng l\u1eadp H\u1ed9i Ukulele Austin v\u00e0 r\u1ea5t t\u00e2m huy\u1ebft trong vi\u1ec7c duy tr\u00ec s\u1ef1 s\u1ed1ng \u0111\u1ed9ng v\u00e0 ph\u00e1t tri\u1ec3n c\u1ee7a c\u1ed9ng \u0111\u1ed3ng ukulele Austin. Ni\u1ec1m \u0111am m\u00ea c\u1ee7a c\u00f4 bao g\u1ed3m vi\u1ec7c mang s\u1ee9c kh\u1ecfe t\u1ed1t v\u00e0 ch\u0103m s\u00f3c s\u1ee9c kh\u1ecfe, dinh d\u01b0\u1ee1ng, th\u1ec3 ch\u1ea5t v\u00e0 tinh th\u1ea7n \u0111\u1ebfn v\u1edbi T\u1ea4T C\u1ea2 M\u1eccI NG\u01af\u1edcI, \u0111\u1ed3ng th\u1eddi l\u00e0 m\u1ed9t ng\u01b0\u1eddi h\u1ecdc h\u1ecfi v\u00e0 gi\u00e1o d\u1ee5c su\u1ed1t \u0111\u1eddi. Jen l\u00e0 m\u1ed9t ng\u01b0\u1eddi k\u1ebft n\u1ed1i b\u1ea9m sinh v\u00e0 bi\u1ebft r\u1eb1ng giao ti\u1ebfp l\u00e0 m\u1ed9t trong nh\u1eefng \u0111i\u1ec3m m\u1ea1nh nh\u1ea5t c\u1ee7a m\u00ecnh, v\u00ec v\u1eady c\u00f4 r\u1ea5t vui m\u1eebng \u0111\u01b0\u1ee3c l\u00e0m vi\u1ec7c v\u1edbi c\u00e1c C\u1ef1u sinh vi\u00ean CHC kh\u00e1c \u0111\u1ec3 chia s\u1ebb c\u00e1c ngu\u1ed3n l\u1ef1c ch\u0103m s\u00f3c s\u1ee9c kh\u1ecfe v\u00e0 th\u1ec3 ch\u1ea5t v\u1edbi nh\u1eefng ng\u01b0\u1eddi ch\u01b0a \u0111\u01b0\u1ee3c ph\u1ee5c v\u1ee5 v\u00e0 kh\u00f4ng c\u00f3 b\u1ea3o hi\u1ec3m t\u1ea1i Qu\u1eadn Travis.\u00a0<\/span><\/p>\n<p>Genevee Varela \u2013 Ch\u1ee7 t\u1ecbch ph\u1ee5 tr\u00e1ch H\u1ee3p t\u00e1c v\u00e0 Ti\u1ebfp c\u1eadn<\/p>\n<p>\u1ee6y ban Truy\u1ec1n th\u00f4ng<br \/>\nAnita Knight-<span class=\"s1\">V\u1edbi b\u1eb1ng c\u1eed nh\u00e2n h\u00f3a sinh v\u00e0 kinh nghi\u1ec7m sau \u0111\u1ea1i h\u1ecdc trong c\u1ea3 l\u0129nh v\u1ef1c qu\u1ea3n l\u00fd y t\u1ebf v\u00e0 khoa h\u1ecdc m\u00f4i tr\u01b0\u1eddng, t\u00f4i lu\u00f4n t\u00e2m huy\u1ebft v\u1edbi khoa h\u1ecdc v\u00e0 y h\u1ecdc. Sau khi ngh\u1ec9 h\u01b0u v\u00e0 chuy\u1ec3n \u0111\u1ebfn Austin, t\u00f4i l\u00e0 m\u1ed9t t\u00ecnh nguy\u1ec7n vi\u00ean t\u1eadn t\u1ee5y trong c\u00e1c ho\u1ea1t \u0111\u1ed9ng gi\u00e1o d\u1ee5c m\u00f4i tr\u01b0\u1eddng, v\u1eadn \u0111\u1ed9ng cho quy\u1ec1n ph\u1ee5 n\u1eef, v\u00e0 g\u1ea7n \u0111\u00e2y l\u00e0 ch\u0103m s\u00f3c s\u1ee9c kh\u1ecfe.<\/span><\/p>\n<p>Lea Isgur\u2013 <span class=\"s1\">Lea Isgur l\u00e0 ng\u01b0\u1eddi g\u1ed1c Houston, nh\u01b0ng \u0111\u00e3 s\u1ed1ng t\u1ea1i th\u00e0nh ph\u1ed1 Austin, qu\u00ea h\u01b0\u01a1ng th\u1ee9 hai c\u1ee7a b\u00e0, h\u01a1n 30 n\u0103m. Hi\u1ec7n t\u1ea1i, b\u00e0 \u0111\u00e3 ngh\u1ec9 h\u01b0u, nh\u01b0ng d\u00e0nh ph\u1ea7n l\u1edbn s\u1ef1 nghi\u1ec7p c\u1ee7a m\u00ecnh cho vi\u1ec7c ph\u00e2n t\u00edch ng\u00e2n s\u00e1ch v\u00e0 th\u1ed1ng k\u00ea ch\u00ednh s\u00e1ch c\u00f4ng, ch\u1ee7 y\u1ebfu trong l\u0129nh v\u1ef1c y t\u1ebf v\u00e0 d\u1ecbch v\u1ee5 nh\u00e2n sinh, v\u00e0 lao \u0111\u1ed9ng. B\u00e0 \u0111\u00e3 k\u1ebft h\u00f4n, c\u00f3 nhi\u1ec1u m\u00e8o (kh\u00f4ng c\u00f3 con), v\u00e0 th\u00edch l\u00e0m v\u01b0\u1eddn, \u0111\u1ea1p xe v\u00e0 l\u00e0m t\u00ecnh nguy\u1ec7n cho m\u1ed9t s\u1ed1 t\u1ed5 ch\u1ee9c phi l\u1ee3i nhu\u1eadn \u1edf Austin.<\/span><\/p>\n<p>Sarita Null \u2013 T\u00f4i d\u00e0nh th\u1eddi gian l\u00e0m c\u1ed1 v\u1ea5n t\u00e0i ch\u00ednh, chu\u1ea9n b\u1ecb cho nh\u00e2n vi\u00ean khu v\u1ef1c c\u00f4ng ngh\u1ec9 h\u01b0u. T\u00f4i v\u1eabn t\u00e2m huy\u1ebft v\u1edbi c\u00e1c s\u00e1ng ki\u1ebfn v\u1ec1 s\u1ee9c kh\u1ecfe v\u00e0 th\u1ec3 ch\u1ea5t c\u1ed9ng \u0111\u1ed3ng, v\u1edbi kinh nghi\u1ec7m chuy\u00ean s\u00e2u trong t\u01b0 v\u1ea5n s\u1ee9c kh\u1ecfe t\u00e2m th\u1ea7n, ch\u0103m s\u00f3c gi\u1ea3m nh\u1eb9, qu\u1ea3n l\u00fd c\u0103ng th\u1eb3ng do s\u1ef1 c\u1ed1 nghi\u00eam tr\u1ecdng v\u00e0 v\u1eadn \u0111\u1ed9ng cho nh\u1eefng ng\u01b0\u1eddi b\u1ecb t\u01b0\u1edbc quy\u1ec1n v\u00e0 nh\u1eefng ng\u01b0\u1eddi ch\u01b0a \u0111\u01b0\u1ee3c ph\u1ee5c v\u1ee5 \u0111\u1ea7y \u0111\u1ee7.<\/p>\n<p>Beth Reese<\/p>\n<p>\u1ee6y ban S\u1ef1 ki\u1ec7n v\u00e0 Ch\u01b0\u01a1ng tr\u00ecnh<\/p>\n<p>Mary Carmen Aviles \u2013<\/p>\n<p class=\"p1\"><span class=\"s1\">Mary Carmen l\u00e0 Chuy\u00ean vi\u00ean Ph\u00e2n t\u00edch Ph\u00e1t tri\u1ec3n Gi\u1ea3i ph\u00e1p t\u1ea1i Ascension Information Services. C\u00f4 t\u00e2m huy\u1ebft v\u1edbi vi\u1ec7c t\u00ecm ki\u1ebfm c\u00e1c ph\u01b0\u01a1ng ph\u00e1p t\u1ed1i \u01b0u h\u00f3a ch\u1ea5t l\u01b0\u1ee3ng ch\u0103m s\u00f3c s\u1ee9c kh\u1ecfe v\u00e0 kh\u1ea3 n\u0103ng ti\u1ebfp c\u1eadn d\u1ecbch v\u1ee5 ch\u0103m s\u00f3c s\u1ee9c kh\u1ecfe th\u00f4ng qua c\u00f4ng ngh\u1ec7 v\u00e0 d\u1eef li\u1ec7u, \u0111\u1ed3ng th\u1eddi r\u1ea5t mong mu\u1ed1n \u0111\u01b0\u1ee3c h\u1ee3p t\u00e1c v\u1edbi nh\u1eefng ng\u01b0\u1eddi kh\u00e1c v\u00e0 h\u1ecdc h\u1ecfi l\u1eabn nhau v\u1ec1 c\u00e1ch t\u1ea1o ra s\u1ef1 kh\u00e1c bi\u1ec7t t\u1ed1t nh\u1ea5t cho c\u1ed9ng \u0111\u1ed3ng.<\/span><\/p>\n<p>Marian Trattner \u2013 Marian Trattner l\u00e0 Chuy\u00ean gia Can thi\u1ec7p Ng\u01b0\u1eddi ngo\u00e0i cu\u1ed9c c\u1ee7a \u0110\u1ea1i h\u1ecdc Texas t\u1ea1i Austin. Ni\u1ec1m \u0111am m\u00ea c\u1ee7a c\u00f4 bao g\u1ed3m du l\u1ecbch, ngh\u1ec9 xu\u00e2n c\u00f9ng gia \u0111\u00ecnh v\u00e0 b\u1ea1n b\u00e8, ho\u1ea1t \u0111\u1ed9ng t\u1eeb thi\u1ec7n v\u00e0 ch\u1ea1y b\u1ed9. C\u00f4 r\u1ea5t h\u00e0o h\u1ee9ng v\u1edbi ch\u01b0\u01a1ng tr\u00ecnh n\u00e0y \u0111\u1ec3 g\u1eb7p g\u1ee1 nh\u1eefng ng\u01b0\u1eddi ti\u00ean phong trong l\u0129nh v\u1ef1c s\u1ee9c kh\u1ecfe c\u1ed9ng \u0111\u1ed3ng kh\u00e1c v\u00e0 \u0111\u00f3ng g\u00f3p nhi\u1ec1u h\u01a1n cho c\u00e1c cu\u1ed9c th\u1ea3o lu\u1eadn c\u1ed9ng \u0111\u1ed3ng v\u1ec1 s\u1ee9c kh\u1ecfe v\u00e0 h\u1ea1nh ph\u00fac.<\/p>\n<p>Elizabeth Miller \u2013 T\u00f4i t\u00e2m huy\u1ebft v\u1edbi vi\u1ec7c gi\u00fap \u0111\u1ee1 tr\u1ebb em v\u00e0 c\u00e1c gia \u0111\u00ecnh \u0111\u1ea1t \u0111\u01b0\u1ee3c m\u1ee5c ti\u00eau s\u1ee9c kh\u1ecfe c\u00e1 nh\u00e2n. \u1ede v\u1ecb tr\u00ed hi\u1ec7n t\u1ea1i, t\u00f4i kh\u00f4ng ch\u1ec9 ti\u1ebfn g\u1ea7n h\u01a1n \u0111\u1ebfn m\u1ee5c ti\u00eau n\u00e0y m\u1ed7i ng\u00e0y m\u00e0 c\u00f2n \u0111\u00e1nh gi\u00e1 c\u00e1c ch\u01b0\u01a1ng tr\u00ecnh \u0111\u01b0\u1ee3c s\u1eed d\u1ee5ng \u0111\u1ec3 gi\u00fap c\u1ed9ng \u0111\u1ed3ng \u0111\u1ea1t \u0111\u01b0\u1ee3c nh\u1eefng m\u1ee5c ti\u00eau n\u00e0y v\u00e0 cung c\u1ea5p b\u1eb1ng ch\u1ee9ng v\u1ec1 s\u1ef1 c\u1ea3i thi\u1ec7n \u0111\u00e1ng k\u1ec3 v\u1ec1 m\u1eb7t th\u1ed1ng k\u00ea trong c\u00e1c c\u1ed9ng \u0111\u1ed3ng c\u00f2n nhi\u1ec1u kh\u00f3 kh\u0103n. T\u00f4i r\u1ea5t h\u00e0o h\u1ee9ng khi \u0111\u01b0\u1ee3c m\u1eddi tham gia v\u00e0o m\u1ed9t nh\u00f3m c\u00f3 chung s\u1edf th\u00edch v\u00e0 m\u1ee5c ti\u00eau, c\u00f9ng nhau h\u1ecdc h\u1ecfi l\u1eabn nhau th\u00f4ng qua ch\u01b0\u01a1ng tr\u00ecnh n\u00e0y.<\/p>\n<p>Tonna Marcyes \u2013 T\u00f4i l\u00e0 ng\u01b0\u1eddi Austin b\u1ea3n \u0111\u1ecba v\u00e0 \u0111\u00e3 ngh\u1ec9 h\u01b0u sau m\u1ed9t s\u1ef1 nghi\u1ec7p th\u00e0nh c\u00f4ng t\u1ea1i Texas. T\u00f4i c\u00f3 ki\u1ebfn th\u1ee9c v\u00e0 k\u1ef9 n\u0103ng s\u00e2u r\u1ed9ng v\u1ec1 h\u1ec7 th\u1ed1ng y t\u1ebf an sinh x\u00e3 h\u1ed9i, \u0111i\u1ec1u n\u00e0y cho ph\u00e9p t\u00f4i c\u00f3 c\u01a1 h\u1ed9i h\u1ed7 tr\u1ee3 cung c\u1ea5p d\u1ecbch v\u1ee5 ch\u0103m s\u00f3c s\u1ee9c kh\u1ecfe cho nhi\u1ec1u nh\u00f3m d\u00e2n c\u01b0 kh\u00e1c nhau t\u1ea1i Texas.<\/p>\n<p>Kelsey Mumford<\/p>\n<p>\u1ee6y ban Tham gia v\u00e0 Ti\u1ebfp c\u1eadn<\/p>\n<p>Angelia Carey \u2013 T\u00f4i l\u00e0 m\u1ed9t \u0111\u1ea7u b\u1ebfp ki\u00eam chuy\u00ean gia dinh d\u01b0\u1ee1ng v\u00e0 r\u1ea5t mong mu\u1ed1n \u0111\u01b0\u1ee3c chia s\u1ebb nh\u1eefng ki\u1ebfn th\u1ee9c m\u00ecnh h\u1ecdc \u0111\u01b0\u1ee3c trong ch\u01b0\u01a1ng tr\u00ecnh v\u1edbi c\u00e1c kh\u00e1ch h\u00e0ng hi\u1ec7n t\u1ea1i v\u00e0 c\u1ed9ng \u0111\u1ed3ng n\u00f3i chung. T\u00f4i ngh\u0129 r\u1eb1ng \u1ea9m th\u1ef1c v\u00e0 n\u1ea5u \u0103n l\u00e0 nh\u1eefng n\u1ec1n t\u1ea3ng quan tr\u1ecdng nh\u1ea5t cho m\u1ed9t l\u1ed1i s\u1ed1ng l\u00e0nh m\u1ea1nh.<\/p>\n<p>Jose Diaz \u2013 T\u00f4i l\u00e0m vi\u1ec7c cho Project Access Austin\/H\u1ed9i Y khoa Qu\u1eadn Travis v\u00e0 ch\u00fang t\u00f4i cung c\u1ea5p d\u1ecbch v\u1ee5 y t\u1ebf cho c\u01b0 d\u00e2n thu nh\u1eadp th\u1ea5p kh\u00f4ng c\u00f3 b\u1ea3o hi\u1ec3m y t\u1ebf t\u1ea1i Qu\u1eadn Travis. T\u00f4i th\u00edch \u0111i du l\u1ecbch v\u00e0 kh\u00e1m ph\u00e1 nh\u1eefng \u0111\u1ecba \u0111i\u1ec3m, qu\u1ed1c gia v\u00e0 con ng\u01b0\u1eddi m\u1edbi. T\u00f4i th\u00edch xem v\u00e0 ch\u01a1i t\u1ea5t c\u1ea3 c\u00e1c m\u00f4n th\u1ec3 thao. Tr\u00ean h\u1ebft, t\u00f4i c\u00f3 ni\u1ec1m \u0111am m\u00ea gi\u00fap \u0111\u1ee1 m\u1ecdi ng\u01b0\u1eddi b\u1eb1ng m\u1ecdi c\u00e1ch c\u00f3 th\u1ec3. T\u00f4i r\u1ea5t h\u00e0o h\u1ee9ng v\u1edbi ch\u01b0\u01a1ng tr\u00ecnh n\u00e0y v\u00ec c\u01a1 h\u1ed9i \u0111\u01b0\u1ee3c g\u1eb7p g\u1ee1 nh\u1eefng ng\u01b0\u1eddi c\u00f9ng ch\u00ed h\u01b0\u1edbng v\u00e0 c\u01a1 h\u1ed9i x\u00e2y d\u1ef1ng c\u00e1c m\u1ed1i quan h\u1ec7 m\u1edbi c\u0169ng nh\u01b0 gi\u00fap \u0111\u1ee1 l\u1eabn nhau.<\/p>\n<p>Ricardo Garay<br \/>\nRodrigo Leal \u2013\u00a0<span class=\"s1\">Rodrigo Leal l\u00e0 C\u1ed1 v\u1ea5n C\u1ea5p cao t\u1ea1i Navigant Energy Practice, n\u01a1i \u00f4ng h\u1ed7 tr\u1ee3 c\u00e1c th\u00e0nh ph\u1ed1, c\u00f4ng ty v\u00e0 t\u1ed5 ch\u1ee9c l\u1edbn gi\u1ea3i quy\u1ebft c\u00e1c v\u1ea5n \u0111\u1ec1 v\u1ec1 bi\u1ebfn \u0111\u1ed5i kh\u00ed h\u1eadu, s\u1ee9c kh\u1ecfe c\u1ed9ng \u0111\u1ed3ng, ph\u00e1t tri\u1ec3n nhanh ch\u00f3ng v\u00e0 c\u00f4ng b\u1eb1ng x\u00e3 h\u1ed9i. Rodrigo c\u0169ng tham gia v\u00e0o c\u00e1c n\u1ed7 l\u1ef1c c\u1ed9ng \u0111\u1ed3ng \u0111\u1ecba ph\u01b0\u01a1ng nh\u1eb1m n\u00e2ng cao s\u1ef1 tham gia v\u00e0 nh\u1eadn th\u1ee9c v\u1ec1 c\u00e1c v\u1ea5n \u0111\u1ec1 m\u00e0 c\u1ed9ng \u0111\u1ed3ng ng\u01b0\u1eddi da m\u00e0u c\u00f3 thu nh\u1eadp th\u1ea5p \u0111ang ph\u1ea3i \u0111\u1ed1i m\u1eb7t, bao g\u1ed3m b\u1ea5t b\u00ecnh \u0111\u1eb3ng v\u1ec1 s\u1ee9c kh\u1ecfe, kh\u1ea3 n\u0103ng ti\u1ebfp c\u1eadn c\u00f4ng vi\u00ean v\u00e0 kh\u00f4ng gian m\u1edf, gi\u1ea3m thi\u1ec3u l\u0169 l\u1ee5t v\u00e0 di d\u1eddi d\u00e2n. \u00d4ng mong mu\u1ed1n t\u00ecm hi\u1ec3u s\u00e2u h\u01a1n v\u1ec1 nh\u1eefng th\u00e1ch th\u1ee9c s\u1ee9c kh\u1ecfe m\u00e0 c\u1ed9ng \u0111\u1ed3ng Austin \u0111ang ph\u1ea3i \u0111\u1ed1i m\u1eb7t v\u00e0 r\u1ea5t h\u00e0o h\u1ee9ng \u0111\u01b0\u1ee3c tr\u1edf th\u00e0nh m\u1ed9t ph\u1ea7n c\u1ee7a Gia \u0111\u00ecnh C\u1ef1u sinh vi\u00ean Community Health Champions.<\/span><\/p>\n<p>Stephanie Trevino \u2013 T\u00f4i sinh ra v\u00e0 l\u1edbn l\u00ean t\u1ea1i Austin! T\u00f4i t\u1ed1t nghi\u1ec7p \u0110\u1ea1i h\u1ecdc Texas Christian v\u1edbi b\u1eb1ng C\u1eed nh\u00e2n Khoa h\u1ecdc chuy\u00ean ng\u00e0nh S\u1ee9c kh\u1ecfe &amp; Th\u1ec3 h\u00ecnh. T\u00f4i l\u00e0 k\u1ef9 thu\u1eadt vi\u00ean an to\u00e0n h\u00e0nh kh\u00e1ch tr\u1ebb em \u0111\u01b0\u1ee3c ch\u1ee9ng nh\u1eadn v\u00e0 nh\u00e2n vi\u00ean y t\u1ebf c\u1ed9ng \u0111\u1ed3ng. Hi\u1ec7n t\u00f4i l\u00e0 th\u00e0nh vi\u00ean h\u1ed9i \u0111\u1ed3ng qu\u1ea3n tr\u1ecb c\u1ee7a Safe Kids Austin v\u00e0 l\u00e0m vi\u1ec7c t\u1ea1i Austin Public Health thu\u1ed9c \u0110\u01a1n v\u1ecb C\u00f4ng b\u1eb1ng Y t\u1ebf v\u00e0 Tham gia C\u1ed9ng \u0111\u1ed3ng. M\u1ee5c ti\u00eau c\u1ee7a t\u00f4i khi tham gia ch\u01b0\u01a1ng tr\u00ecnh Nh\u00e0 v\u00f4 \u0111\u1ecbch s\u1ee9c kh\u1ecfe c\u1ed9ng \u0111\u1ed3ng l\u00e0 h\u1ecdc c\u00e1ch ph\u1ee5c v\u1ee5 c\u1ed9ng \u0111\u1ed3ng t\u1ed1t h\u01a1n, \u0111\u1eb7c bi\u1ec7t l\u00e0 nh\u1eefng nh\u00f3m d\u00e2n s\u1ed1 d\u1ec5 b\u1ecb t\u1ed5n th\u01b0\u01a1ng nh\u1ea5t t\u1ea1i Qu\u1eadn Travis.<\/p>","protected":false},"excerpt":{"rendered":"<p>2018 Special Recognition Awards Ricardo Garay &#8211; Outstanding Civic Participation Joanna Saucedo &#8211; Creative Collaborator Alumni Association Officers Joanna Saucedo &#8211; President Sarah Prager &#8211; Events and Programs Chair Jen [&hellip;]<\/p>\n","protected":false},"author":8,"featured_media":0,"parent":6260,"menu_order":14,"comment_status":"closed","ping_status":"closed","template":"","meta":{"_acf_changed":false,"_genesis_hide_title":false,"_genesis_hide_breadcrumbs":false,"_genesis_hide_singular_image":false,"_genesis_hide_footer_widgets":false,"_genesis_custom_body_class":"","_genesis_custom_post_class":"","_genesis_layout":"","footnotes":""},"class_list":["post-6573","page","type-page","status-publish","entry","has-post-thumbnail"],"acf":[],"_links":{"self":[{"href":"https:\/\/www.centralhealth.net\/vi\/wp-json\/wp\/v2\/pages\/6573","targetHints":{"allow":["GET"]}}],"collection":[{"href":"https:\/\/www.centralhealth.net\/vi\/wp-json\/wp\/v2\/pages"}],"about":[{"href":"https:\/\/www.centralhealth.net\/vi\/wp-json\/wp\/v2\/types\/page"}],"author":[{"embeddable":true,"href":"https:\/\/www.centralhealth.net\/vi\/wp-json\/wp\/v2\/users\/8"}],"replies":[{"embeddable":true,"href":"https:\/\/www.centralhealth.net\/vi\/wp-json\/wp\/v2\/comments?post=6573"}],"version-history":[{"count":0,"href":"https:\/\/www.centralhealth.net\/vi\/wp-json\/wp\/v2\/pages\/6573\/revisions"}],"up":[{"embeddable":true,"href":"https:\/\/www.centralhealth.net\/vi\/wp-json\/wp\/v2\/pages\/6260"}],"wp:attachment":[{"href":"https:\/\/www.centralhealth.net\/vi\/wp-json\/wp\/v2\/media?parent=6573"}],"curies":[{"name":"wp","href":"https:\/\/api.w.org\/{rel}","templated":true}]}}